{"id":1734,"date":"2022-08-02T11:13:47","date_gmt":"2022-08-02T11:13:47","guid":{"rendered":"http:\/\/jkjpwtk.cluster026.hosting.ovh.net\/product\/1725\/"},"modified":"2022-08-02T11:13:47","modified_gmt":"2022-08-02T11:13:47","slug":"1725","status":"publish","type":"product","link":"http:\/\/recover.lajunglebijoux.com\/es\/producto\/1725\/","title":{"rendered":"LE YIN &#8211; bracelet or"},"content":{"rendered":"","protected":false},"excerpt":{"rendered":"<p>Or fin 24 carats sur base laiton.<\/p>\n<p>Taille r\u00e9glable.<\/p>\n<p>Encore une fois il y a toute une symbolique autour de la lune que j&#8217;ai voulu insufler \u00e0 ce bijou.<\/p>\n<p>La Lune repr\u00e9sente la femme et l&#8217;energie f\u00e9minine par excellence. De par son cycle de phases (ici repr\u00e9sent\u00e9 dans ce bracelet) elle est synonyme de changement et de renaissance de capacit\u00e9 d&#8217;adaptation et de fluidit\u00e9 face \u00e0 ce changement.<\/p>\n<p>Elle est l&#8217;\u00e9nergie YIN quand le soleil est energie Yang, une \u00e9nergie int\u00e9rieur, plus calme, plus discr\u00e8te. Eveiller son energie f\u00e9minine, son energie Yin, en soit, son energie lunaire, c&#8217;est laisser parler son coeur, d\u00e9velopper son intuition et enfin savoir \u00e9couter ses propres besoin.<\/p>\n<p>Comme pour tous les bijoux de cette collection je souhaitais vous expliquer ma demarche cr\u00e9ative mais biens\u00fbr ne prenez que ce qui vous parle et si c&#8217;est uniquement le design du bijou, c&#8217;est \u00e9galement parfait comme cela.<\/p>\n","protected":false},"featured_media":0,"comment_status":"open","ping_status":"closed","template":"","meta":{"_acf_changed":false},"product_cat":[16],"product_tag":[],"class_list":{"0":"post-1734","1":"product","2":"type-product","3":"status-publish","5":"product_cat-uncategorized","7":"first","8":"instock","9":"shipping-taxable","10":"product-type-simple"},"acf":[],"yoast_head":"<!-- This site is optimized with the Yoast SEO plugin v23.3 - https:\/\/yoast.com\/wordpress\/plugins\/seo\/ -->\n<title>LE YIN - bracelet or - La Jungle Bijoux<\/title>\n<meta name=\"robots\" content=\"index, follow, max-snippet:-1, max-image-preview:large, max-video-preview:-1\" \/>\n<link rel=\"canonical\" href=\"http:\/\/recover.lajunglebijoux.com\/es\/producto\/1725\/\" \/>\n<meta property=\"og:locale\" content=\"es_ES\" \/>\n<meta property=\"og:type\" content=\"article\" \/>\n<meta property=\"og:title\" content=\"LE YIN - bracelet or - La Jungle Bijoux\" \/>\n<meta property=\"og:description\" content=\"Or fin 24 carats sur base laiton.  Taille r\u00e9glable.  Encore une fois il y a toute une symbolique autour de la lune que j&#039;ai voulu insufler \u00e0 ce bijou.  La Lune repr\u00e9sente la femme et l&#039;energie f\u00e9minine par excellence. De par son cycle de phases (ici repr\u00e9sent\u00e9 dans ce bracelet) elle est synonyme de changement et de renaissance de capacit\u00e9 d&#039;adaptation et de fluidit\u00e9 face \u00e0 ce changement.  Elle est l&#039;\u00e9nergie YIN quand le soleil est energie Yang, une \u00e9nergie int\u00e9rieur, plus calme, plus discr\u00e8te. Eveiller son energie f\u00e9minine, son energie Yin, en soit, son energie lunaire, c&#039;est laisser parler son coeur, d\u00e9velopper son intuition et enfin savoir \u00e9couter ses propres besoin.  Comme pour tous les bijoux de cette collection je souhaitais vous expliquer ma demarche cr\u00e9ative mais biens\u00fbr ne prenez que ce qui vous parle et si c&#039;est uniquement le design du bijou, c&#039;est \u00e9galement parfait comme cela.\" \/>\n<meta property=\"og:url\" content=\"http:\/\/recover.lajunglebijoux.com\/es\/producto\/1725\/\" \/>\n<meta property=\"og:site_name\" content=\"La Jungle Bijoux\" \/>\n<meta name=\"twitter:card\" content=\"summary_large_image\" \/>\n<script type=\"application\/ld+json\" class=\"yoast-schema-graph\">{\"@context\":\"https:\/\/schema.org\",\"@graph\":[{\"@type\":\"WebPage\",\"@id\":\"http:\/\/recover.lajunglebijoux.com\/es\/producto\/1725\/\",\"url\":\"http:\/\/recover.lajunglebijoux.com\/es\/producto\/1725\/\",\"name\":\"LE YIN - bracelet or - La Jungle Bijoux\",\"isPartOf\":{\"@id\":\"https:\/\/recover.lajunglebijoux.com\/es\/#website\"},\"datePublished\":\"2022-08-02T11:13:47+00:00\",\"dateModified\":\"2022-08-02T11:13:47+00:00\",\"breadcrumb\":{\"@id\":\"http:\/\/recover.lajunglebijoux.com\/es\/producto\/1725\/#breadcrumb\"},\"inLanguage\":\"es\",\"potentialAction\":[{\"@type\":\"ReadAction\",\"target\":[\"http:\/\/recover.lajunglebijoux.com\/es\/producto\/1725\/\"]}]},{\"@type\":\"BreadcrumbList\",\"@id\":\"http:\/\/recover.lajunglebijoux.com\/es\/producto\/1725\/#breadcrumb\",\"itemListElement\":[{\"@type\":\"ListItem\",\"position\":1,\"name\":\"Portada\",\"item\":\"http:\/\/recover.lajunglebijoux.com\/es\/\"},{\"@type\":\"ListItem\",\"position\":2,\"name\":\"Tienda\",\"item\":\"http:\/\/recover.lajunglebijoux.com\/es\/tienda\/\"},{\"@type\":\"ListItem\",\"position\":3,\"name\":\"LE YIN &#8211; bracelet or\"}]},{\"@type\":\"WebSite\",\"@id\":\"https:\/\/recover.lajunglebijoux.com\/es\/#website\",\"url\":\"https:\/\/recover.lajunglebijoux.com\/es\/\",\"name\":\"La Jungle Bijoux\",\"description\":\"\",\"publisher\":{\"@id\":\"https:\/\/recover.lajunglebijoux.com\/es\/#organization\"},\"potentialAction\":[{\"@type\":\"SearchAction\",\"target\":{\"@type\":\"EntryPoint\",\"urlTemplate\":\"https:\/\/recover.lajunglebijoux.com\/es\/?s={search_term_string}\"},\"query-input\":\"required name=search_term_string\"}],\"inLanguage\":\"es\"},{\"@type\":\"Organization\",\"@id\":\"https:\/\/recover.lajunglebijoux.com\/es\/#organization\",\"name\":\"La Jungle Bijoux\",\"url\":\"https:\/\/recover.lajunglebijoux.com\/es\/\",\"logo\":{\"@type\":\"ImageObject\",\"inLanguage\":\"es\",\"@id\":\"https:\/\/recover.lajunglebijoux.com\/es\/#\/schema\/logo\/image\/\",\"url\":\"http:\/\/recover.lajunglebijoux.com\/wp-content\/uploads\/2023\/01\/LOGO-FINAL-Fonce.jpg\",\"contentUrl\":\"http:\/\/recover.lajunglebijoux.com\/wp-content\/uploads\/2023\/01\/LOGO-FINAL-Fonce.jpg\",\"width\":900,\"height\":900,\"caption\":\"La Jungle Bijoux\"},\"image\":{\"@id\":\"https:\/\/recover.lajunglebijoux.com\/es\/#\/schema\/logo\/image\/\"}}]}<\/script>\n<!-- \/ Yoast SEO plugin. -->","yoast_head_json":{"title":"LE YIN - bracelet or - La Jungle Bijoux","robots":{"index":"index","follow":"follow","max-snippet":"max-snippet:-1","max-image-preview":"max-image-preview:large","max-video-preview":"max-video-preview:-1"},"canonical":"http:\/\/recover.lajunglebijoux.com\/es\/producto\/1725\/","og_locale":"es_ES","og_type":"article","og_title":"LE YIN - bracelet or - La Jungle Bijoux","og_description":"Or fin 24 carats sur base laiton.  Taille r\u00e9glable.  Encore une fois il y a toute une symbolique autour de la lune que j'ai voulu insufler \u00e0 ce bijou.  La Lune repr\u00e9sente la femme et l'energie f\u00e9minine par excellence. De par son cycle de phases (ici repr\u00e9sent\u00e9 dans ce bracelet) elle est synonyme de changement et de renaissance de capacit\u00e9 d'adaptation et de fluidit\u00e9 face \u00e0 ce changement.  Elle est l'\u00e9nergie YIN quand le soleil est energie Yang, une \u00e9nergie int\u00e9rieur, plus calme, plus discr\u00e8te. Eveiller son energie f\u00e9minine, son energie Yin, en soit, son energie lunaire, c'est laisser parler son coeur, d\u00e9velopper son intuition et enfin savoir \u00e9couter ses propres besoin.  Comme pour tous les bijoux de cette collection je souhaitais vous expliquer ma demarche cr\u00e9ative mais biens\u00fbr ne prenez que ce qui vous parle et si c'est uniquement le design du bijou, c'est \u00e9galement parfait comme cela.","og_url":"http:\/\/recover.lajunglebijoux.com\/es\/producto\/1725\/","og_site_name":"La Jungle Bijoux","twitter_card":"summary_large_image","schema":{"@context":"https:\/\/schema.org","@graph":[{"@type":"WebPage","@id":"http:\/\/recover.lajunglebijoux.com\/es\/producto\/1725\/","url":"http:\/\/recover.lajunglebijoux.com\/es\/producto\/1725\/","name":"LE YIN - bracelet or - La Jungle Bijoux","isPartOf":{"@id":"https:\/\/recover.lajunglebijoux.com\/es\/#website"},"datePublished":"2022-08-02T11:13:47+00:00","dateModified":"2022-08-02T11:13:47+00:00","breadcrumb":{"@id":"http:\/\/recover.lajunglebijoux.com\/es\/producto\/1725\/#breadcrumb"},"inLanguage":"es","potentialAction":[{"@type":"ReadAction","target":["http:\/\/recover.lajunglebijoux.com\/es\/producto\/1725\/"]}]},{"@type":"BreadcrumbList","@id":"http:\/\/recover.lajunglebijoux.com\/es\/producto\/1725\/#breadcrumb","itemListElement":[{"@type":"ListItem","position":1,"name":"Portada","item":"http:\/\/recover.lajunglebijoux.com\/es\/"},{"@type":"ListItem","position":2,"name":"Tienda","item":"http:\/\/recover.lajunglebijoux.com\/es\/tienda\/"},{"@type":"ListItem","position":3,"name":"LE YIN &#8211; bracelet or"}]},{"@type":"WebSite","@id":"https:\/\/recover.lajunglebijoux.com\/es\/#website","url":"https:\/\/recover.lajunglebijoux.com\/es\/","name":"La Jungle Bijoux","description":"","publisher":{"@id":"https:\/\/recover.lajunglebijoux.com\/es\/#organization"},"potentialAction":[{"@type":"SearchAction","target":{"@type":"EntryPoint","urlTemplate":"https:\/\/recover.lajunglebijoux.com\/es\/?s={search_term_string}"},"query-input":"required name=search_term_string"}],"inLanguage":"es"},{"@type":"Organization","@id":"https:\/\/recover.lajunglebijoux.com\/es\/#organization","name":"La Jungle Bijoux","url":"https:\/\/recover.lajunglebijoux.com\/es\/","logo":{"@type":"ImageObject","inLanguage":"es","@id":"https:\/\/recover.lajunglebijoux.com\/es\/#\/schema\/logo\/image\/","url":"http:\/\/recover.lajunglebijoux.com\/wp-content\/uploads\/2023\/01\/LOGO-FINAL-Fonce.jpg","contentUrl":"http:\/\/recover.lajunglebijoux.com\/wp-content\/uploads\/2023\/01\/LOGO-FINAL-Fonce.jpg","width":900,"height":900,"caption":"La Jungle Bijoux"},"image":{"@id":"https:\/\/recover.lajunglebijoux.com\/es\/#\/schema\/logo\/image\/"}}]}},"_links":{"self":[{"href":"http:\/\/recover.lajunglebijoux.com\/es\/wp-json\/wp\/v2\/product\/1734","targetHints":{"allow":["GET"]}}],"collection":[{"href":"http:\/\/recover.lajunglebijoux.com\/es\/wp-json\/wp\/v2\/product"}],"about":[{"href":"http:\/\/recover.lajunglebijoux.com\/es\/wp-json\/wp\/v2\/types\/product"}],"replies":[{"embeddable":true,"href":"http:\/\/recover.lajunglebijoux.com\/es\/wp-json\/wp\/v2\/comments?post=1734"}],"wp:attachment":[{"href":"http:\/\/recover.lajunglebijoux.com\/es\/wp-json\/wp\/v2\/media?parent=1734"}],"wp:term":[{"taxonomy":"product_cat","embeddable":true,"href":"http:\/\/recover.lajunglebijoux.com\/es\/wp-json\/wp\/v2\/product_cat?post=1734"},{"taxonomy":"product_tag","embeddable":true,"href":"http:\/\/recover.lajunglebijoux.com\/es\/wp-json\/wp\/v2\/product_tag?post=1734"}],"curies":[{"name":"wp","href":"https:\/\/api.w.org\/{rel}","templated":true}]}}