{"id":1722,"date":"2022-08-02T10:59:54","date_gmt":"2022-08-02T08:59:54","guid":{"rendered":"http:\/\/jkjpwtk.cluster026.hosting.ovh.net\/product\/boucles-doreilles-serpents-2\/"},"modified":"2022-08-02T11:06:01","modified_gmt":"2022-08-02T11:06:01","slug":"pendientes-serpientes-2","status":"publish","type":"product","link":"http:\/\/recover.lajunglebijoux.com\/es\/producto\/pendientes-serpientes-2\/","title":{"rendered":"SAGRADO FEMENINO &#8211; pendientes oro"},"content":{"rendered":"","protected":false},"excerpt":{"rendered":"<p>Oro de 18 quilates sobre una base de lat\u00f3n.<\/p>\n<p>Pendientes de serpiente con piedras de circ\u00f3n para aportar brillo y luz.<\/p>\n<p>Muy ligeros de llevar.<\/p>\n<p>Hay mucho que decir sobre la serpiente, as\u00ed que me limitar\u00e9 a mencionar lo que realmente me reson\u00f3 e influy\u00f3 en mis dise\u00f1os.<\/p>\n<p>La serpiente es el s\u00edmbolo de la energ\u00eda Kundalini, una energ\u00eda como una serpiente enroscada en el nacimiento de nuestra columna vertebral, el chakra ra\u00edz.<\/p>\n<p>Es una energ\u00eda femenina creativa muy poderosa y expansiva, ya que sube a la parte superior de la cabeza, desenroll\u00e1ndose como una serpiente y pasando por todos los centros energ\u00e9ticos de nuestro cuerpo, los chakras. Al despertarla, la kundalini nos permite revelar nuestra poderosa diosa interior femenina y creativa. Como una reina, retomando el control de su reino, pero con gracia. Es una energ\u00eda creativa pero tambi\u00e9n sanadora, te hace sentir m\u00e1s vivo, m\u00e1s conectado, m\u00e1s consciente pero antes vendr\u00e1 a sanar el sufrimiento f\u00edsico y emocional que te atraviesa.<\/p>\n<p>Tambi\u00e9n es el s\u00edmbolo de la diosa griega Pers\u00e9fone que, como la serpiente, es una gu\u00eda. Ella muestra el camino a la muerte pero tambi\u00e9n a la reconexi\u00f3n con nuestro sagrado femenino porque lleva el camino de todas las mujeres (la ni\u00f1a, la madre, la esposa, la tejedora creativa, la reina, la antigua&#8230;) Despertando esta energ\u00eda kundalini y por tanto esta parte del sagrado femenino que duerme en nosotras, m\u00e1s concretamente dej\u00e1ndonos guiar hacia lo que realmente somos, podremos entonces brillar con mil fuegos, alcanzar nuestro poder creativo, nuestra alegr\u00eda profunda y nuestra invencibilidad.<\/p>\n<p>Como con todas las joyas de esta colecci\u00f3n he querido explicar mi proceso creativo, pero por supuesto s\u00f3lo coge lo que te habla y si es s\u00f3lo el dise\u00f1o de la joya, tambi\u00e9n est\u00e1 bien.<\/p>\n","protected":false},"featured_media":1712,"comment_status":"open","ping_status":"closed","template":"","meta":{"_acf_changed":false},"product_cat":[68],"product_tag":[],"class_list":{"0":"post-1722","1":"product","2":"type-product","3":"status-publish","4":"has-post-thumbnail","6":"product_cat-you-are-magic-es","7":"pa_modele-pendientes","8":"pa_theme-joyas-bienestar","10":"first","11":"outofstock","12":"sale","13":"shipping-taxable","14":"purchasable","15":"product-type-simple"},"acf":[],"yoast_head":"<!-- This site is optimized with the Yoast SEO plugin v23.3 - https:\/\/yoast.com\/wordpress\/plugins\/seo\/ -->\n<title>SAGRADO FEMENINO - pendientes oro - La Jungle Bijoux<\/title>\n<meta name=\"description\" content=\"Pendientes serpientes dorados. La serpiente es el s\u00edmbolo de la energ\u00eda Kundalini, una energ\u00eda femenina creativa muy poderosa\" \/>\n<meta name=\"robots\" content=\"index, follow, max-snippet:-1, max-image-preview:large, max-video-preview:-1\" \/>\n<link rel=\"canonical\" href=\"http:\/\/recover.lajunglebijoux.com\/es\/producto\/pendientes-serpientes-2\/\" \/>\n<meta property=\"og:locale\" content=\"es_ES\" \/>\n<meta property=\"og:type\" content=\"article\" \/>\n<meta property=\"og:title\" content=\"SAGRADO FEMENINO - pendientes oro - La Jungle Bijoux\" \/>\n<meta property=\"og:description\" content=\"Pendientes serpientes dorados. La serpiente es el s\u00edmbolo de la energ\u00eda Kundalini, una energ\u00eda femenina creativa muy poderosa\" \/>\n<meta property=\"og:url\" content=\"http:\/\/recover.lajunglebijoux.com\/es\/producto\/pendientes-serpientes-2\/\" \/>\n<meta property=\"og:site_name\" content=\"La Jungle Bijoux\" \/>\n<meta property=\"article:modified_time\" content=\"2022-08-02T11:06:01+00:00\" \/>\n<meta property=\"og:image\" content=\"http:\/\/recover.lajunglebijoux.com\/wp-content\/uploads\/2022\/08\/BO-Feminin-sacre-1-1024x1025.jpg\" \/>\n\t<meta property=\"og:image:width\" content=\"1024\" \/>\n\t<meta property=\"og:image:height\" content=\"1025\" \/>\n\t<meta property=\"og:image:type\" content=\"image\/jpeg\" \/>\n<meta name=\"twitter:card\" content=\"summary_large_image\" \/>\n<script type=\"application\/ld+json\" class=\"yoast-schema-graph\">{\"@context\":\"https:\/\/schema.org\",\"@graph\":[{\"@type\":\"WebPage\",\"@id\":\"http:\/\/recover.lajunglebijoux.com\/es\/producto\/pendientes-serpientes-2\/\",\"url\":\"http:\/\/recover.lajunglebijoux.com\/es\/producto\/pendientes-serpientes-2\/\",\"name\":\"SAGRADO FEMENINO - pendientes oro - La Jungle Bijoux\",\"isPartOf\":{\"@id\":\"http:\/\/recover.lajunglebijoux.com\/es\/#website\"},\"primaryImageOfPage\":{\"@id\":\"http:\/\/recover.lajunglebijoux.com\/es\/producto\/pendientes-serpientes-2\/#primaryimage\"},\"image\":{\"@id\":\"http:\/\/recover.lajunglebijoux.com\/es\/producto\/pendientes-serpientes-2\/#primaryimage\"},\"thumbnailUrl\":\"http:\/\/recover.lajunglebijoux.com\/wp-content\/uploads\/2022\/08\/BO-Feminin-sacre-1.jpg\",\"datePublished\":\"2022-08-02T08:59:54+00:00\",\"dateModified\":\"2022-08-02T11:06:01+00:00\",\"description\":\"Pendientes serpientes dorados. La serpiente es el s\u00edmbolo de la energ\u00eda Kundalini, una energ\u00eda femenina creativa muy poderosa\",\"breadcrumb\":{\"@id\":\"http:\/\/recover.lajunglebijoux.com\/es\/producto\/pendientes-serpientes-2\/#breadcrumb\"},\"inLanguage\":\"es\",\"potentialAction\":[{\"@type\":\"ReadAction\",\"target\":[\"http:\/\/recover.lajunglebijoux.com\/es\/producto\/pendientes-serpientes-2\/\"]}]},{\"@type\":\"ImageObject\",\"inLanguage\":\"es\",\"@id\":\"http:\/\/recover.lajunglebijoux.com\/es\/producto\/pendientes-serpientes-2\/#primaryimage\",\"url\":\"http:\/\/recover.lajunglebijoux.com\/wp-content\/uploads\/2022\/08\/BO-Feminin-sacre-1.jpg\",\"contentUrl\":\"http:\/\/recover.lajunglebijoux.com\/wp-content\/uploads\/2022\/08\/BO-Feminin-sacre-1.jpg\",\"width\":3456,\"height\":3460},{\"@type\":\"BreadcrumbList\",\"@id\":\"http:\/\/recover.lajunglebijoux.com\/es\/producto\/pendientes-serpientes-2\/#breadcrumb\",\"itemListElement\":[{\"@type\":\"ListItem\",\"position\":1,\"name\":\"Portada\",\"item\":\"http:\/\/recover.lajunglebijoux.com\/es\/\"},{\"@type\":\"ListItem\",\"position\":2,\"name\":\"Tienda\",\"item\":\"http:\/\/recover.lajunglebijoux.com\/es\/tienda\/\"},{\"@type\":\"ListItem\",\"position\":3,\"name\":\"SAGRADO FEMENINO &#8211; pendientes oro\"}]},{\"@type\":\"WebSite\",\"@id\":\"http:\/\/recover.lajunglebijoux.com\/es\/#website\",\"url\":\"http:\/\/recover.lajunglebijoux.com\/es\/\",\"name\":\"La Jungle Bijoux\",\"description\":\"\",\"publisher\":{\"@id\":\"http:\/\/recover.lajunglebijoux.com\/es\/#organization\"},\"potentialAction\":[{\"@type\":\"SearchAction\",\"target\":{\"@type\":\"EntryPoint\",\"urlTemplate\":\"http:\/\/recover.lajunglebijoux.com\/es\/?s={search_term_string}\"},\"query-input\":\"required name=search_term_string\"}],\"inLanguage\":\"es\"},{\"@type\":\"Organization\",\"@id\":\"http:\/\/recover.lajunglebijoux.com\/es\/#organization\",\"name\":\"La Jungle Bijoux\",\"url\":\"http:\/\/recover.lajunglebijoux.com\/es\/\",\"logo\":{\"@type\":\"ImageObject\",\"inLanguage\":\"es\",\"@id\":\"http:\/\/recover.lajunglebijoux.com\/es\/#\/schema\/logo\/image\/\",\"url\":\"http:\/\/recover.lajunglebijoux.com\/wp-content\/uploads\/2023\/01\/LOGO-FINAL-Fonce.jpg\",\"contentUrl\":\"http:\/\/recover.lajunglebijoux.com\/wp-content\/uploads\/2023\/01\/LOGO-FINAL-Fonce.jpg\",\"width\":900,\"height\":900,\"caption\":\"La Jungle Bijoux\"},\"image\":{\"@id\":\"http:\/\/recover.lajunglebijoux.com\/es\/#\/schema\/logo\/image\/\"}}]}<\/script>\n<!-- \/ Yoast SEO plugin. -->","yoast_head_json":{"title":"SAGRADO FEMENINO - pendientes oro - La Jungle Bijoux","description":"Pendientes serpientes dorados. La serpiente es el s\u00edmbolo de la energ\u00eda Kundalini, una energ\u00eda femenina creativa muy poderosa","robots":{"index":"index","follow":"follow","max-snippet":"max-snippet:-1","max-image-preview":"max-image-preview:large","max-video-preview":"max-video-preview:-1"},"canonical":"http:\/\/recover.lajunglebijoux.com\/es\/producto\/pendientes-serpientes-2\/","og_locale":"es_ES","og_type":"article","og_title":"SAGRADO FEMENINO - pendientes oro - La Jungle Bijoux","og_description":"Pendientes serpientes dorados. La serpiente es el s\u00edmbolo de la energ\u00eda Kundalini, una energ\u00eda femenina creativa muy poderosa","og_url":"http:\/\/recover.lajunglebijoux.com\/es\/producto\/pendientes-serpientes-2\/","og_site_name":"La Jungle Bijoux","article_modified_time":"2022-08-02T11:06:01+00:00","og_image":[{"width":1024,"height":1025,"url":"http:\/\/recover.lajunglebijoux.com\/wp-content\/uploads\/2022\/08\/BO-Feminin-sacre-1-1024x1025.jpg","type":"image\/jpeg"}],"twitter_card":"summary_large_image","schema":{"@context":"https:\/\/schema.org","@graph":[{"@type":"WebPage","@id":"http:\/\/recover.lajunglebijoux.com\/es\/producto\/pendientes-serpientes-2\/","url":"http:\/\/recover.lajunglebijoux.com\/es\/producto\/pendientes-serpientes-2\/","name":"SAGRADO FEMENINO - pendientes oro - La Jungle Bijoux","isPartOf":{"@id":"http:\/\/recover.lajunglebijoux.com\/es\/#website"},"primaryImageOfPage":{"@id":"http:\/\/recover.lajunglebijoux.com\/es\/producto\/pendientes-serpientes-2\/#primaryimage"},"image":{"@id":"http:\/\/recover.lajunglebijoux.com\/es\/producto\/pendientes-serpientes-2\/#primaryimage"},"thumbnailUrl":"http:\/\/recover.lajunglebijoux.com\/wp-content\/uploads\/2022\/08\/BO-Feminin-sacre-1.jpg","datePublished":"2022-08-02T08:59:54+00:00","dateModified":"2022-08-02T11:06:01+00:00","description":"Pendientes serpientes dorados. La serpiente es el s\u00edmbolo de la energ\u00eda Kundalini, una energ\u00eda femenina creativa muy poderosa","breadcrumb":{"@id":"http:\/\/recover.lajunglebijoux.com\/es\/producto\/pendientes-serpientes-2\/#breadcrumb"},"inLanguage":"es","potentialAction":[{"@type":"ReadAction","target":["http:\/\/recover.lajunglebijoux.com\/es\/producto\/pendientes-serpientes-2\/"]}]},{"@type":"ImageObject","inLanguage":"es","@id":"http:\/\/recover.lajunglebijoux.com\/es\/producto\/pendientes-serpientes-2\/#primaryimage","url":"http:\/\/recover.lajunglebijoux.com\/wp-content\/uploads\/2022\/08\/BO-Feminin-sacre-1.jpg","contentUrl":"http:\/\/recover.lajunglebijoux.com\/wp-content\/uploads\/2022\/08\/BO-Feminin-sacre-1.jpg","width":3456,"height":3460},{"@type":"BreadcrumbList","@id":"http:\/\/recover.lajunglebijoux.com\/es\/producto\/pendientes-serpientes-2\/#breadcrumb","itemListElement":[{"@type":"ListItem","position":1,"name":"Portada","item":"http:\/\/recover.lajunglebijoux.com\/es\/"},{"@type":"ListItem","position":2,"name":"Tienda","item":"http:\/\/recover.lajunglebijoux.com\/es\/tienda\/"},{"@type":"ListItem","position":3,"name":"SAGRADO FEMENINO &#8211; pendientes oro"}]},{"@type":"WebSite","@id":"http:\/\/recover.lajunglebijoux.com\/es\/#website","url":"http:\/\/recover.lajunglebijoux.com\/es\/","name":"La Jungle Bijoux","description":"","publisher":{"@id":"http:\/\/recover.lajunglebijoux.com\/es\/#organization"},"potentialAction":[{"@type":"SearchAction","target":{"@type":"EntryPoint","urlTemplate":"http:\/\/recover.lajunglebijoux.com\/es\/?s={search_term_string}"},"query-input":"required name=search_term_string"}],"inLanguage":"es"},{"@type":"Organization","@id":"http:\/\/recover.lajunglebijoux.com\/es\/#organization","name":"La Jungle Bijoux","url":"http:\/\/recover.lajunglebijoux.com\/es\/","logo":{"@type":"ImageObject","inLanguage":"es","@id":"http:\/\/recover.lajunglebijoux.com\/es\/#\/schema\/logo\/image\/","url":"http:\/\/recover.lajunglebijoux.com\/wp-content\/uploads\/2023\/01\/LOGO-FINAL-Fonce.jpg","contentUrl":"http:\/\/recover.lajunglebijoux.com\/wp-content\/uploads\/2023\/01\/LOGO-FINAL-Fonce.jpg","width":900,"height":900,"caption":"La Jungle Bijoux"},"image":{"@id":"http:\/\/recover.lajunglebijoux.com\/es\/#\/schema\/logo\/image\/"}}]}},"_links":{"self":[{"href":"http:\/\/recover.lajunglebijoux.com\/es\/wp-json\/wp\/v2\/product\/1722","targetHints":{"allow":["GET"]}}],"collection":[{"href":"http:\/\/recover.lajunglebijoux.com\/es\/wp-json\/wp\/v2\/product"}],"about":[{"href":"http:\/\/recover.lajunglebijoux.com\/es\/wp-json\/wp\/v2\/types\/product"}],"replies":[{"embeddable":true,"href":"http:\/\/recover.lajunglebijoux.com\/es\/wp-json\/wp\/v2\/comments?post=1722"}],"wp:featuredmedia":[{"embeddable":true,"href":"http:\/\/recover.lajunglebijoux.com\/es\/wp-json\/wp\/v2\/media\/1712"}],"wp:attachment":[{"href":"http:\/\/recover.lajunglebijoux.com\/es\/wp-json\/wp\/v2\/media?parent=1722"}],"wp:term":[{"taxonomy":"product_cat","embeddable":true,"href":"http:\/\/recover.lajunglebijoux.com\/es\/wp-json\/wp\/v2\/product_cat?post=1722"},{"taxonomy":"product_tag","embeddable":true,"href":"http:\/\/recover.lajunglebijoux.com\/es\/wp-json\/wp\/v2\/product_tag?post=1722"}],"curies":[{"name":"wp","href":"https:\/\/api.w.org\/{rel}","templated":true}]}}