{"id":1605,"date":"2022-06-24T15:14:07","date_gmt":"2022-06-24T13:14:07","guid":{"rendered":"http:\/\/jkjpwtk.cluster026.hosting.ovh.net\/product\/monstera-bague-argent\/"},"modified":"2022-06-24T15:28:58","modified_gmt":"2022-06-24T15:28:58","slug":"monstera-anillo-plata","status":"publish","type":"product","link":"http:\/\/recover.lajunglebijoux.com\/es\/producto\/monstera-anillo-plata\/","title":{"rendered":"MONSTERA DELICIOSA anillo plata"},"content":{"rendered":"","protected":false},"excerpt":{"rendered":"<p>Anillo monstera hoja inspirado en una planta australiana.<\/p>\n<p>Rodio plateado para una alta resistencia.<\/p>\n<p>Alta calidad, larga duraci\u00f3n.<\/p>\n<p>Tama\u00f1o ajustable.<\/p>\n<p>Hecho a mano en mi taller de Barcelona.<\/p>\n<p>Tambi\u00e9n disponible en oro.<\/p>\n","protected":false},"featured_media":1604,"comment_status":"open","ping_status":"closed","template":"","meta":{"_acf_changed":false},"product_cat":[140,66],"product_tag":[],"class_list":{"0":"post-1605","1":"product","2":"type-product","3":"status-publish","4":"has-post-thumbnail","6":"product_cat-little-shape-of-memories-es","7":"product_cat-casa-pampa-es","8":"pa_modele-anillos","9":"pa_modele-joyas-plata","10":"pa_theme-joyas-naturaleza","12":"first","13":"instock","14":"shipping-taxable","15":"purchasable","16":"product-type-simple"},"acf":[],"yoast_head":"<!-- This site is optimized with the Yoast SEO plugin v23.3 - https:\/\/yoast.com\/wordpress\/plugins\/seo\/ -->\n<title>MONSTERA DELICIOSA anillo plata - La Jungle Bijoux<\/title>\n<meta name=\"robots\" content=\"index, follow, max-snippet:-1, max-image-preview:large, max-video-preview:-1\" \/>\n<link rel=\"canonical\" href=\"http:\/\/recover.lajunglebijoux.com\/es\/producto\/monstera-anillo-plata\/\" \/>\n<meta property=\"og:locale\" content=\"es_ES\" \/>\n<meta property=\"og:type\" content=\"article\" \/>\n<meta property=\"og:title\" content=\"MONSTERA DELICIOSA anillo plata - La Jungle Bijoux\" \/>\n<meta property=\"og:description\" content=\"Anillo monstera hoja inspirado en una planta australiana.  Rodio plateado para una alta resistencia.  Alta calidad, larga duraci\u00f3n.  Tama\u00f1o ajustable.  Hecho a mano en mi taller de Barcelona.  Tambi\u00e9n disponible en oro.\" \/>\n<meta property=\"og:url\" content=\"http:\/\/recover.lajunglebijoux.com\/es\/producto\/monstera-anillo-plata\/\" \/>\n<meta property=\"og:site_name\" content=\"La Jungle Bijoux\" \/>\n<meta property=\"article:modified_time\" content=\"2022-06-24T15:28:58+00:00\" \/>\n<meta property=\"og:image\" content=\"http:\/\/recover.lajunglebijoux.com\/wp-content\/uploads\/2022\/06\/monstera-couverture-ARGENT-BAGUE-scaled.jpg\" \/>\n\t<meta property=\"og:image:width\" content=\"2560\" \/>\n\t<meta property=\"og:image:height\" content=\"1709\" \/>\n\t<meta property=\"og:image:type\" content=\"image\/jpeg\" \/>\n<meta name=\"twitter:card\" content=\"summary_large_image\" \/>\n<script type=\"application\/ld+json\" class=\"yoast-schema-graph\">{\"@context\":\"https:\/\/schema.org\",\"@graph\":[{\"@type\":\"WebPage\",\"@id\":\"http:\/\/recover.lajunglebijoux.com\/es\/producto\/monstera-anillo-plata\/\",\"url\":\"http:\/\/recover.lajunglebijoux.com\/es\/producto\/monstera-anillo-plata\/\",\"name\":\"MONSTERA DELICIOSA anillo plata - La Jungle Bijoux\",\"isPartOf\":{\"@id\":\"http:\/\/recover.lajunglebijoux.com\/es\/#website\"},\"primaryImageOfPage\":{\"@id\":\"http:\/\/recover.lajunglebijoux.com\/es\/producto\/monstera-anillo-plata\/#primaryimage\"},\"image\":{\"@id\":\"http:\/\/recover.lajunglebijoux.com\/es\/producto\/monstera-anillo-plata\/#primaryimage\"},\"thumbnailUrl\":\"http:\/\/recover.lajunglebijoux.com\/wp-content\/uploads\/2022\/06\/monstera-couverture-ARGENT-BAGUE-scaled.jpg\",\"datePublished\":\"2022-06-24T13:14:07+00:00\",\"dateModified\":\"2022-06-24T15:28:58+00:00\",\"breadcrumb\":{\"@id\":\"http:\/\/recover.lajunglebijoux.com\/es\/producto\/monstera-anillo-plata\/#breadcrumb\"},\"inLanguage\":\"es\",\"potentialAction\":[{\"@type\":\"ReadAction\",\"target\":[\"http:\/\/recover.lajunglebijoux.com\/es\/producto\/monstera-anillo-plata\/\"]}]},{\"@type\":\"ImageObject\",\"inLanguage\":\"es\",\"@id\":\"http:\/\/recover.lajunglebijoux.com\/es\/producto\/monstera-anillo-plata\/#primaryimage\",\"url\":\"http:\/\/recover.lajunglebijoux.com\/wp-content\/uploads\/2022\/06\/monstera-couverture-ARGENT-BAGUE-scaled.jpg\",\"contentUrl\":\"http:\/\/recover.lajunglebijoux.com\/wp-content\/uploads\/2022\/06\/monstera-couverture-ARGENT-BAGUE-scaled.jpg\",\"width\":2560,\"height\":1709},{\"@type\":\"BreadcrumbList\",\"@id\":\"http:\/\/recover.lajunglebijoux.com\/es\/producto\/monstera-anillo-plata\/#breadcrumb\",\"itemListElement\":[{\"@type\":\"ListItem\",\"position\":1,\"name\":\"Portada\",\"item\":\"http:\/\/recover.lajunglebijoux.com\/es\/\"},{\"@type\":\"ListItem\",\"position\":2,\"name\":\"Tienda\",\"item\":\"http:\/\/recover.lajunglebijoux.com\/es\/tienda\/\"},{\"@type\":\"ListItem\",\"position\":3,\"name\":\"MONSTERA DELICIOSA anillo plata\"}]},{\"@type\":\"WebSite\",\"@id\":\"http:\/\/recover.lajunglebijoux.com\/es\/#website\",\"url\":\"http:\/\/recover.lajunglebijoux.com\/es\/\",\"name\":\"La Jungle Bijoux\",\"description\":\"\",\"publisher\":{\"@id\":\"http:\/\/recover.lajunglebijoux.com\/es\/#organization\"},\"potentialAction\":[{\"@type\":\"SearchAction\",\"target\":{\"@type\":\"EntryPoint\",\"urlTemplate\":\"http:\/\/recover.lajunglebijoux.com\/es\/?s={search_term_string}\"},\"query-input\":\"required name=search_term_string\"}],\"inLanguage\":\"es\"},{\"@type\":\"Organization\",\"@id\":\"http:\/\/recover.lajunglebijoux.com\/es\/#organization\",\"name\":\"La Jungle Bijoux\",\"url\":\"http:\/\/recover.lajunglebijoux.com\/es\/\",\"logo\":{\"@type\":\"ImageObject\",\"inLanguage\":\"es\",\"@id\":\"http:\/\/recover.lajunglebijoux.com\/es\/#\/schema\/logo\/image\/\",\"url\":\"http:\/\/recover.lajunglebijoux.com\/wp-content\/uploads\/2023\/01\/LOGO-FINAL-Fonce.jpg\",\"contentUrl\":\"http:\/\/recover.lajunglebijoux.com\/wp-content\/uploads\/2023\/01\/LOGO-FINAL-Fonce.jpg\",\"width\":900,\"height\":900,\"caption\":\"La Jungle Bijoux\"},\"image\":{\"@id\":\"http:\/\/recover.lajunglebijoux.com\/es\/#\/schema\/logo\/image\/\"}}]}<\/script>\n<!-- \/ Yoast SEO plugin. -->","yoast_head_json":{"title":"MONSTERA DELICIOSA anillo plata - La Jungle Bijoux","robots":{"index":"index","follow":"follow","max-snippet":"max-snippet:-1","max-image-preview":"max-image-preview:large","max-video-preview":"max-video-preview:-1"},"canonical":"http:\/\/recover.lajunglebijoux.com\/es\/producto\/monstera-anillo-plata\/","og_locale":"es_ES","og_type":"article","og_title":"MONSTERA DELICIOSA anillo plata - La Jungle Bijoux","og_description":"Anillo monstera hoja inspirado en una planta australiana.  Rodio plateado para una alta resistencia.  Alta calidad, larga duraci\u00f3n.  Tama\u00f1o ajustable.  Hecho a mano en mi taller de Barcelona.  Tambi\u00e9n disponible en oro.","og_url":"http:\/\/recover.lajunglebijoux.com\/es\/producto\/monstera-anillo-plata\/","og_site_name":"La Jungle Bijoux","article_modified_time":"2022-06-24T15:28:58+00:00","og_image":[{"width":2560,"height":1709,"url":"http:\/\/recover.lajunglebijoux.com\/wp-content\/uploads\/2022\/06\/monstera-couverture-ARGENT-BAGUE-scaled.jpg","type":"image\/jpeg"}],"twitter_card":"summary_large_image","schema":{"@context":"https:\/\/schema.org","@graph":[{"@type":"WebPage","@id":"http:\/\/recover.lajunglebijoux.com\/es\/producto\/monstera-anillo-plata\/","url":"http:\/\/recover.lajunglebijoux.com\/es\/producto\/monstera-anillo-plata\/","name":"MONSTERA DELICIOSA anillo plata - La Jungle Bijoux","isPartOf":{"@id":"http:\/\/recover.lajunglebijoux.com\/es\/#website"},"primaryImageOfPage":{"@id":"http:\/\/recover.lajunglebijoux.com\/es\/producto\/monstera-anillo-plata\/#primaryimage"},"image":{"@id":"http:\/\/recover.lajunglebijoux.com\/es\/producto\/monstera-anillo-plata\/#primaryimage"},"thumbnailUrl":"http:\/\/recover.lajunglebijoux.com\/wp-content\/uploads\/2022\/06\/monstera-couverture-ARGENT-BAGUE-scaled.jpg","datePublished":"2022-06-24T13:14:07+00:00","dateModified":"2022-06-24T15:28:58+00:00","breadcrumb":{"@id":"http:\/\/recover.lajunglebijoux.com\/es\/producto\/monstera-anillo-plata\/#breadcrumb"},"inLanguage":"es","potentialAction":[{"@type":"ReadAction","target":["http:\/\/recover.lajunglebijoux.com\/es\/producto\/monstera-anillo-plata\/"]}]},{"@type":"ImageObject","inLanguage":"es","@id":"http:\/\/recover.lajunglebijoux.com\/es\/producto\/monstera-anillo-plata\/#primaryimage","url":"http:\/\/recover.lajunglebijoux.com\/wp-content\/uploads\/2022\/06\/monstera-couverture-ARGENT-BAGUE-scaled.jpg","contentUrl":"http:\/\/recover.lajunglebijoux.com\/wp-content\/uploads\/2022\/06\/monstera-couverture-ARGENT-BAGUE-scaled.jpg","width":2560,"height":1709},{"@type":"BreadcrumbList","@id":"http:\/\/recover.lajunglebijoux.com\/es\/producto\/monstera-anillo-plata\/#breadcrumb","itemListElement":[{"@type":"ListItem","position":1,"name":"Portada","item":"http:\/\/recover.lajunglebijoux.com\/es\/"},{"@type":"ListItem","position":2,"name":"Tienda","item":"http:\/\/recover.lajunglebijoux.com\/es\/tienda\/"},{"@type":"ListItem","position":3,"name":"MONSTERA DELICIOSA anillo plata"}]},{"@type":"WebSite","@id":"http:\/\/recover.lajunglebijoux.com\/es\/#website","url":"http:\/\/recover.lajunglebijoux.com\/es\/","name":"La Jungle Bijoux","description":"","publisher":{"@id":"http:\/\/recover.lajunglebijoux.com\/es\/#organization"},"potentialAction":[{"@type":"SearchAction","target":{"@type":"EntryPoint","urlTemplate":"http:\/\/recover.lajunglebijoux.com\/es\/?s={search_term_string}"},"query-input":"required name=search_term_string"}],"inLanguage":"es"},{"@type":"Organization","@id":"http:\/\/recover.lajunglebijoux.com\/es\/#organization","name":"La Jungle Bijoux","url":"http:\/\/recover.lajunglebijoux.com\/es\/","logo":{"@type":"ImageObject","inLanguage":"es","@id":"http:\/\/recover.lajunglebijoux.com\/es\/#\/schema\/logo\/image\/","url":"http:\/\/recover.lajunglebijoux.com\/wp-content\/uploads\/2023\/01\/LOGO-FINAL-Fonce.jpg","contentUrl":"http:\/\/recover.lajunglebijoux.com\/wp-content\/uploads\/2023\/01\/LOGO-FINAL-Fonce.jpg","width":900,"height":900,"caption":"La Jungle Bijoux"},"image":{"@id":"http:\/\/recover.lajunglebijoux.com\/es\/#\/schema\/logo\/image\/"}}]}},"_links":{"self":[{"href":"http:\/\/recover.lajunglebijoux.com\/es\/wp-json\/wp\/v2\/product\/1605","targetHints":{"allow":["GET"]}}],"collection":[{"href":"http:\/\/recover.lajunglebijoux.com\/es\/wp-json\/wp\/v2\/product"}],"about":[{"href":"http:\/\/recover.lajunglebijoux.com\/es\/wp-json\/wp\/v2\/types\/product"}],"replies":[{"embeddable":true,"href":"http:\/\/recover.lajunglebijoux.com\/es\/wp-json\/wp\/v2\/comments?post=1605"}],"wp:featuredmedia":[{"embeddable":true,"href":"http:\/\/recover.lajunglebijoux.com\/es\/wp-json\/wp\/v2\/media\/1604"}],"wp:attachment":[{"href":"http:\/\/recover.lajunglebijoux.com\/es\/wp-json\/wp\/v2\/media?parent=1605"}],"wp:term":[{"taxonomy":"product_cat","embeddable":true,"href":"http:\/\/recover.lajunglebijoux.com\/es\/wp-json\/wp\/v2\/product_cat?post=1605"},{"taxonomy":"product_tag","embeddable":true,"href":"http:\/\/recover.lajunglebijoux.com\/es\/wp-json\/wp\/v2\/product_tag?post=1605"}],"curies":[{"name":"wp","href":"https:\/\/api.w.org\/{rel}","templated":true}]}}