{"id":1557,"date":"2022-06-24T13:31:02","date_gmt":"2022-06-24T11:31:02","guid":{"rendered":"http:\/\/jkjpwtk.cluster026.hosting.ovh.net\/product\/bague-etoile-or-2\/"},"modified":"2022-06-24T14:11:47","modified_gmt":"2022-06-24T14:11:47","slug":"anillo-estrellas-oro","status":"publish","type":"product","link":"http:\/\/recover.lajunglebijoux.com\/es\/producto\/anillo-estrellas-oro\/","title":{"rendered":"V\u00eda L\u00e1ctea &#8211; Anillo oro"},"content":{"rendered":"","protected":false},"excerpt":{"rendered":"<p>Este anillo estrellas te recuerda que el universo vela por ti, que est\u00e1s conectado al gran todo, que formas parte de \u00e9l y que cocreas tu vida con \u00e9l. Es un anillo que te sumerge en las profundidades de la V\u00eda L\u00e1ctea cargado de buenas vibraciones y energ\u00eda positiva.<\/p>\n<p>Tama\u00f1o ajustable.<\/p>\n<p>Hecho a mano en mi taller de Barcelona.<\/p>\n<p>Chapado de oro fino de alta resistencia.<\/p>\n<p>Bajo garant\u00eda. Consulte nuestra p\u00e1gina de garant\u00eda.<\/p>\n<p>Pulsera a juego disponible en el eshop.<\/p>\n<p>Como con todas las joyas simb\u00f3licas, he querido explicar mi proceso creativo pero, por supuesto, s\u00f3lo coge lo que te habla y si s\u00f3lo es el dise\u00f1o de la joya, tambi\u00e9n est\u00e1 perfecto.<\/p>\n","protected":false},"featured_media":1548,"comment_status":"open","ping_status":"closed","template":"","meta":{"_acf_changed":false},"product_cat":[170],"product_tag":[],"class_list":{"0":"post-1557","1":"product","2":"type-product","3":"status-publish","4":"has-post-thumbnail","6":"product_cat-los-simbolos","7":"pa_modele-anillos","8":"pa_modele-joyas-plata","9":"pa_theme-joyas-astral-tarot","11":"first","12":"outofstock","13":"sale","14":"shipping-taxable","15":"purchasable","16":"product-type-variable"},"acf":[],"yoast_head":"<!-- This site is optimized with the Yoast SEO plugin v23.3 - https:\/\/yoast.com\/wordpress\/plugins\/seo\/ -->\n<title>V\u00eda L\u00e1ctea - Anillo oro - La Jungle Bijoux<\/title>\n<meta name=\"robots\" content=\"index, follow, max-snippet:-1, max-image-preview:large, max-video-preview:-1\" \/>\n<link rel=\"canonical\" href=\"http:\/\/recover.lajunglebijoux.com\/es\/producto\/anillo-estrellas-oro\/\" \/>\n<meta property=\"og:locale\" content=\"es_ES\" \/>\n<meta property=\"og:type\" content=\"article\" \/>\n<meta property=\"og:title\" content=\"V\u00eda L\u00e1ctea - Anillo oro - La Jungle Bijoux\" \/>\n<meta property=\"og:description\" content=\"Este anillo estrellas te recuerda que el universo vela por ti, que est\u00e1s conectado al gran todo, que formas parte de \u00e9l y que cocreas tu vida con \u00e9l. Es un anillo que te sumerge en las profundidades de la V\u00eda L\u00e1ctea cargado de buenas vibraciones y energ\u00eda positiva.  Tama\u00f1o ajustable.  Hecho a mano en mi taller de Barcelona.  Chapado de oro fino de alta resistencia.  Bajo garant\u00eda. Consulte nuestra p\u00e1gina de garant\u00eda.  Pulsera a juego disponible en el eshop.  Como con todas las joyas simb\u00f3licas, he querido explicar mi proceso creativo pero, por supuesto, s\u00f3lo coge lo que te habla y si s\u00f3lo es el dise\u00f1o de la joya, tambi\u00e9n est\u00e1 perfecto.\" \/>\n<meta property=\"og:url\" content=\"http:\/\/recover.lajunglebijoux.com\/es\/producto\/anillo-estrellas-oro\/\" \/>\n<meta property=\"og:site_name\" content=\"La Jungle Bijoux\" \/>\n<meta property=\"article:modified_time\" content=\"2022-06-24T14:11:47+00:00\" \/>\n<meta property=\"og:image\" content=\"http:\/\/recover.lajunglebijoux.com\/wp-content\/uploads\/2022\/06\/bague-etoiles-voie-lactee-3-scaled.jpg\" \/>\n\t<meta property=\"og:image:width\" content=\"1920\" \/>\n\t<meta property=\"og:image:height\" content=\"2560\" \/>\n\t<meta property=\"og:image:type\" content=\"image\/jpeg\" \/>\n<meta name=\"twitter:card\" content=\"summary_large_image\" \/>\n<script type=\"application\/ld+json\" class=\"yoast-schema-graph\">{\"@context\":\"https:\/\/schema.org\",\"@graph\":[{\"@type\":\"WebPage\",\"@id\":\"http:\/\/recover.lajunglebijoux.com\/es\/producto\/anillo-estrellas-oro\/\",\"url\":\"http:\/\/recover.lajunglebijoux.com\/es\/producto\/anillo-estrellas-oro\/\",\"name\":\"V\u00eda L\u00e1ctea - Anillo oro - La Jungle Bijoux\",\"isPartOf\":{\"@id\":\"https:\/\/recover.lajunglebijoux.com\/es\/#website\"},\"primaryImageOfPage\":{\"@id\":\"http:\/\/recover.lajunglebijoux.com\/es\/producto\/anillo-estrellas-oro\/#primaryimage\"},\"image\":{\"@id\":\"http:\/\/recover.lajunglebijoux.com\/es\/producto\/anillo-estrellas-oro\/#primaryimage\"},\"thumbnailUrl\":\"http:\/\/recover.lajunglebijoux.com\/wp-content\/uploads\/2022\/06\/bague-etoiles-voie-lactee-3-scaled.jpg\",\"datePublished\":\"2022-06-24T11:31:02+00:00\",\"dateModified\":\"2022-06-24T14:11:47+00:00\",\"breadcrumb\":{\"@id\":\"http:\/\/recover.lajunglebijoux.com\/es\/producto\/anillo-estrellas-oro\/#breadcrumb\"},\"inLanguage\":\"es\",\"potentialAction\":[{\"@type\":\"ReadAction\",\"target\":[\"http:\/\/recover.lajunglebijoux.com\/es\/producto\/anillo-estrellas-oro\/\"]}]},{\"@type\":\"ImageObject\",\"inLanguage\":\"es\",\"@id\":\"http:\/\/recover.lajunglebijoux.com\/es\/producto\/anillo-estrellas-oro\/#primaryimage\",\"url\":\"http:\/\/recover.lajunglebijoux.com\/wp-content\/uploads\/2022\/06\/bague-etoiles-voie-lactee-3-scaled.jpg\",\"contentUrl\":\"http:\/\/recover.lajunglebijoux.com\/wp-content\/uploads\/2022\/06\/bague-etoiles-voie-lactee-3-scaled.jpg\",\"width\":1920,\"height\":2560},{\"@type\":\"BreadcrumbList\",\"@id\":\"http:\/\/recover.lajunglebijoux.com\/es\/producto\/anillo-estrellas-oro\/#breadcrumb\",\"itemListElement\":[{\"@type\":\"ListItem\",\"position\":1,\"name\":\"Portada\",\"item\":\"http:\/\/recover.lajunglebijoux.com\/es\/\"},{\"@type\":\"ListItem\",\"position\":2,\"name\":\"Tienda\",\"item\":\"http:\/\/recover.lajunglebijoux.com\/es\/tienda\/\"},{\"@type\":\"ListItem\",\"position\":3,\"name\":\"V\u00eda L\u00e1ctea &#8211; Anillo oro\"}]},{\"@type\":\"WebSite\",\"@id\":\"https:\/\/recover.lajunglebijoux.com\/es\/#website\",\"url\":\"https:\/\/recover.lajunglebijoux.com\/es\/\",\"name\":\"La Jungle Bijoux\",\"description\":\"\",\"publisher\":{\"@id\":\"https:\/\/recover.lajunglebijoux.com\/es\/#organization\"},\"potentialAction\":[{\"@type\":\"SearchAction\",\"target\":{\"@type\":\"EntryPoint\",\"urlTemplate\":\"https:\/\/recover.lajunglebijoux.com\/es\/?s={search_term_string}\"},\"query-input\":\"required name=search_term_string\"}],\"inLanguage\":\"es\"},{\"@type\":\"Organization\",\"@id\":\"https:\/\/recover.lajunglebijoux.com\/es\/#organization\",\"name\":\"La Jungle Bijoux\",\"url\":\"https:\/\/recover.lajunglebijoux.com\/es\/\",\"logo\":{\"@type\":\"ImageObject\",\"inLanguage\":\"es\",\"@id\":\"https:\/\/recover.lajunglebijoux.com\/es\/#\/schema\/logo\/image\/\",\"url\":\"http:\/\/recover.lajunglebijoux.com\/wp-content\/uploads\/2023\/01\/LOGO-FINAL-Fonce.jpg\",\"contentUrl\":\"http:\/\/recover.lajunglebijoux.com\/wp-content\/uploads\/2023\/01\/LOGO-FINAL-Fonce.jpg\",\"width\":900,\"height\":900,\"caption\":\"La Jungle Bijoux\"},\"image\":{\"@id\":\"https:\/\/recover.lajunglebijoux.com\/es\/#\/schema\/logo\/image\/\"}}]}<\/script>\n<!-- \/ Yoast SEO plugin. -->","yoast_head_json":{"title":"V\u00eda L\u00e1ctea - Anillo oro - La Jungle Bijoux","robots":{"index":"index","follow":"follow","max-snippet":"max-snippet:-1","max-image-preview":"max-image-preview:large","max-video-preview":"max-video-preview:-1"},"canonical":"http:\/\/recover.lajunglebijoux.com\/es\/producto\/anillo-estrellas-oro\/","og_locale":"es_ES","og_type":"article","og_title":"V\u00eda L\u00e1ctea - Anillo oro - La Jungle Bijoux","og_description":"Este anillo estrellas te recuerda que el universo vela por ti, que est\u00e1s conectado al gran todo, que formas parte de \u00e9l y que cocreas tu vida con \u00e9l. Es un anillo que te sumerge en las profundidades de la V\u00eda L\u00e1ctea cargado de buenas vibraciones y energ\u00eda positiva.  Tama\u00f1o ajustable.  Hecho a mano en mi taller de Barcelona.  Chapado de oro fino de alta resistencia.  Bajo garant\u00eda. Consulte nuestra p\u00e1gina de garant\u00eda.  Pulsera a juego disponible en el eshop.  Como con todas las joyas simb\u00f3licas, he querido explicar mi proceso creativo pero, por supuesto, s\u00f3lo coge lo que te habla y si s\u00f3lo es el dise\u00f1o de la joya, tambi\u00e9n est\u00e1 perfecto.","og_url":"http:\/\/recover.lajunglebijoux.com\/es\/producto\/anillo-estrellas-oro\/","og_site_name":"La Jungle Bijoux","article_modified_time":"2022-06-24T14:11:47+00:00","og_image":[{"width":1920,"height":2560,"url":"http:\/\/recover.lajunglebijoux.com\/wp-content\/uploads\/2022\/06\/bague-etoiles-voie-lactee-3-scaled.jpg","type":"image\/jpeg"}],"twitter_card":"summary_large_image","schema":{"@context":"https:\/\/schema.org","@graph":[{"@type":"WebPage","@id":"http:\/\/recover.lajunglebijoux.com\/es\/producto\/anillo-estrellas-oro\/","url":"http:\/\/recover.lajunglebijoux.com\/es\/producto\/anillo-estrellas-oro\/","name":"V\u00eda L\u00e1ctea - Anillo oro - La Jungle Bijoux","isPartOf":{"@id":"https:\/\/recover.lajunglebijoux.com\/es\/#website"},"primaryImageOfPage":{"@id":"http:\/\/recover.lajunglebijoux.com\/es\/producto\/anillo-estrellas-oro\/#primaryimage"},"image":{"@id":"http:\/\/recover.lajunglebijoux.com\/es\/producto\/anillo-estrellas-oro\/#primaryimage"},"thumbnailUrl":"http:\/\/recover.lajunglebijoux.com\/wp-content\/uploads\/2022\/06\/bague-etoiles-voie-lactee-3-scaled.jpg","datePublished":"2022-06-24T11:31:02+00:00","dateModified":"2022-06-24T14:11:47+00:00","breadcrumb":{"@id":"http:\/\/recover.lajunglebijoux.com\/es\/producto\/anillo-estrellas-oro\/#breadcrumb"},"inLanguage":"es","potentialAction":[{"@type":"ReadAction","target":["http:\/\/recover.lajunglebijoux.com\/es\/producto\/anillo-estrellas-oro\/"]}]},{"@type":"ImageObject","inLanguage":"es","@id":"http:\/\/recover.lajunglebijoux.com\/es\/producto\/anillo-estrellas-oro\/#primaryimage","url":"http:\/\/recover.lajunglebijoux.com\/wp-content\/uploads\/2022\/06\/bague-etoiles-voie-lactee-3-scaled.jpg","contentUrl":"http:\/\/recover.lajunglebijoux.com\/wp-content\/uploads\/2022\/06\/bague-etoiles-voie-lactee-3-scaled.jpg","width":1920,"height":2560},{"@type":"BreadcrumbList","@id":"http:\/\/recover.lajunglebijoux.com\/es\/producto\/anillo-estrellas-oro\/#breadcrumb","itemListElement":[{"@type":"ListItem","position":1,"name":"Portada","item":"http:\/\/recover.lajunglebijoux.com\/es\/"},{"@type":"ListItem","position":2,"name":"Tienda","item":"http:\/\/recover.lajunglebijoux.com\/es\/tienda\/"},{"@type":"ListItem","position":3,"name":"V\u00eda L\u00e1ctea &#8211; Anillo oro"}]},{"@type":"WebSite","@id":"https:\/\/recover.lajunglebijoux.com\/es\/#website","url":"https:\/\/recover.lajunglebijoux.com\/es\/","name":"La Jungle Bijoux","description":"","publisher":{"@id":"https:\/\/recover.lajunglebijoux.com\/es\/#organization"},"potentialAction":[{"@type":"SearchAction","target":{"@type":"EntryPoint","urlTemplate":"https:\/\/recover.lajunglebijoux.com\/es\/?s={search_term_string}"},"query-input":"required name=search_term_string"}],"inLanguage":"es"},{"@type":"Organization","@id":"https:\/\/recover.lajunglebijoux.com\/es\/#organization","name":"La Jungle Bijoux","url":"https:\/\/recover.lajunglebijoux.com\/es\/","logo":{"@type":"ImageObject","inLanguage":"es","@id":"https:\/\/recover.lajunglebijoux.com\/es\/#\/schema\/logo\/image\/","url":"http:\/\/recover.lajunglebijoux.com\/wp-content\/uploads\/2023\/01\/LOGO-FINAL-Fonce.jpg","contentUrl":"http:\/\/recover.lajunglebijoux.com\/wp-content\/uploads\/2023\/01\/LOGO-FINAL-Fonce.jpg","width":900,"height":900,"caption":"La Jungle Bijoux"},"image":{"@id":"https:\/\/recover.lajunglebijoux.com\/es\/#\/schema\/logo\/image\/"}}]}},"_links":{"self":[{"href":"http:\/\/recover.lajunglebijoux.com\/es\/wp-json\/wp\/v2\/product\/1557","targetHints":{"allow":["GET"]}}],"collection":[{"href":"http:\/\/recover.lajunglebijoux.com\/es\/wp-json\/wp\/v2\/product"}],"about":[{"href":"http:\/\/recover.lajunglebijoux.com\/es\/wp-json\/wp\/v2\/types\/product"}],"replies":[{"embeddable":true,"href":"http:\/\/recover.lajunglebijoux.com\/es\/wp-json\/wp\/v2\/comments?post=1557"}],"wp:featuredmedia":[{"embeddable":true,"href":"http:\/\/recover.lajunglebijoux.com\/es\/wp-json\/wp\/v2\/media\/1548"}],"wp:attachment":[{"href":"http:\/\/recover.lajunglebijoux.com\/es\/wp-json\/wp\/v2\/media?parent=1557"}],"wp:term":[{"taxonomy":"product_cat","embeddable":true,"href":"http:\/\/recover.lajunglebijoux.com\/es\/wp-json\/wp\/v2\/product_cat?post=1557"},{"taxonomy":"product_tag","embeddable":true,"href":"http:\/\/recover.lajunglebijoux.com\/es\/wp-json\/wp\/v2\/product_tag?post=1557"}],"curies":[{"name":"wp","href":"https:\/\/api.w.org\/{rel}","templated":true}]}}