{"id":1279,"date":"2022-06-17T17:42:25","date_gmt":"2022-06-17T17:42:25","guid":{"rendered":"http:\/\/jkjpwtk.cluster026.hosting.ovh.net\/product\/creoles-torsade-or\/"},"modified":"2022-06-17T17:42:25","modified_gmt":"2022-06-17T17:42:25","slug":"creoles-torsade-or","status":"publish","type":"product","link":"http:\/\/recover.lajunglebijoux.com\/es\/producto\/creoles-torsade-or\/","title":{"rendered":"CR\u00c9OLES TORSAD\u00c9ES &#8211; dor\u00e9es"},"content":{"rendered":"","protected":false},"excerpt":{"rendered":"<p>Cr\u00e9oles torsad\u00e9es tendances dor\u00e9es \u00e0 l&#8217;or fin haute r\u00e9sistance \u00e0 l&#8217;eau, sous garantie.<\/p>\n<p>Bijou intemporel, s&#8217;adapte \u00e0 toutes les saisons et tendances du moment.<\/p>\n<p>Voir notre page bijoux sous garantie.<\/p>\n<p>L\u00e9g\u00e8res \u00e0 porter.<\/p>\n<p>Assorties au jonc balade torsad\u00e9e.<\/p>\n","protected":false},"featured_media":0,"comment_status":"open","ping_status":"closed","template":"","meta":{"_acf_changed":false},"product_cat":[16],"product_tag":[],"class_list":{"0":"post-1279","1":"product","2":"type-product","3":"status-publish","5":"product_cat-uncategorized","7":"first","8":"instock","9":"shipping-taxable","10":"product-type-simple"},"acf":[],"yoast_head":"<!-- This site is optimized with the Yoast SEO plugin v23.3 - https:\/\/yoast.com\/wordpress\/plugins\/seo\/ -->\n<title>CR\u00c9OLES TORSAD\u00c9ES - dor\u00e9es - La Jungle Bijoux<\/title>\n<meta name=\"robots\" content=\"index, follow, max-snippet:-1, max-image-preview:large, max-video-preview:-1\" \/>\n<link rel=\"canonical\" href=\"http:\/\/recover.lajunglebijoux.com\/es\/producto\/creoles-torsade-or\/\" \/>\n<meta property=\"og:locale\" content=\"es_ES\" \/>\n<meta property=\"og:type\" content=\"article\" \/>\n<meta property=\"og:title\" content=\"CR\u00c9OLES TORSAD\u00c9ES - dor\u00e9es - La Jungle Bijoux\" \/>\n<meta property=\"og:description\" content=\"Cr\u00e9oles torsad\u00e9es tendances dor\u00e9es \u00e0 l&#039;or fin haute r\u00e9sistance \u00e0 l&#039;eau, sous garantie.  Bijou intemporel, s&#039;adapte \u00e0 toutes les saisons et tendances du moment.  Voir notre page bijoux sous garantie.  L\u00e9g\u00e8res \u00e0 porter.  Assorties au jonc balade torsad\u00e9e.\" \/>\n<meta property=\"og:url\" content=\"http:\/\/recover.lajunglebijoux.com\/es\/producto\/creoles-torsade-or\/\" \/>\n<meta property=\"og:site_name\" content=\"La Jungle Bijoux\" \/>\n<meta name=\"twitter:card\" content=\"summary_large_image\" \/>\n<script type=\"application\/ld+json\" class=\"yoast-schema-graph\">{\"@context\":\"https:\/\/schema.org\",\"@graph\":[{\"@type\":\"WebPage\",\"@id\":\"http:\/\/recover.lajunglebijoux.com\/es\/producto\/creoles-torsade-or\/\",\"url\":\"http:\/\/recover.lajunglebijoux.com\/es\/producto\/creoles-torsade-or\/\",\"name\":\"CR\u00c9OLES TORSAD\u00c9ES - dor\u00e9es - La Jungle Bijoux\",\"isPartOf\":{\"@id\":\"https:\/\/recover.lajunglebijoux.com\/es\/#website\"},\"datePublished\":\"2022-06-17T17:42:25+00:00\",\"dateModified\":\"2022-06-17T17:42:25+00:00\",\"breadcrumb\":{\"@id\":\"http:\/\/recover.lajunglebijoux.com\/es\/producto\/creoles-torsade-or\/#breadcrumb\"},\"inLanguage\":\"es\",\"potentialAction\":[{\"@type\":\"ReadAction\",\"target\":[\"http:\/\/recover.lajunglebijoux.com\/es\/producto\/creoles-torsade-or\/\"]}]},{\"@type\":\"BreadcrumbList\",\"@id\":\"http:\/\/recover.lajunglebijoux.com\/es\/producto\/creoles-torsade-or\/#breadcrumb\",\"itemListElement\":[{\"@type\":\"ListItem\",\"position\":1,\"name\":\"Portada\",\"item\":\"http:\/\/recover.lajunglebijoux.com\/es\/\"},{\"@type\":\"ListItem\",\"position\":2,\"name\":\"Tienda\",\"item\":\"http:\/\/recover.lajunglebijoux.com\/es\/tienda\/\"},{\"@type\":\"ListItem\",\"position\":3,\"name\":\"CR\u00c9OLES TORSAD\u00c9ES &#8211; dor\u00e9es\"}]},{\"@type\":\"WebSite\",\"@id\":\"https:\/\/recover.lajunglebijoux.com\/es\/#website\",\"url\":\"https:\/\/recover.lajunglebijoux.com\/es\/\",\"name\":\"La Jungle Bijoux\",\"description\":\"\",\"publisher\":{\"@id\":\"https:\/\/recover.lajunglebijoux.com\/es\/#organization\"},\"potentialAction\":[{\"@type\":\"SearchAction\",\"target\":{\"@type\":\"EntryPoint\",\"urlTemplate\":\"https:\/\/recover.lajunglebijoux.com\/es\/?s={search_term_string}\"},\"query-input\":\"required name=search_term_string\"}],\"inLanguage\":\"es\"},{\"@type\":\"Organization\",\"@id\":\"https:\/\/recover.lajunglebijoux.com\/es\/#organization\",\"name\":\"La Jungle Bijoux\",\"url\":\"https:\/\/recover.lajunglebijoux.com\/es\/\",\"logo\":{\"@type\":\"ImageObject\",\"inLanguage\":\"es\",\"@id\":\"https:\/\/recover.lajunglebijoux.com\/es\/#\/schema\/logo\/image\/\",\"url\":\"http:\/\/recover.lajunglebijoux.com\/wp-content\/uploads\/2023\/01\/LOGO-FINAL-Fonce.jpg\",\"contentUrl\":\"http:\/\/recover.lajunglebijoux.com\/wp-content\/uploads\/2023\/01\/LOGO-FINAL-Fonce.jpg\",\"width\":900,\"height\":900,\"caption\":\"La Jungle Bijoux\"},\"image\":{\"@id\":\"https:\/\/recover.lajunglebijoux.com\/es\/#\/schema\/logo\/image\/\"}}]}<\/script>\n<!-- \/ Yoast SEO plugin. -->","yoast_head_json":{"title":"CR\u00c9OLES TORSAD\u00c9ES - dor\u00e9es - La Jungle Bijoux","robots":{"index":"index","follow":"follow","max-snippet":"max-snippet:-1","max-image-preview":"max-image-preview:large","max-video-preview":"max-video-preview:-1"},"canonical":"http:\/\/recover.lajunglebijoux.com\/es\/producto\/creoles-torsade-or\/","og_locale":"es_ES","og_type":"article","og_title":"CR\u00c9OLES TORSAD\u00c9ES - dor\u00e9es - La Jungle Bijoux","og_description":"Cr\u00e9oles torsad\u00e9es tendances dor\u00e9es \u00e0 l'or fin haute r\u00e9sistance \u00e0 l'eau, sous garantie.  Bijou intemporel, s'adapte \u00e0 toutes les saisons et tendances du moment.  Voir notre page bijoux sous garantie.  L\u00e9g\u00e8res \u00e0 porter.  Assorties au jonc balade torsad\u00e9e.","og_url":"http:\/\/recover.lajunglebijoux.com\/es\/producto\/creoles-torsade-or\/","og_site_name":"La Jungle Bijoux","twitter_card":"summary_large_image","schema":{"@context":"https:\/\/schema.org","@graph":[{"@type":"WebPage","@id":"http:\/\/recover.lajunglebijoux.com\/es\/producto\/creoles-torsade-or\/","url":"http:\/\/recover.lajunglebijoux.com\/es\/producto\/creoles-torsade-or\/","name":"CR\u00c9OLES TORSAD\u00c9ES - dor\u00e9es - La Jungle Bijoux","isPartOf":{"@id":"https:\/\/recover.lajunglebijoux.com\/es\/#website"},"datePublished":"2022-06-17T17:42:25+00:00","dateModified":"2022-06-17T17:42:25+00:00","breadcrumb":{"@id":"http:\/\/recover.lajunglebijoux.com\/es\/producto\/creoles-torsade-or\/#breadcrumb"},"inLanguage":"es","potentialAction":[{"@type":"ReadAction","target":["http:\/\/recover.lajunglebijoux.com\/es\/producto\/creoles-torsade-or\/"]}]},{"@type":"BreadcrumbList","@id":"http:\/\/recover.lajunglebijoux.com\/es\/producto\/creoles-torsade-or\/#breadcrumb","itemListElement":[{"@type":"ListItem","position":1,"name":"Portada","item":"http:\/\/recover.lajunglebijoux.com\/es\/"},{"@type":"ListItem","position":2,"name":"Tienda","item":"http:\/\/recover.lajunglebijoux.com\/es\/tienda\/"},{"@type":"ListItem","position":3,"name":"CR\u00c9OLES TORSAD\u00c9ES &#8211; dor\u00e9es"}]},{"@type":"WebSite","@id":"https:\/\/recover.lajunglebijoux.com\/es\/#website","url":"https:\/\/recover.lajunglebijoux.com\/es\/","name":"La Jungle Bijoux","description":"","publisher":{"@id":"https:\/\/recover.lajunglebijoux.com\/es\/#organization"},"potentialAction":[{"@type":"SearchAction","target":{"@type":"EntryPoint","urlTemplate":"https:\/\/recover.lajunglebijoux.com\/es\/?s={search_term_string}"},"query-input":"required name=search_term_string"}],"inLanguage":"es"},{"@type":"Organization","@id":"https:\/\/recover.lajunglebijoux.com\/es\/#organization","name":"La Jungle Bijoux","url":"https:\/\/recover.lajunglebijoux.com\/es\/","logo":{"@type":"ImageObject","inLanguage":"es","@id":"https:\/\/recover.lajunglebijoux.com\/es\/#\/schema\/logo\/image\/","url":"http:\/\/recover.lajunglebijoux.com\/wp-content\/uploads\/2023\/01\/LOGO-FINAL-Fonce.jpg","contentUrl":"http:\/\/recover.lajunglebijoux.com\/wp-content\/uploads\/2023\/01\/LOGO-FINAL-Fonce.jpg","width":900,"height":900,"caption":"La Jungle Bijoux"},"image":{"@id":"https:\/\/recover.lajunglebijoux.com\/es\/#\/schema\/logo\/image\/"}}]}},"_links":{"self":[{"href":"http:\/\/recover.lajunglebijoux.com\/es\/wp-json\/wp\/v2\/product\/1279","targetHints":{"allow":["GET"]}}],"collection":[{"href":"http:\/\/recover.lajunglebijoux.com\/es\/wp-json\/wp\/v2\/product"}],"about":[{"href":"http:\/\/recover.lajunglebijoux.com\/es\/wp-json\/wp\/v2\/types\/product"}],"replies":[{"embeddable":true,"href":"http:\/\/recover.lajunglebijoux.com\/es\/wp-json\/wp\/v2\/comments?post=1279"}],"wp:attachment":[{"href":"http:\/\/recover.lajunglebijoux.com\/es\/wp-json\/wp\/v2\/media?parent=1279"}],"wp:term":[{"taxonomy":"product_cat","embeddable":true,"href":"http:\/\/recover.lajunglebijoux.com\/es\/wp-json\/wp\/v2\/product_cat?post=1279"},{"taxonomy":"product_tag","embeddable":true,"href":"http:\/\/recover.lajunglebijoux.com\/es\/wp-json\/wp\/v2\/product_tag?post=1279"}],"curies":[{"name":"wp","href":"https:\/\/api.w.org\/{rel}","templated":true}]}}