{"id":12648,"date":"2024-04-15T19:42:47","date_gmt":"2024-04-15T17:42:47","guid":{"rendered":"https:\/\/recover.lajunglebijoux.com\/product\/boucles-doreilles-paquerette\/"},"modified":"2024-04-29T13:05:28","modified_gmt":"2024-04-29T11:05:28","slug":"pendientes-margaritas","status":"publish","type":"product","link":"http:\/\/recover.lajunglebijoux.com\/es\/producto\/pendientes-margaritas\/","title":{"rendered":"Pendientes de margaritas oro"},"content":{"rendered":"<h2>La historia de los pendientes de margaritas:<\/h2>\n<p>La margarita\ud83c\udf3c Ya sea en el nacimiento, en la infancia o en la edad adulta, la margarita simboliza el amor y la bondad. Discreta pero tan presente, representa el equilibrio. <strong>Los<\/strong> <strong>pendientes de margaritas<\/strong> <strong>te recordar\u00e1n que hay que saber disfrutar de las cosas simples durante todo el a\u00f1o.<\/strong><\/p>\n<p><!-- notionvc: 803eb04d-ed85-4b49-8daf-8232c36465a1 --><\/p>\n<h2>C\u00f3mo llevar los pendientes de margaritas:<\/h2>\n<p>Como se muestra en las fotos, <strong>me encanta llevar mis<\/strong> <strong>pendientes de margaritas<\/strong> <strong>con el <a href=\"https:\/\/recover.lajunglebijoux.com\/es\/producto\/anillo-margarita\/\">anillo margarita<\/a><\/strong> a juego. Lleva tus pendientes de margaritas como s\u00edmbolo de amor y ternura. Combina tus pendientes de margaritas con otros <strong><a href=\"https:\/\/recover.lajunglebijoux.com\/es\/tienda\/?filter_theme=joyas-naturaleza\">s\u00edmbolos naturales y primaverales<\/a><\/strong> como las hojas o la abeja, por ejemplo. <strong><a href=\"https:\/\/recover.lajunglebijoux.com\/es\/producto\/anillo-abeja-simbolo\/\">Como anillo<\/a><\/strong> para adornar diferentes partes de tu aspecto o como <strong><a href=\"https:\/\/recover.lajunglebijoux.com\/es\/producto\/pendientes-abeja-oro\/\">pendientes<\/a><\/strong> para llevar un peque\u00f1o trozo de naturaleza m\u00e1s cerca de tu rostro.<\/p>\n<p><!-- notionvc: db48b3d4-2edb-47b5-afdb-786d0791c8b2 --><\/p>\n","protected":false},"excerpt":{"rendered":"<p><strong>Adopta los pendientes de margaritas<\/strong> si te gusta la primavera, los campos de estas flores y la fragancia de los ramos. Estos pendientes de margaritas son muy ligeros de llevar como amuletos de protecci\u00f3n y positividad.<\/p>\n<p>Estos pendientes de margaritas est\u00e1n hechos de <strong>oro fino de 24 quilates de alta resistencia<\/strong> sobre una base de lat\u00f3n. En el centro de la margarita encontrar\u00e1s un cristal de circonio.<\/p>\n<h2>Consejos de cuidado por tus pendientes de margaritas:<\/h2>\n<p><strong>Guarda tus<\/strong> <strong>pendientes de margaritas<\/strong> <strong>por separado de tus otras joyas<\/strong> cuando no los uses (por ejemplo, en una caja de joyer\u00eda con compartimentos). De esta manera, evitar\u00e1s que se da\u00f1en oxid\u00e1ndose entre s\u00ed. Para evitar que el ba\u00f1o de oro de tus pendientes de margaritas se deteriore, te recomiendo que evites ducharte o ba\u00f1arte con ellos puestos.<\/p>\n<p><!-- notionvc: b40d5f0c-b86e-4dba-8d8a-f2fdf917b57c --><\/p>\n<p><!-- notionvc: 0412fb1d-04b4-4d43-90f0-bc1fbdaa5311 --><\/p>\n","protected":false},"featured_media":12337,"comment_status":"open","ping_status":"closed","template":"","meta":{"_acf_changed":false},"product_cat":[443,137],"product_tag":[],"class_list":{"0":"post-12648","1":"product","2":"type-product","3":"status-publish","4":"has-post-thumbnail","6":"product_cat-bijoux-naissance-maman-es","7":"product_cat-celebrar-con-flores","8":"pa_modele-pendientes","9":"pa_theme-joyas-naturaleza","11":"first","12":"instock","13":"shipping-taxable","14":"purchasable","15":"product-type-variable"},"acf":[],"yoast_head":"<!-- This site is optimized with the Yoast SEO plugin v23.3 - https:\/\/yoast.com\/wordpress\/plugins\/seo\/ -->\n<title>Pendientes de margaritas oro - La Jungle Bijoux<\/title>\n<meta name=\"description\" content=\"Llevar pendientes de margarita es rendir homenaje a esta flor. Darle las gracias por sus p\u00e9talos, sus ramos, su belleza y su sinceridad.\" \/>\n<meta name=\"robots\" content=\"index, follow, max-snippet:-1, max-image-preview:large, max-video-preview:-1\" \/>\n<link rel=\"canonical\" href=\"http:\/\/recover.lajunglebijoux.com\/es\/producto\/pendientes-margaritas\/\" \/>\n<meta property=\"og:locale\" content=\"es_ES\" \/>\n<meta property=\"og:type\" content=\"article\" \/>\n<meta property=\"og:title\" content=\"Pendientes de margaritas oro - La Jungle Bijoux\" \/>\n<meta property=\"og:description\" content=\"Llevar pendientes de margarita es rendir homenaje a esta flor. Darle las gracias por sus p\u00e9talos, sus ramos, su belleza y su sinceridad.\" \/>\n<meta property=\"og:url\" content=\"http:\/\/recover.lajunglebijoux.com\/es\/producto\/pendientes-margaritas\/\" \/>\n<meta property=\"og:site_name\" content=\"La Jungle Bijoux\" \/>\n<meta property=\"article:modified_time\" content=\"2024-04-29T11:05:28+00:00\" \/>\n<meta property=\"og:image\" content=\"http:\/\/recover.lajunglebijoux.com\/wp-content\/uploads\/2024\/04\/boucles-d-oreilles-paquerette-8.jpg\" \/>\n\t<meta property=\"og:image:width\" content=\"1500\" \/>\n\t<meta property=\"og:image:height\" content=\"2000\" \/>\n\t<meta property=\"og:image:type\" content=\"image\/jpeg\" \/>\n<meta name=\"twitter:card\" content=\"summary_large_image\" \/>\n<meta name=\"twitter:label1\" content=\"Tiempo de lectura\" \/>\n\t<meta name=\"twitter:data1\" content=\"1 minuto\" \/>\n<script type=\"application\/ld+json\" class=\"yoast-schema-graph\">{\"@context\":\"https:\/\/schema.org\",\"@graph\":[{\"@type\":\"WebPage\",\"@id\":\"http:\/\/recover.lajunglebijoux.com\/es\/producto\/pendientes-margaritas\/\",\"url\":\"http:\/\/recover.lajunglebijoux.com\/es\/producto\/pendientes-margaritas\/\",\"name\":\"Pendientes de margaritas oro - La Jungle Bijoux\",\"isPartOf\":{\"@id\":\"https:\/\/recover.lajunglebijoux.com\/es\/#website\"},\"primaryImageOfPage\":{\"@id\":\"http:\/\/recover.lajunglebijoux.com\/es\/producto\/pendientes-margaritas\/#primaryimage\"},\"image\":{\"@id\":\"http:\/\/recover.lajunglebijoux.com\/es\/producto\/pendientes-margaritas\/#primaryimage\"},\"thumbnailUrl\":\"http:\/\/recover.lajunglebijoux.com\/wp-content\/uploads\/2024\/04\/boucles-d-oreilles-paquerette-8.jpg\",\"datePublished\":\"2024-04-15T17:42:47+00:00\",\"dateModified\":\"2024-04-29T11:05:28+00:00\",\"description\":\"Llevar pendientes de margarita es rendir homenaje a esta flor. Darle las gracias por sus p\u00e9talos, sus ramos, su belleza y su sinceridad.\",\"breadcrumb\":{\"@id\":\"http:\/\/recover.lajunglebijoux.com\/es\/producto\/pendientes-margaritas\/#breadcrumb\"},\"inLanguage\":\"es\",\"potentialAction\":[{\"@type\":\"ReadAction\",\"target\":[\"http:\/\/recover.lajunglebijoux.com\/es\/producto\/pendientes-margaritas\/\"]}]},{\"@type\":\"ImageObject\",\"inLanguage\":\"es\",\"@id\":\"http:\/\/recover.lajunglebijoux.com\/es\/producto\/pendientes-margaritas\/#primaryimage\",\"url\":\"http:\/\/recover.lajunglebijoux.com\/wp-content\/uploads\/2024\/04\/boucles-d-oreilles-paquerette-8.jpg\",\"contentUrl\":\"http:\/\/recover.lajunglebijoux.com\/wp-content\/uploads\/2024\/04\/boucles-d-oreilles-paquerette-8.jpg\",\"width\":1500,\"height\":2000,\"caption\":\"boucles d'oreilles p\u00e2querette\"},{\"@type\":\"BreadcrumbList\",\"@id\":\"http:\/\/recover.lajunglebijoux.com\/es\/producto\/pendientes-margaritas\/#breadcrumb\",\"itemListElement\":[{\"@type\":\"ListItem\",\"position\":1,\"name\":\"Portada\",\"item\":\"http:\/\/recover.lajunglebijoux.com\/es\/\"},{\"@type\":\"ListItem\",\"position\":2,\"name\":\"Tienda\",\"item\":\"http:\/\/recover.lajunglebijoux.com\/es\/tienda\/\"},{\"@type\":\"ListItem\",\"position\":3,\"name\":\"Pendientes de margaritas oro\"}]},{\"@type\":\"WebSite\",\"@id\":\"https:\/\/recover.lajunglebijoux.com\/es\/#website\",\"url\":\"https:\/\/recover.lajunglebijoux.com\/es\/\",\"name\":\"La Jungle Bijoux\",\"description\":\"\",\"publisher\":{\"@id\":\"https:\/\/recover.lajunglebijoux.com\/es\/#organization\"},\"potentialAction\":[{\"@type\":\"SearchAction\",\"target\":{\"@type\":\"EntryPoint\",\"urlTemplate\":\"https:\/\/recover.lajunglebijoux.com\/es\/?s={search_term_string}\"},\"query-input\":\"required name=search_term_string\"}],\"inLanguage\":\"es\"},{\"@type\":\"Organization\",\"@id\":\"https:\/\/recover.lajunglebijoux.com\/es\/#organization\",\"name\":\"La Jungle Bijoux\",\"url\":\"https:\/\/recover.lajunglebijoux.com\/es\/\",\"logo\":{\"@type\":\"ImageObject\",\"inLanguage\":\"es\",\"@id\":\"https:\/\/recover.lajunglebijoux.com\/es\/#\/schema\/logo\/image\/\",\"url\":\"http:\/\/recover.lajunglebijoux.com\/wp-content\/uploads\/2023\/01\/LOGO-FINAL-Fonce.jpg\",\"contentUrl\":\"http:\/\/recover.lajunglebijoux.com\/wp-content\/uploads\/2023\/01\/LOGO-FINAL-Fonce.jpg\",\"width\":900,\"height\":900,\"caption\":\"La Jungle Bijoux\"},\"image\":{\"@id\":\"https:\/\/recover.lajunglebijoux.com\/es\/#\/schema\/logo\/image\/\"}}]}<\/script>\n<!-- \/ Yoast SEO plugin. -->","yoast_head_json":{"title":"Pendientes de margaritas oro - La Jungle Bijoux","description":"Llevar pendientes de margarita es rendir homenaje a esta flor. Darle las gracias por sus p\u00e9talos, sus ramos, su belleza y su sinceridad.","robots":{"index":"index","follow":"follow","max-snippet":"max-snippet:-1","max-image-preview":"max-image-preview:large","max-video-preview":"max-video-preview:-1"},"canonical":"http:\/\/recover.lajunglebijoux.com\/es\/producto\/pendientes-margaritas\/","og_locale":"es_ES","og_type":"article","og_title":"Pendientes de margaritas oro - La Jungle Bijoux","og_description":"Llevar pendientes de margarita es rendir homenaje a esta flor. Darle las gracias por sus p\u00e9talos, sus ramos, su belleza y su sinceridad.","og_url":"http:\/\/recover.lajunglebijoux.com\/es\/producto\/pendientes-margaritas\/","og_site_name":"La Jungle Bijoux","article_modified_time":"2024-04-29T11:05:28+00:00","og_image":[{"width":1500,"height":2000,"url":"http:\/\/recover.lajunglebijoux.com\/wp-content\/uploads\/2024\/04\/boucles-d-oreilles-paquerette-8.jpg","type":"image\/jpeg"}],"twitter_card":"summary_large_image","twitter_misc":{"Tiempo de lectura":"1 minuto"},"schema":{"@context":"https:\/\/schema.org","@graph":[{"@type":"WebPage","@id":"http:\/\/recover.lajunglebijoux.com\/es\/producto\/pendientes-margaritas\/","url":"http:\/\/recover.lajunglebijoux.com\/es\/producto\/pendientes-margaritas\/","name":"Pendientes de margaritas oro - La Jungle Bijoux","isPartOf":{"@id":"https:\/\/recover.lajunglebijoux.com\/es\/#website"},"primaryImageOfPage":{"@id":"http:\/\/recover.lajunglebijoux.com\/es\/producto\/pendientes-margaritas\/#primaryimage"},"image":{"@id":"http:\/\/recover.lajunglebijoux.com\/es\/producto\/pendientes-margaritas\/#primaryimage"},"thumbnailUrl":"http:\/\/recover.lajunglebijoux.com\/wp-content\/uploads\/2024\/04\/boucles-d-oreilles-paquerette-8.jpg","datePublished":"2024-04-15T17:42:47+00:00","dateModified":"2024-04-29T11:05:28+00:00","description":"Llevar pendientes de margarita es rendir homenaje a esta flor. Darle las gracias por sus p\u00e9talos, sus ramos, su belleza y su sinceridad.","breadcrumb":{"@id":"http:\/\/recover.lajunglebijoux.com\/es\/producto\/pendientes-margaritas\/#breadcrumb"},"inLanguage":"es","potentialAction":[{"@type":"ReadAction","target":["http:\/\/recover.lajunglebijoux.com\/es\/producto\/pendientes-margaritas\/"]}]},{"@type":"ImageObject","inLanguage":"es","@id":"http:\/\/recover.lajunglebijoux.com\/es\/producto\/pendientes-margaritas\/#primaryimage","url":"http:\/\/recover.lajunglebijoux.com\/wp-content\/uploads\/2024\/04\/boucles-d-oreilles-paquerette-8.jpg","contentUrl":"http:\/\/recover.lajunglebijoux.com\/wp-content\/uploads\/2024\/04\/boucles-d-oreilles-paquerette-8.jpg","width":1500,"height":2000,"caption":"boucles d'oreilles p\u00e2querette"},{"@type":"BreadcrumbList","@id":"http:\/\/recover.lajunglebijoux.com\/es\/producto\/pendientes-margaritas\/#breadcrumb","itemListElement":[{"@type":"ListItem","position":1,"name":"Portada","item":"http:\/\/recover.lajunglebijoux.com\/es\/"},{"@type":"ListItem","position":2,"name":"Tienda","item":"http:\/\/recover.lajunglebijoux.com\/es\/tienda\/"},{"@type":"ListItem","position":3,"name":"Pendientes de margaritas oro"}]},{"@type":"WebSite","@id":"https:\/\/recover.lajunglebijoux.com\/es\/#website","url":"https:\/\/recover.lajunglebijoux.com\/es\/","name":"La Jungle Bijoux","description":"","publisher":{"@id":"https:\/\/recover.lajunglebijoux.com\/es\/#organization"},"potentialAction":[{"@type":"SearchAction","target":{"@type":"EntryPoint","urlTemplate":"https:\/\/recover.lajunglebijoux.com\/es\/?s={search_term_string}"},"query-input":"required name=search_term_string"}],"inLanguage":"es"},{"@type":"Organization","@id":"https:\/\/recover.lajunglebijoux.com\/es\/#organization","name":"La Jungle Bijoux","url":"https:\/\/recover.lajunglebijoux.com\/es\/","logo":{"@type":"ImageObject","inLanguage":"es","@id":"https:\/\/recover.lajunglebijoux.com\/es\/#\/schema\/logo\/image\/","url":"http:\/\/recover.lajunglebijoux.com\/wp-content\/uploads\/2023\/01\/LOGO-FINAL-Fonce.jpg","contentUrl":"http:\/\/recover.lajunglebijoux.com\/wp-content\/uploads\/2023\/01\/LOGO-FINAL-Fonce.jpg","width":900,"height":900,"caption":"La Jungle Bijoux"},"image":{"@id":"https:\/\/recover.lajunglebijoux.com\/es\/#\/schema\/logo\/image\/"}}]}},"_links":{"self":[{"href":"http:\/\/recover.lajunglebijoux.com\/es\/wp-json\/wp\/v2\/product\/12648","targetHints":{"allow":["GET"]}}],"collection":[{"href":"http:\/\/recover.lajunglebijoux.com\/es\/wp-json\/wp\/v2\/product"}],"about":[{"href":"http:\/\/recover.lajunglebijoux.com\/es\/wp-json\/wp\/v2\/types\/product"}],"replies":[{"embeddable":true,"href":"http:\/\/recover.lajunglebijoux.com\/es\/wp-json\/wp\/v2\/comments?post=12648"}],"wp:featuredmedia":[{"embeddable":true,"href":"http:\/\/recover.lajunglebijoux.com\/es\/wp-json\/wp\/v2\/media\/12337"}],"wp:attachment":[{"href":"http:\/\/recover.lajunglebijoux.com\/es\/wp-json\/wp\/v2\/media?parent=12648"}],"wp:term":[{"taxonomy":"product_cat","embeddable":true,"href":"http:\/\/recover.lajunglebijoux.com\/es\/wp-json\/wp\/v2\/product_cat?post=12648"},{"taxonomy":"product_tag","embeddable":true,"href":"http:\/\/recover.lajunglebijoux.com\/es\/wp-json\/wp\/v2\/product_tag?post=12648"}],"curies":[{"name":"wp","href":"https:\/\/api.w.org\/{rel}","templated":true}]}}