{"id":12589,"date":"2024-03-14T16:17:46","date_gmt":"2024-03-14T14:17:46","guid":{"rendered":"https:\/\/recover.lajunglebijoux.com\/product\/collier-pierres-naturelles-agate-liberte\/"},"modified":"2024-04-24T13:31:34","modified_gmt":"2024-04-24T11:31:34","slug":"collar-agata-azul","status":"publish","type":"product","link":"http:\/\/recover.lajunglebijoux.com\/es\/producto\/collar-agata-azul\/","title":{"rendered":"Collar \u00e1gata azul : libertad"},"content":{"rendered":"<h3>Mensaje del collar \u00e1gata azul:<\/h3>\n<p>Es al aceptarnos sin juicio que entonces experimentamos el verdadero sentimiento de libertad.<\/p>\n<h2>La piedra natural del collar agata azul<\/h2>\n<p>El collar agata azul ayuda a liberarse de la presi\u00f3n que nos rodea. Ayuda a estabilizar la ansiedad y equilibrar los pensamientos que a veces pueden divagar. Una vez que desaparecen las angustias, la confianza en uno mismo ocupa su lugar para una vida de mujer plena.<\/p>\n<p><!-- notionvc: 82610678-d9b1-42d4-880d-b9681065906b --><\/p>\n","protected":false},"excerpt":{"rendered":"<p>Recupera el sentimiento de libertad en tu vida con este collar agata azul. Te invito a descubrir m\u00e1s en detalle el fascinante significado del color azul a continuaci\u00f3n.<\/p>\n<p>Este collar agata azul es ajustable, con una longitud m\u00ednima de 39 cm y una m\u00e1xima de 45 cm.<\/p>\n<h2>Significado del collar agata azul:<\/h2>\n<p>Al reflexionar sobre el simbolismo del color azul, el mar, la transparencia del agua y la inmensidad de los oc\u00e9anos nos invitan a sumergirnos en nosotros mismos con sabidur\u00eda para aprender a conocernos.<\/p>\n<p>Se dice que cuando el azul del mar y el del cielo se encuentran en el horizonte, es el alma y el esp\u00edritu los que se armonizan al expresar nuestra propia verdad, quienes realmente somos.<\/p>\n<p><!-- notionvc: ea4cedb2-d6cc-4365-a1b9-56e814ebd9ff -->&nbsp;<\/p>\n<p><strong>Este collar acaba de salir de mi taller en Barcelona. El \u00fanico m\u00e9todo de entrega posible es Mondial Relay. Si eliges el env\u00edo a domicilio, te devolver\u00e9 la diferencia y aun as\u00ed tendr\u00e9 que envi\u00e1rtelo por Mondial Relay.<\/strong><\/p>\n","protected":false},"featured_media":11839,"comment_status":"open","ping_status":"closed","template":"","meta":{"_acf_changed":false},"product_cat":[16],"product_tag":[],"class_list":{"0":"post-12589","1":"product","2":"type-product","3":"status-publish","4":"has-post-thumbnail","6":"product_cat-uncategorized","7":"pa_modele-collares","8":"pa_modele-collares-gargantillas","9":"pa_theme-joyas-energeticas","10":"pa_theme-piedras-litoterapia","12":"first","13":"outofstock","14":"shipping-taxable","15":"purchasable","16":"product-type-variable"},"acf":[],"yoast_head":"<!-- This site is optimized with the Yoast SEO plugin v23.3 - https:\/\/yoast.com\/wordpress\/plugins\/seo\/ -->\n<title>Collar \u00e1gata azul : libertad - La Jungle Bijoux<\/title>\n<meta name=\"description\" content=\"Con este collar \u00e1gata azul, recupera la sensaci\u00f3n de libertad en tu vida.\" \/>\n<meta name=\"robots\" content=\"index, follow, max-snippet:-1, max-image-preview:large, max-video-preview:-1\" \/>\n<link rel=\"canonical\" href=\"http:\/\/recover.lajunglebijoux.com\/es\/producto\/collar-agata-azul\/\" \/>\n<meta property=\"og:locale\" content=\"es_ES\" \/>\n<meta property=\"og:type\" content=\"article\" \/>\n<meta property=\"og:title\" content=\"Collar \u00e1gata azul : libertad - La Jungle Bijoux\" \/>\n<meta property=\"og:description\" content=\"Con este collar \u00e1gata azul, recupera la sensaci\u00f3n de libertad en tu vida.\" \/>\n<meta property=\"og:url\" content=\"http:\/\/recover.lajunglebijoux.com\/es\/producto\/collar-agata-azul\/\" \/>\n<meta property=\"og:site_name\" content=\"La Jungle Bijoux\" \/>\n<meta property=\"article:modified_time\" content=\"2024-04-24T11:31:34+00:00\" \/>\n<meta property=\"og:image\" content=\"http:\/\/recover.lajunglebijoux.com\/wp-content\/uploads\/2024\/03\/collier-perle-ras-de-cou-couleur-5.jpg\" \/>\n\t<meta property=\"og:image:width\" content=\"1575\" \/>\n\t<meta property=\"og:image:height\" content=\"2100\" \/>\n\t<meta property=\"og:image:type\" content=\"image\/jpeg\" \/>\n<meta name=\"twitter:card\" content=\"summary_large_image\" \/>\n<meta name=\"twitter:label1\" content=\"Tiempo de lectura\" \/>\n\t<meta name=\"twitter:data1\" content=\"1 minuto\" \/>\n<script type=\"application\/ld+json\" class=\"yoast-schema-graph\">{\"@context\":\"https:\/\/schema.org\",\"@graph\":[{\"@type\":\"WebPage\",\"@id\":\"http:\/\/recover.lajunglebijoux.com\/es\/producto\/collar-agata-azul\/\",\"url\":\"http:\/\/recover.lajunglebijoux.com\/es\/producto\/collar-agata-azul\/\",\"name\":\"Collar \u00e1gata azul : libertad - La Jungle Bijoux\",\"isPartOf\":{\"@id\":\"https:\/\/recover.lajunglebijoux.com\/es\/#website\"},\"primaryImageOfPage\":{\"@id\":\"http:\/\/recover.lajunglebijoux.com\/es\/producto\/collar-agata-azul\/#primaryimage\"},\"image\":{\"@id\":\"http:\/\/recover.lajunglebijoux.com\/es\/producto\/collar-agata-azul\/#primaryimage\"},\"thumbnailUrl\":\"http:\/\/recover.lajunglebijoux.com\/wp-content\/uploads\/2024\/03\/collier-perle-ras-de-cou-couleur-5.jpg\",\"datePublished\":\"2024-03-14T14:17:46+00:00\",\"dateModified\":\"2024-04-24T11:31:34+00:00\",\"description\":\"Con este collar \u00e1gata azul, recupera la sensaci\u00f3n de libertad en tu vida.\",\"breadcrumb\":{\"@id\":\"http:\/\/recover.lajunglebijoux.com\/es\/producto\/collar-agata-azul\/#breadcrumb\"},\"inLanguage\":\"es\",\"potentialAction\":[{\"@type\":\"ReadAction\",\"target\":[\"http:\/\/recover.lajunglebijoux.com\/es\/producto\/collar-agata-azul\/\"]}]},{\"@type\":\"ImageObject\",\"inLanguage\":\"es\",\"@id\":\"http:\/\/recover.lajunglebijoux.com\/es\/producto\/collar-agata-azul\/#primaryimage\",\"url\":\"http:\/\/recover.lajunglebijoux.com\/wp-content\/uploads\/2024\/03\/collier-perle-ras-de-cou-couleur-5.jpg\",\"contentUrl\":\"http:\/\/recover.lajunglebijoux.com\/wp-content\/uploads\/2024\/03\/collier-perle-ras-de-cou-couleur-5.jpg\",\"width\":1575,\"height\":2100,\"caption\":\"collier perle ras de cou couleur bleu\"},{\"@type\":\"BreadcrumbList\",\"@id\":\"http:\/\/recover.lajunglebijoux.com\/es\/producto\/collar-agata-azul\/#breadcrumb\",\"itemListElement\":[{\"@type\":\"ListItem\",\"position\":1,\"name\":\"Portada\",\"item\":\"https:\/\/recover.lajunglebijoux.com\/es\/\"},{\"@type\":\"ListItem\",\"position\":2,\"name\":\"Tienda\",\"item\":\"https:\/\/recover.lajunglebijoux.com\/es\/tienda\/\"},{\"@type\":\"ListItem\",\"position\":3,\"name\":\"Collar \u00e1gata azul : libertad\"}]},{\"@type\":\"WebSite\",\"@id\":\"https:\/\/recover.lajunglebijoux.com\/es\/#website\",\"url\":\"https:\/\/recover.lajunglebijoux.com\/es\/\",\"name\":\"La Jungle Bijoux\",\"description\":\"\",\"publisher\":{\"@id\":\"https:\/\/recover.lajunglebijoux.com\/es\/#organization\"},\"potentialAction\":[{\"@type\":\"SearchAction\",\"target\":{\"@type\":\"EntryPoint\",\"urlTemplate\":\"https:\/\/recover.lajunglebijoux.com\/es\/?s={search_term_string}\"},\"query-input\":\"required name=search_term_string\"}],\"inLanguage\":\"es\"},{\"@type\":\"Organization\",\"@id\":\"https:\/\/recover.lajunglebijoux.com\/es\/#organization\",\"name\":\"La Jungle Bijoux\",\"url\":\"https:\/\/recover.lajunglebijoux.com\/es\/\",\"logo\":{\"@type\":\"ImageObject\",\"inLanguage\":\"es\",\"@id\":\"https:\/\/recover.lajunglebijoux.com\/es\/#\/schema\/logo\/image\/\",\"url\":\"http:\/\/recover.lajunglebijoux.com\/wp-content\/uploads\/2023\/01\/LOGO-FINAL-Fonce.jpg\",\"contentUrl\":\"http:\/\/recover.lajunglebijoux.com\/wp-content\/uploads\/2023\/01\/LOGO-FINAL-Fonce.jpg\",\"width\":900,\"height\":900,\"caption\":\"La Jungle Bijoux\"},\"image\":{\"@id\":\"https:\/\/recover.lajunglebijoux.com\/es\/#\/schema\/logo\/image\/\"}}]}<\/script>\n<!-- \/ Yoast SEO plugin. -->","yoast_head_json":{"title":"Collar \u00e1gata azul : libertad - La Jungle Bijoux","description":"Con este collar \u00e1gata azul, recupera la sensaci\u00f3n de libertad en tu vida.","robots":{"index":"index","follow":"follow","max-snippet":"max-snippet:-1","max-image-preview":"max-image-preview:large","max-video-preview":"max-video-preview:-1"},"canonical":"http:\/\/recover.lajunglebijoux.com\/es\/producto\/collar-agata-azul\/","og_locale":"es_ES","og_type":"article","og_title":"Collar \u00e1gata azul : libertad - La Jungle Bijoux","og_description":"Con este collar \u00e1gata azul, recupera la sensaci\u00f3n de libertad en tu vida.","og_url":"http:\/\/recover.lajunglebijoux.com\/es\/producto\/collar-agata-azul\/","og_site_name":"La Jungle Bijoux","article_modified_time":"2024-04-24T11:31:34+00:00","og_image":[{"width":1575,"height":2100,"url":"http:\/\/recover.lajunglebijoux.com\/wp-content\/uploads\/2024\/03\/collier-perle-ras-de-cou-couleur-5.jpg","type":"image\/jpeg"}],"twitter_card":"summary_large_image","twitter_misc":{"Tiempo de lectura":"1 minuto"},"schema":{"@context":"https:\/\/schema.org","@graph":[{"@type":"WebPage","@id":"http:\/\/recover.lajunglebijoux.com\/es\/producto\/collar-agata-azul\/","url":"http:\/\/recover.lajunglebijoux.com\/es\/producto\/collar-agata-azul\/","name":"Collar \u00e1gata azul : libertad - La Jungle Bijoux","isPartOf":{"@id":"https:\/\/recover.lajunglebijoux.com\/es\/#website"},"primaryImageOfPage":{"@id":"http:\/\/recover.lajunglebijoux.com\/es\/producto\/collar-agata-azul\/#primaryimage"},"image":{"@id":"http:\/\/recover.lajunglebijoux.com\/es\/producto\/collar-agata-azul\/#primaryimage"},"thumbnailUrl":"http:\/\/recover.lajunglebijoux.com\/wp-content\/uploads\/2024\/03\/collier-perle-ras-de-cou-couleur-5.jpg","datePublished":"2024-03-14T14:17:46+00:00","dateModified":"2024-04-24T11:31:34+00:00","description":"Con este collar \u00e1gata azul, recupera la sensaci\u00f3n de libertad en tu vida.","breadcrumb":{"@id":"http:\/\/recover.lajunglebijoux.com\/es\/producto\/collar-agata-azul\/#breadcrumb"},"inLanguage":"es","potentialAction":[{"@type":"ReadAction","target":["http:\/\/recover.lajunglebijoux.com\/es\/producto\/collar-agata-azul\/"]}]},{"@type":"ImageObject","inLanguage":"es","@id":"http:\/\/recover.lajunglebijoux.com\/es\/producto\/collar-agata-azul\/#primaryimage","url":"http:\/\/recover.lajunglebijoux.com\/wp-content\/uploads\/2024\/03\/collier-perle-ras-de-cou-couleur-5.jpg","contentUrl":"http:\/\/recover.lajunglebijoux.com\/wp-content\/uploads\/2024\/03\/collier-perle-ras-de-cou-couleur-5.jpg","width":1575,"height":2100,"caption":"collier perle ras de cou couleur bleu"},{"@type":"BreadcrumbList","@id":"http:\/\/recover.lajunglebijoux.com\/es\/producto\/collar-agata-azul\/#breadcrumb","itemListElement":[{"@type":"ListItem","position":1,"name":"Portada","item":"https:\/\/recover.lajunglebijoux.com\/es\/"},{"@type":"ListItem","position":2,"name":"Tienda","item":"https:\/\/recover.lajunglebijoux.com\/es\/tienda\/"},{"@type":"ListItem","position":3,"name":"Collar \u00e1gata azul : libertad"}]},{"@type":"WebSite","@id":"https:\/\/recover.lajunglebijoux.com\/es\/#website","url":"https:\/\/recover.lajunglebijoux.com\/es\/","name":"La Jungle Bijoux","description":"","publisher":{"@id":"https:\/\/recover.lajunglebijoux.com\/es\/#organization"},"potentialAction":[{"@type":"SearchAction","target":{"@type":"EntryPoint","urlTemplate":"https:\/\/recover.lajunglebijoux.com\/es\/?s={search_term_string}"},"query-input":"required name=search_term_string"}],"inLanguage":"es"},{"@type":"Organization","@id":"https:\/\/recover.lajunglebijoux.com\/es\/#organization","name":"La Jungle Bijoux","url":"https:\/\/recover.lajunglebijoux.com\/es\/","logo":{"@type":"ImageObject","inLanguage":"es","@id":"https:\/\/recover.lajunglebijoux.com\/es\/#\/schema\/logo\/image\/","url":"http:\/\/recover.lajunglebijoux.com\/wp-content\/uploads\/2023\/01\/LOGO-FINAL-Fonce.jpg","contentUrl":"http:\/\/recover.lajunglebijoux.com\/wp-content\/uploads\/2023\/01\/LOGO-FINAL-Fonce.jpg","width":900,"height":900,"caption":"La Jungle Bijoux"},"image":{"@id":"https:\/\/recover.lajunglebijoux.com\/es\/#\/schema\/logo\/image\/"}}]}},"_links":{"self":[{"href":"http:\/\/recover.lajunglebijoux.com\/es\/wp-json\/wp\/v2\/product\/12589","targetHints":{"allow":["GET"]}}],"collection":[{"href":"http:\/\/recover.lajunglebijoux.com\/es\/wp-json\/wp\/v2\/product"}],"about":[{"href":"http:\/\/recover.lajunglebijoux.com\/es\/wp-json\/wp\/v2\/types\/product"}],"replies":[{"embeddable":true,"href":"http:\/\/recover.lajunglebijoux.com\/es\/wp-json\/wp\/v2\/comments?post=12589"}],"wp:featuredmedia":[{"embeddable":true,"href":"http:\/\/recover.lajunglebijoux.com\/es\/wp-json\/wp\/v2\/media\/11839"}],"wp:attachment":[{"href":"http:\/\/recover.lajunglebijoux.com\/es\/wp-json\/wp\/v2\/media?parent=12589"}],"wp:term":[{"taxonomy":"product_cat","embeddable":true,"href":"http:\/\/recover.lajunglebijoux.com\/es\/wp-json\/wp\/v2\/product_cat?post=12589"},{"taxonomy":"product_tag","embeddable":true,"href":"http:\/\/recover.lajunglebijoux.com\/es\/wp-json\/wp\/v2\/product_tag?post=12589"}],"curies":[{"name":"wp","href":"https:\/\/api.w.org\/{rel}","templated":true}]}}