{"id":12578,"date":"2023-11-10T18:42:47","date_gmt":"2023-11-10T16:42:47","guid":{"rendered":"https:\/\/recover.lajunglebijoux.com\/product\/boucles-doreilles-papillons\/"},"modified":"2024-04-24T12:13:36","modified_gmt":"2024-04-24T10:13:36","slug":"pendientes-mariposa-oro","status":"publish","type":"product","link":"http:\/\/recover.lajunglebijoux.com\/es\/producto\/pendientes-mariposa-oro\/","title":{"rendered":"Pendientes mariposa oro &#8211; sororidad"},"content":{"rendered":"<p><strong>Se venden a elecci\u00f3n por par o unidad.<\/strong><\/p>\n<h2>Cuidado de tus pendientes mariposa oro<\/h2>\n<p>Para cuidar y mantener el brillo de tus pendientes mariposa oro el mayor tiempo posible, te recomiendo siempre guardarlos en el bolsito de tela reciclada proporcionada durante la entrega. Es mejor quitarte tus pendientes mariposa oro antes de dormir o de practicar actividad f\u00edsica. El \u00faltimo consejo para conservar el brillo y la belleza de tus pendientes mariposa oro es evitar el contacto con agua de mar, de piscina y productos cosm\u00e9ticos como cremas o perfumes. <strong><a href=\"https:\/\/recover.lajunglebijoux.com\/conseils-dentretien\/\">Encuentra todos los consejos de mantenimiento aqu\u00ed<\/a><\/strong> as\u00ed como en tu paquete.<\/p>\n<p><!-- notionvc: f1e9119c-7717-41a6-9a1b-a8a0235edcb8 --><\/p>\n","protected":false},"excerpt":{"rendered":"<p>Estos pendientes mariposa oro est\u00e1n hechos de lat\u00f3n ba\u00f1ado en <strong>oro de 24 quilates de alta resistencia sin n\u00edquel ni cadmio.<\/strong><\/p>\n<h2>\u00bfC\u00f3mo he creado los pendientes mariposa oro ?<\/h2>\n<p>Me inspir\u00e9 de \u00abEscritoras\u00bb de Carmen G. De La Cueva, un libro sobre la sororidad en el siglo XX en Espa\u00f1a y espec\u00edficamente sobre las mujeres escritoras de esa \u00e9poca. Debes saber que en esa \u00e9poca en Espa\u00f1a, las mujeres, si ten\u00edan la rara oportunidad de estudiar, no ten\u00edan derecho a ser publicadas. Algunas vieron sus manuscritos quemados, ya que el Estado consideraba que las palabras y las ideas de las mujeres no eran leg\u00edtimas e incluso peligrosas para los hogares. Una soluci\u00f3n ef\u00edmera y desviada para poder publicar sus libros era hacerlo en nombre de sus esposos, o bien disfrazarse de hombre y adoptar un seud\u00f3nimo masculino. La autora compara este fen\u00f3meno con el de las <strong>mariposas<\/strong> nocturnas. No son reconocidas aunque tienen tanto valor como las diurnas. Son discretas, en la sombra y pueden incluso inspirar miedo, mientras que lo masculino (mariposas diurnas) recibe todos los elogios por sus <strong>colores brillantes<\/strong>.<\/p>\n<p>Con estos <strong>pendientes mariposa oro<\/strong>, quise <strong>rendir homenaje a estas mujeres en la sombra<\/strong> y a todas las mujeres.<\/p>\n<p>En general, la mariposa representa la transformaci\u00f3n, y este es tambi\u00e9n uno de los mensajes que llevan estos pendientes mariposa oro ricos en significado. \u00a1Para que este mundo siga cambiando y transform\u00e1ndose hacia una mayor justicia, atrev\u00e1monos a alzar nuestra voz como estas mujeres se atrevieron!<\/p>\n<p><!-- notionvc: c4261d76-f700-43b7-b532-7e19043873f2 --><\/p>\n","protected":false},"featured_media":10791,"comment_status":"open","ping_status":"closed","template":"","meta":{"_acf_changed":false},"product_cat":[444],"product_tag":[],"class_list":{"0":"post-12578","1":"product","2":"type-product","3":"status-publish","4":"has-post-thumbnail","6":"product_cat-camino-de-colores-es","7":"pa_modele-pendientes","8":"pa_theme-joyas-naturaleza","10":"first","11":"instock","12":"shipping-taxable","13":"purchasable","14":"product-type-variable"},"acf":[],"yoast_head":"<!-- This site is optimized with the Yoast SEO plugin v23.3 - https:\/\/yoast.com\/wordpress\/plugins\/seo\/ -->\n<title>Pendientes mariposa oro - sororidad - La Jungle Bijoux<\/title>\n<meta name=\"description\" content=\"Descubre el mensaje de solidaridad femenina en estos pendientes mariposa y luce tus valores con elegancia, orgullo y discreci\u00f3n.\" \/>\n<meta name=\"robots\" content=\"index, follow, max-snippet:-1, max-image-preview:large, max-video-preview:-1\" \/>\n<link rel=\"canonical\" href=\"http:\/\/recover.lajunglebijoux.com\/es\/producto\/pendientes-mariposa-oro\/\" \/>\n<meta property=\"og:locale\" content=\"es_ES\" \/>\n<meta property=\"og:type\" content=\"article\" \/>\n<meta property=\"og:title\" content=\"Pendientes mariposa oro - sororidad - La Jungle Bijoux\" \/>\n<meta property=\"og:description\" content=\"Descubre el mensaje de solidaridad femenina en estos pendientes mariposa y luce tus valores con elegancia, orgullo y discreci\u00f3n.\" \/>\n<meta property=\"og:url\" content=\"http:\/\/recover.lajunglebijoux.com\/es\/producto\/pendientes-mariposa-oro\/\" \/>\n<meta property=\"og:site_name\" content=\"La Jungle Bijoux\" \/>\n<meta property=\"article:modified_time\" content=\"2024-04-24T10:13:36+00:00\" \/>\n<meta property=\"og:image\" content=\"http:\/\/recover.lajunglebijoux.com\/wp-content\/uploads\/2023\/11\/20231029_114237.jpg\" \/>\n\t<meta property=\"og:image:width\" content=\"975\" \/>\n\t<meta property=\"og:image:height\" content=\"1300\" \/>\n\t<meta property=\"og:image:type\" content=\"image\/jpeg\" \/>\n<meta name=\"twitter:card\" content=\"summary_large_image\" \/>\n<meta name=\"twitter:label1\" content=\"Tiempo de lectura\" \/>\n\t<meta name=\"twitter:data1\" content=\"1 minuto\" \/>\n<script type=\"application\/ld+json\" class=\"yoast-schema-graph\">{\"@context\":\"https:\/\/schema.org\",\"@graph\":[{\"@type\":\"WebPage\",\"@id\":\"http:\/\/recover.lajunglebijoux.com\/es\/producto\/pendientes-mariposa-oro\/\",\"url\":\"http:\/\/recover.lajunglebijoux.com\/es\/producto\/pendientes-mariposa-oro\/\",\"name\":\"Pendientes mariposa oro - sororidad - La Jungle Bijoux\",\"isPartOf\":{\"@id\":\"http:\/\/recover.lajunglebijoux.com\/es\/#website\"},\"primaryImageOfPage\":{\"@id\":\"http:\/\/recover.lajunglebijoux.com\/es\/producto\/pendientes-mariposa-oro\/#primaryimage\"},\"image\":{\"@id\":\"http:\/\/recover.lajunglebijoux.com\/es\/producto\/pendientes-mariposa-oro\/#primaryimage\"},\"thumbnailUrl\":\"http:\/\/recover.lajunglebijoux.com\/wp-content\/uploads\/2023\/11\/20231029_114237.jpg\",\"datePublished\":\"2023-11-10T16:42:47+00:00\",\"dateModified\":\"2024-04-24T10:13:36+00:00\",\"description\":\"Descubre el mensaje de solidaridad femenina en estos pendientes mariposa y luce tus valores con elegancia, orgullo y discreci\u00f3n.\",\"breadcrumb\":{\"@id\":\"http:\/\/recover.lajunglebijoux.com\/es\/producto\/pendientes-mariposa-oro\/#breadcrumb\"},\"inLanguage\":\"es\",\"potentialAction\":[{\"@type\":\"ReadAction\",\"target\":[\"http:\/\/recover.lajunglebijoux.com\/es\/producto\/pendientes-mariposa-oro\/\"]}]},{\"@type\":\"ImageObject\",\"inLanguage\":\"es\",\"@id\":\"http:\/\/recover.lajunglebijoux.com\/es\/producto\/pendientes-mariposa-oro\/#primaryimage\",\"url\":\"http:\/\/recover.lajunglebijoux.com\/wp-content\/uploads\/2023\/11\/20231029_114237.jpg\",\"contentUrl\":\"http:\/\/recover.lajunglebijoux.com\/wp-content\/uploads\/2023\/11\/20231029_114237.jpg\",\"width\":975,\"height\":1300,\"caption\":\"boucles d'oreilles papillons marque f\u00e9ministe\"},{\"@type\":\"BreadcrumbList\",\"@id\":\"http:\/\/recover.lajunglebijoux.com\/es\/producto\/pendientes-mariposa-oro\/#breadcrumb\",\"itemListElement\":[{\"@type\":\"ListItem\",\"position\":1,\"name\":\"Portada\",\"item\":\"http:\/\/recover.lajunglebijoux.com\/es\/\"},{\"@type\":\"ListItem\",\"position\":2,\"name\":\"Tienda\",\"item\":\"http:\/\/recover.lajunglebijoux.com\/es\/tienda\/\"},{\"@type\":\"ListItem\",\"position\":3,\"name\":\"Pendientes mariposa oro &#8211; sororidad\"}]},{\"@type\":\"WebSite\",\"@id\":\"http:\/\/recover.lajunglebijoux.com\/es\/#website\",\"url\":\"http:\/\/recover.lajunglebijoux.com\/es\/\",\"name\":\"La Jungle Bijoux\",\"description\":\"\",\"publisher\":{\"@id\":\"http:\/\/recover.lajunglebijoux.com\/es\/#organization\"},\"potentialAction\":[{\"@type\":\"SearchAction\",\"target\":{\"@type\":\"EntryPoint\",\"urlTemplate\":\"http:\/\/recover.lajunglebijoux.com\/es\/?s={search_term_string}\"},\"query-input\":\"required name=search_term_string\"}],\"inLanguage\":\"es\"},{\"@type\":\"Organization\",\"@id\":\"http:\/\/recover.lajunglebijoux.com\/es\/#organization\",\"name\":\"La Jungle Bijoux\",\"url\":\"http:\/\/recover.lajunglebijoux.com\/es\/\",\"logo\":{\"@type\":\"ImageObject\",\"inLanguage\":\"es\",\"@id\":\"http:\/\/recover.lajunglebijoux.com\/es\/#\/schema\/logo\/image\/\",\"url\":\"http:\/\/recover.lajunglebijoux.com\/wp-content\/uploads\/2023\/01\/LOGO-FINAL-Fonce.jpg\",\"contentUrl\":\"http:\/\/recover.lajunglebijoux.com\/wp-content\/uploads\/2023\/01\/LOGO-FINAL-Fonce.jpg\",\"width\":900,\"height\":900,\"caption\":\"La Jungle Bijoux\"},\"image\":{\"@id\":\"http:\/\/recover.lajunglebijoux.com\/es\/#\/schema\/logo\/image\/\"}}]}<\/script>\n<!-- \/ Yoast SEO plugin. -->","yoast_head_json":{"title":"Pendientes mariposa oro - sororidad - La Jungle Bijoux","description":"Descubre el mensaje de solidaridad femenina en estos pendientes mariposa y luce tus valores con elegancia, orgullo y discreci\u00f3n.","robots":{"index":"index","follow":"follow","max-snippet":"max-snippet:-1","max-image-preview":"max-image-preview:large","max-video-preview":"max-video-preview:-1"},"canonical":"http:\/\/recover.lajunglebijoux.com\/es\/producto\/pendientes-mariposa-oro\/","og_locale":"es_ES","og_type":"article","og_title":"Pendientes mariposa oro - sororidad - La Jungle Bijoux","og_description":"Descubre el mensaje de solidaridad femenina en estos pendientes mariposa y luce tus valores con elegancia, orgullo y discreci\u00f3n.","og_url":"http:\/\/recover.lajunglebijoux.com\/es\/producto\/pendientes-mariposa-oro\/","og_site_name":"La Jungle Bijoux","article_modified_time":"2024-04-24T10:13:36+00:00","og_image":[{"width":975,"height":1300,"url":"http:\/\/recover.lajunglebijoux.com\/wp-content\/uploads\/2023\/11\/20231029_114237.jpg","type":"image\/jpeg"}],"twitter_card":"summary_large_image","twitter_misc":{"Tiempo de lectura":"1 minuto"},"schema":{"@context":"https:\/\/schema.org","@graph":[{"@type":"WebPage","@id":"http:\/\/recover.lajunglebijoux.com\/es\/producto\/pendientes-mariposa-oro\/","url":"http:\/\/recover.lajunglebijoux.com\/es\/producto\/pendientes-mariposa-oro\/","name":"Pendientes mariposa oro - sororidad - La Jungle Bijoux","isPartOf":{"@id":"http:\/\/recover.lajunglebijoux.com\/es\/#website"},"primaryImageOfPage":{"@id":"http:\/\/recover.lajunglebijoux.com\/es\/producto\/pendientes-mariposa-oro\/#primaryimage"},"image":{"@id":"http:\/\/recover.lajunglebijoux.com\/es\/producto\/pendientes-mariposa-oro\/#primaryimage"},"thumbnailUrl":"http:\/\/recover.lajunglebijoux.com\/wp-content\/uploads\/2023\/11\/20231029_114237.jpg","datePublished":"2023-11-10T16:42:47+00:00","dateModified":"2024-04-24T10:13:36+00:00","description":"Descubre el mensaje de solidaridad femenina en estos pendientes mariposa y luce tus valores con elegancia, orgullo y discreci\u00f3n.","breadcrumb":{"@id":"http:\/\/recover.lajunglebijoux.com\/es\/producto\/pendientes-mariposa-oro\/#breadcrumb"},"inLanguage":"es","potentialAction":[{"@type":"ReadAction","target":["http:\/\/recover.lajunglebijoux.com\/es\/producto\/pendientes-mariposa-oro\/"]}]},{"@type":"ImageObject","inLanguage":"es","@id":"http:\/\/recover.lajunglebijoux.com\/es\/producto\/pendientes-mariposa-oro\/#primaryimage","url":"http:\/\/recover.lajunglebijoux.com\/wp-content\/uploads\/2023\/11\/20231029_114237.jpg","contentUrl":"http:\/\/recover.lajunglebijoux.com\/wp-content\/uploads\/2023\/11\/20231029_114237.jpg","width":975,"height":1300,"caption":"boucles d'oreilles papillons marque f\u00e9ministe"},{"@type":"BreadcrumbList","@id":"http:\/\/recover.lajunglebijoux.com\/es\/producto\/pendientes-mariposa-oro\/#breadcrumb","itemListElement":[{"@type":"ListItem","position":1,"name":"Portada","item":"http:\/\/recover.lajunglebijoux.com\/es\/"},{"@type":"ListItem","position":2,"name":"Tienda","item":"http:\/\/recover.lajunglebijoux.com\/es\/tienda\/"},{"@type":"ListItem","position":3,"name":"Pendientes mariposa oro &#8211; sororidad"}]},{"@type":"WebSite","@id":"http:\/\/recover.lajunglebijoux.com\/es\/#website","url":"http:\/\/recover.lajunglebijoux.com\/es\/","name":"La Jungle Bijoux","description":"","publisher":{"@id":"http:\/\/recover.lajunglebijoux.com\/es\/#organization"},"potentialAction":[{"@type":"SearchAction","target":{"@type":"EntryPoint","urlTemplate":"http:\/\/recover.lajunglebijoux.com\/es\/?s={search_term_string}"},"query-input":"required name=search_term_string"}],"inLanguage":"es"},{"@type":"Organization","@id":"http:\/\/recover.lajunglebijoux.com\/es\/#organization","name":"La Jungle Bijoux","url":"http:\/\/recover.lajunglebijoux.com\/es\/","logo":{"@type":"ImageObject","inLanguage":"es","@id":"http:\/\/recover.lajunglebijoux.com\/es\/#\/schema\/logo\/image\/","url":"http:\/\/recover.lajunglebijoux.com\/wp-content\/uploads\/2023\/01\/LOGO-FINAL-Fonce.jpg","contentUrl":"http:\/\/recover.lajunglebijoux.com\/wp-content\/uploads\/2023\/01\/LOGO-FINAL-Fonce.jpg","width":900,"height":900,"caption":"La Jungle Bijoux"},"image":{"@id":"http:\/\/recover.lajunglebijoux.com\/es\/#\/schema\/logo\/image\/"}}]}},"_links":{"self":[{"href":"http:\/\/recover.lajunglebijoux.com\/es\/wp-json\/wp\/v2\/product\/12578","targetHints":{"allow":["GET"]}}],"collection":[{"href":"http:\/\/recover.lajunglebijoux.com\/es\/wp-json\/wp\/v2\/product"}],"about":[{"href":"http:\/\/recover.lajunglebijoux.com\/es\/wp-json\/wp\/v2\/types\/product"}],"replies":[{"embeddable":true,"href":"http:\/\/recover.lajunglebijoux.com\/es\/wp-json\/wp\/v2\/comments?post=12578"}],"wp:featuredmedia":[{"embeddable":true,"href":"http:\/\/recover.lajunglebijoux.com\/es\/wp-json\/wp\/v2\/media\/10791"}],"wp:attachment":[{"href":"http:\/\/recover.lajunglebijoux.com\/es\/wp-json\/wp\/v2\/media?parent=12578"}],"wp:term":[{"taxonomy":"product_cat","embeddable":true,"href":"http:\/\/recover.lajunglebijoux.com\/es\/wp-json\/wp\/v2\/product_cat?post=12578"},{"taxonomy":"product_tag","embeddable":true,"href":"http:\/\/recover.lajunglebijoux.com\/es\/wp-json\/wp\/v2\/product_tag?post=12578"}],"curies":[{"name":"wp","href":"https:\/\/api.w.org\/{rel}","templated":true}]}}