{"id":12566,"date":"2023-11-10T20:46:03","date_gmt":"2023-11-10T18:46:03","guid":{"rendered":"https:\/\/recover.lajunglebijoux.com\/product\/croix-dagadez-collier-sautoir\/"},"modified":"2024-04-23T19:06:45","modified_gmt":"2024-04-23T17:06:45","slug":"colgante-tuareg-largo","status":"publish","type":"product","link":"http:\/\/recover.lajunglebijoux.com\/es\/producto\/colgante-tuareg-largo\/","title":{"rendered":"Colgante Tuareg \u2013 collar largo"},"content":{"rendered":"<h2>C\u00f3mo cuidar tu colgante Tuareg :<\/h2>\n<p>Esta colecci\u00f3n es un homenaje a la artesan\u00eda Tuareg, uno de los elementos que me llev\u00f3 a estudiar y formarme en joyer\u00eda y, por lo tanto, a crear La Jungle. <strong>En respeto a las tradiciones Tuareg<\/strong>, tambi\u00e9n eleg\u00ed fabricar el colgante Tuareg en <strong>metal extremadamente duradero y en su mayor pureza, lat\u00f3n crudo<\/strong>. <strong>Muy f\u00e1cil de mantener para que conserve su majestuoso dorado y toda su luminosidad<\/strong>, <strong><a href=\"https:\/\/recover.lajunglebijoux.com\/conseils-dentretien\/\">encontrar\u00e1s todas las indicaciones aqu\u00ed<\/a><\/strong> y en tu paquete al realizar el pedido. La cadena es de acero inoxidable y no necesita ning\u00fan mantenimiento.<\/p>\n<h2>La inspiracion del colgante tuareg :<\/h2>\n<p>Te cuento toda la historia de este colgante tuareg y de esta colecci\u00f3n Camino de colores, con sinceridad, emociones y vulnerabilidad <strong><a href=\"https:\/\/recover.lajunglebijoux.com\/collection\/bijoux-touaregs\/\">justo aqu\u00ed<\/a><\/strong>.<\/p>\n<p><!-- notionvc: 17073dcb-c616-4b10-843a-b30a5d25db2c --><\/p>\n","protected":false},"excerpt":{"rendered":"<p>As\u00ed como su pueblo n\u00f3mada, el significado de la cruz Tuareg de Agadez es el viaje. Es tu turno de dar la bienvenida a este colgante Tuareg en tu camino. Crea tu propia historia de amor hacia la vida, junto con tu nuevo amuleto talism\u00e1n, el colgante Tuareg.<\/p>\n<p>Longitud de la cadena = 75 cm + 5 cm de extensi\u00f3n<\/p>\n<h2>Significado de la cruz Tuareg de Agadez, cruz del Sur:<\/h2>\n<p>Se dice que la cruz Tuareg de Agadez tiene un significado diferente para cada tribu y cada familia. Siendo un pueblo n\u00f3mada, los hombres part\u00edan al desierto en busca de nuevas tierras y el significado de la cruz Tuareg de Agadez era la br\u00fajula que los guiaba hacia el amor, sus mujeres y sus familias en el camino de regreso.<\/p>\n<p>Los herreros y artesanos joyeros eran parte integral de la vida de las familias Tuareg. Otra historia cuenta que fue imaginada por un hombre que quer\u00eda declarar su amor a una mujer privada de libertad. Incapaz de entrar en su casa, hizo fabricar una cruz Tuareg de Agadez significado de Amor en el alfabeto tifinagh gracias a su forma que lleva el + y el o. El artesano joyero de la familia entreg\u00f3 el colgante Tuareg a la mujer para transmitirle este mensaje.<\/p>\n<p><!-- notionvc: 311388d7-47da-408e-8214-587905b552e7 --><\/p>\n","protected":false},"featured_media":10846,"comment_status":"open","ping_status":"closed","template":"","meta":{"_acf_changed":false},"product_cat":[444],"product_tag":[],"class_list":{"0":"post-12566","1":"product","2":"type-product","3":"status-publish","4":"has-post-thumbnail","6":"product_cat-camino-de-colores-es","7":"pa_modele-collares","8":"pa_theme-estilo-vintage","10":"first","11":"instock","12":"shipping-taxable","13":"purchasable","14":"product-type-simple"},"acf":[],"yoast_head":"<!-- This site is optimized with the Yoast SEO plugin v23.3 - https:\/\/yoast.com\/wordpress\/plugins\/seo\/ -->\n<title>Colgante Tuareg \u2013 collar largo - La Jungle Bijoux<\/title>\n<meta name=\"description\" content=\"Adopte su colgante Tuareg con una cruz Tuareg de Agadez, la br\u00fajula de su suave viaje interior\" \/>\n<meta name=\"robots\" content=\"index, follow, max-snippet:-1, max-image-preview:large, max-video-preview:-1\" \/>\n<link rel=\"canonical\" href=\"http:\/\/recover.lajunglebijoux.com\/es\/producto\/colgante-tuareg-largo\/\" \/>\n<meta property=\"og:locale\" content=\"es_ES\" \/>\n<meta property=\"og:type\" content=\"article\" \/>\n<meta property=\"og:title\" content=\"Colgante Tuareg \u2013 collar largo - La Jungle Bijoux\" \/>\n<meta property=\"og:description\" content=\"Adopte su colgante Tuareg con una cruz Tuareg de Agadez, la br\u00fajula de su suave viaje interior\" \/>\n<meta property=\"og:url\" content=\"http:\/\/recover.lajunglebijoux.com\/es\/producto\/colgante-tuareg-largo\/\" \/>\n<meta property=\"og:site_name\" content=\"La Jungle Bijoux\" \/>\n<meta property=\"article:modified_time\" content=\"2024-04-23T17:06:45+00:00\" \/>\n<meta property=\"og:image\" content=\"http:\/\/recover.lajunglebijoux.com\/wp-content\/uploads\/2023\/11\/collier-touareg-sautoir-croix-d-agadez-2.jpg\" \/>\n\t<meta property=\"og:image:width\" content=\"900\" \/>\n\t<meta property=\"og:image:height\" content=\"899\" \/>\n\t<meta property=\"og:image:type\" content=\"image\/jpeg\" \/>\n<meta name=\"twitter:card\" content=\"summary_large_image\" \/>\n<meta name=\"twitter:label1\" content=\"Tiempo de lectura\" \/>\n\t<meta name=\"twitter:data1\" content=\"1 minuto\" \/>\n<script type=\"application\/ld+json\" class=\"yoast-schema-graph\">{\"@context\":\"https:\/\/schema.org\",\"@graph\":[{\"@type\":\"WebPage\",\"@id\":\"http:\/\/recover.lajunglebijoux.com\/es\/producto\/colgante-tuareg-largo\/\",\"url\":\"http:\/\/recover.lajunglebijoux.com\/es\/producto\/colgante-tuareg-largo\/\",\"name\":\"Colgante Tuareg \u2013 collar largo - La Jungle Bijoux\",\"isPartOf\":{\"@id\":\"https:\/\/recover.lajunglebijoux.com\/es\/#website\"},\"primaryImageOfPage\":{\"@id\":\"http:\/\/recover.lajunglebijoux.com\/es\/producto\/colgante-tuareg-largo\/#primaryimage\"},\"image\":{\"@id\":\"http:\/\/recover.lajunglebijoux.com\/es\/producto\/colgante-tuareg-largo\/#primaryimage\"},\"thumbnailUrl\":\"http:\/\/recover.lajunglebijoux.com\/wp-content\/uploads\/2023\/11\/collier-touareg-sautoir-croix-d-agadez-2.jpg\",\"datePublished\":\"2023-11-10T18:46:03+00:00\",\"dateModified\":\"2024-04-23T17:06:45+00:00\",\"description\":\"Adopte su colgante Tuareg con una cruz Tuareg de Agadez, la br\u00fajula de su suave viaje interior\",\"breadcrumb\":{\"@id\":\"http:\/\/recover.lajunglebijoux.com\/es\/producto\/colgante-tuareg-largo\/#breadcrumb\"},\"inLanguage\":\"es\",\"potentialAction\":[{\"@type\":\"ReadAction\",\"target\":[\"http:\/\/recover.lajunglebijoux.com\/es\/producto\/colgante-tuareg-largo\/\"]}]},{\"@type\":\"ImageObject\",\"inLanguage\":\"es\",\"@id\":\"http:\/\/recover.lajunglebijoux.com\/es\/producto\/colgante-tuareg-largo\/#primaryimage\",\"url\":\"http:\/\/recover.lajunglebijoux.com\/wp-content\/uploads\/2023\/11\/collier-touareg-sautoir-croix-d-agadez-2.jpg\",\"contentUrl\":\"http:\/\/recover.lajunglebijoux.com\/wp-content\/uploads\/2023\/11\/collier-touareg-sautoir-croix-d-agadez-2.jpg\",\"width\":900,\"height\":899,\"caption\":\"collier touareg traditionnel sautoir croix d'agadez or pour femme\"},{\"@type\":\"BreadcrumbList\",\"@id\":\"http:\/\/recover.lajunglebijoux.com\/es\/producto\/colgante-tuareg-largo\/#breadcrumb\",\"itemListElement\":[{\"@type\":\"ListItem\",\"position\":1,\"name\":\"Portada\",\"item\":\"http:\/\/recover.lajunglebijoux.com\/es\/\"},{\"@type\":\"ListItem\",\"position\":2,\"name\":\"Tienda\",\"item\":\"http:\/\/recover.lajunglebijoux.com\/es\/tienda\/\"},{\"@type\":\"ListItem\",\"position\":3,\"name\":\"Colgante Tuareg \u2013 collar largo\"}]},{\"@type\":\"WebSite\",\"@id\":\"https:\/\/recover.lajunglebijoux.com\/es\/#website\",\"url\":\"https:\/\/recover.lajunglebijoux.com\/es\/\",\"name\":\"La Jungle Bijoux\",\"description\":\"\",\"publisher\":{\"@id\":\"https:\/\/recover.lajunglebijoux.com\/es\/#organization\"},\"potentialAction\":[{\"@type\":\"SearchAction\",\"target\":{\"@type\":\"EntryPoint\",\"urlTemplate\":\"https:\/\/recover.lajunglebijoux.com\/es\/?s={search_term_string}\"},\"query-input\":\"required name=search_term_string\"}],\"inLanguage\":\"es\"},{\"@type\":\"Organization\",\"@id\":\"https:\/\/recover.lajunglebijoux.com\/es\/#organization\",\"name\":\"La Jungle Bijoux\",\"url\":\"https:\/\/recover.lajunglebijoux.com\/es\/\",\"logo\":{\"@type\":\"ImageObject\",\"inLanguage\":\"es\",\"@id\":\"https:\/\/recover.lajunglebijoux.com\/es\/#\/schema\/logo\/image\/\",\"url\":\"http:\/\/recover.lajunglebijoux.com\/wp-content\/uploads\/2023\/01\/LOGO-FINAL-Fonce.jpg\",\"contentUrl\":\"http:\/\/recover.lajunglebijoux.com\/wp-content\/uploads\/2023\/01\/LOGO-FINAL-Fonce.jpg\",\"width\":900,\"height\":900,\"caption\":\"La Jungle Bijoux\"},\"image\":{\"@id\":\"https:\/\/recover.lajunglebijoux.com\/es\/#\/schema\/logo\/image\/\"}}]}<\/script>\n<!-- \/ Yoast SEO plugin. -->","yoast_head_json":{"title":"Colgante Tuareg \u2013 collar largo - La Jungle Bijoux","description":"Adopte su colgante Tuareg con una cruz Tuareg de Agadez, la br\u00fajula de su suave viaje interior","robots":{"index":"index","follow":"follow","max-snippet":"max-snippet:-1","max-image-preview":"max-image-preview:large","max-video-preview":"max-video-preview:-1"},"canonical":"http:\/\/recover.lajunglebijoux.com\/es\/producto\/colgante-tuareg-largo\/","og_locale":"es_ES","og_type":"article","og_title":"Colgante Tuareg \u2013 collar largo - La Jungle Bijoux","og_description":"Adopte su colgante Tuareg con una cruz Tuareg de Agadez, la br\u00fajula de su suave viaje interior","og_url":"http:\/\/recover.lajunglebijoux.com\/es\/producto\/colgante-tuareg-largo\/","og_site_name":"La Jungle Bijoux","article_modified_time":"2024-04-23T17:06:45+00:00","og_image":[{"width":900,"height":899,"url":"http:\/\/recover.lajunglebijoux.com\/wp-content\/uploads\/2023\/11\/collier-touareg-sautoir-croix-d-agadez-2.jpg","type":"image\/jpeg"}],"twitter_card":"summary_large_image","twitter_misc":{"Tiempo de lectura":"1 minuto"},"schema":{"@context":"https:\/\/schema.org","@graph":[{"@type":"WebPage","@id":"http:\/\/recover.lajunglebijoux.com\/es\/producto\/colgante-tuareg-largo\/","url":"http:\/\/recover.lajunglebijoux.com\/es\/producto\/colgante-tuareg-largo\/","name":"Colgante Tuareg \u2013 collar largo - La Jungle Bijoux","isPartOf":{"@id":"https:\/\/recover.lajunglebijoux.com\/es\/#website"},"primaryImageOfPage":{"@id":"http:\/\/recover.lajunglebijoux.com\/es\/producto\/colgante-tuareg-largo\/#primaryimage"},"image":{"@id":"http:\/\/recover.lajunglebijoux.com\/es\/producto\/colgante-tuareg-largo\/#primaryimage"},"thumbnailUrl":"http:\/\/recover.lajunglebijoux.com\/wp-content\/uploads\/2023\/11\/collier-touareg-sautoir-croix-d-agadez-2.jpg","datePublished":"2023-11-10T18:46:03+00:00","dateModified":"2024-04-23T17:06:45+00:00","description":"Adopte su colgante Tuareg con una cruz Tuareg de Agadez, la br\u00fajula de su suave viaje interior","breadcrumb":{"@id":"http:\/\/recover.lajunglebijoux.com\/es\/producto\/colgante-tuareg-largo\/#breadcrumb"},"inLanguage":"es","potentialAction":[{"@type":"ReadAction","target":["http:\/\/recover.lajunglebijoux.com\/es\/producto\/colgante-tuareg-largo\/"]}]},{"@type":"ImageObject","inLanguage":"es","@id":"http:\/\/recover.lajunglebijoux.com\/es\/producto\/colgante-tuareg-largo\/#primaryimage","url":"http:\/\/recover.lajunglebijoux.com\/wp-content\/uploads\/2023\/11\/collier-touareg-sautoir-croix-d-agadez-2.jpg","contentUrl":"http:\/\/recover.lajunglebijoux.com\/wp-content\/uploads\/2023\/11\/collier-touareg-sautoir-croix-d-agadez-2.jpg","width":900,"height":899,"caption":"collier touareg traditionnel sautoir croix d'agadez or pour femme"},{"@type":"BreadcrumbList","@id":"http:\/\/recover.lajunglebijoux.com\/es\/producto\/colgante-tuareg-largo\/#breadcrumb","itemListElement":[{"@type":"ListItem","position":1,"name":"Portada","item":"http:\/\/recover.lajunglebijoux.com\/es\/"},{"@type":"ListItem","position":2,"name":"Tienda","item":"http:\/\/recover.lajunglebijoux.com\/es\/tienda\/"},{"@type":"ListItem","position":3,"name":"Colgante Tuareg \u2013 collar largo"}]},{"@type":"WebSite","@id":"https:\/\/recover.lajunglebijoux.com\/es\/#website","url":"https:\/\/recover.lajunglebijoux.com\/es\/","name":"La Jungle Bijoux","description":"","publisher":{"@id":"https:\/\/recover.lajunglebijoux.com\/es\/#organization"},"potentialAction":[{"@type":"SearchAction","target":{"@type":"EntryPoint","urlTemplate":"https:\/\/recover.lajunglebijoux.com\/es\/?s={search_term_string}"},"query-input":"required name=search_term_string"}],"inLanguage":"es"},{"@type":"Organization","@id":"https:\/\/recover.lajunglebijoux.com\/es\/#organization","name":"La Jungle Bijoux","url":"https:\/\/recover.lajunglebijoux.com\/es\/","logo":{"@type":"ImageObject","inLanguage":"es","@id":"https:\/\/recover.lajunglebijoux.com\/es\/#\/schema\/logo\/image\/","url":"http:\/\/recover.lajunglebijoux.com\/wp-content\/uploads\/2023\/01\/LOGO-FINAL-Fonce.jpg","contentUrl":"http:\/\/recover.lajunglebijoux.com\/wp-content\/uploads\/2023\/01\/LOGO-FINAL-Fonce.jpg","width":900,"height":900,"caption":"La Jungle Bijoux"},"image":{"@id":"https:\/\/recover.lajunglebijoux.com\/es\/#\/schema\/logo\/image\/"}}]}},"_links":{"self":[{"href":"http:\/\/recover.lajunglebijoux.com\/es\/wp-json\/wp\/v2\/product\/12566","targetHints":{"allow":["GET"]}}],"collection":[{"href":"http:\/\/recover.lajunglebijoux.com\/es\/wp-json\/wp\/v2\/product"}],"about":[{"href":"http:\/\/recover.lajunglebijoux.com\/es\/wp-json\/wp\/v2\/types\/product"}],"replies":[{"embeddable":true,"href":"http:\/\/recover.lajunglebijoux.com\/es\/wp-json\/wp\/v2\/comments?post=12566"}],"wp:featuredmedia":[{"embeddable":true,"href":"http:\/\/recover.lajunglebijoux.com\/es\/wp-json\/wp\/v2\/media\/10846"}],"wp:attachment":[{"href":"http:\/\/recover.lajunglebijoux.com\/es\/wp-json\/wp\/v2\/media?parent=12566"}],"wp:term":[{"taxonomy":"product_cat","embeddable":true,"href":"http:\/\/recover.lajunglebijoux.com\/es\/wp-json\/wp\/v2\/product_cat?post=12566"},{"taxonomy":"product_tag","embeddable":true,"href":"http:\/\/recover.lajunglebijoux.com\/es\/wp-json\/wp\/v2\/product_tag?post=12566"}],"curies":[{"name":"wp","href":"https:\/\/api.w.org\/{rel}","templated":true}]}}