{"id":11680,"date":"2024-02-27T18:11:00","date_gmt":"2024-02-27T16:11:00","guid":{"rendered":"https:\/\/recover.lajunglebijoux.com\/?post_type=product&#038;p=11680"},"modified":"2024-04-01T11:21:07","modified_gmt":"2024-04-01T09:21:07","slug":"collar-rosa-copie","status":"publish","type":"product","link":"http:\/\/recover.lajunglebijoux.com\/es\/producto\/collar-rosa-copie\/","title":{"rendered":"Collar rosa eterna plata de ley"},"content":{"rendered":"","protected":false},"excerpt":{"rendered":"<p><span style=\"font-weight: 400;\">Esta joya floral es el collar perfecto para un regalo de cumplea\u00f1os, boda,\u00a0 San Valent\u00edn o Sant Jordi en Catalu\u00f1a. A medio camino entre una joya y un ramo de flores, el collar rosa eterna es como una flor inmortal que llevar\u00edas colgada al cuello. Nos encanta para realzar un conjunto con un toque de elegancia y delicadeza.<\/span><\/p>\n<p><span style=\"font-weight: 400;\">El collar de rosa eterna esta hecho a mano en nuestro taller de Barcelona en plata de ley. Nuestro collar rosa eterna puede combinarse con nuestra pulsera rosa eterna, nuestros pendientes y dos modelos de anillos de la misma colecci\u00f3n \u00abCelebrar con flores\u00bb.<\/span><\/p>\n<p><span style=\"font-weight: 400;\">Longitud de la cadena: 40 cm + 5 cm de prolongaci\u00f3n (tama\u00f1o ajustable).<\/span><\/p>\n<h2><span style=\"font-weight: 400;\">Consejos de mantenimiento del collar rosa eterna<\/span><\/h2>\n<p><span style=\"font-weight: 400;\">Para conservar el color de tu collar rosa eterna durante m\u00e1s tiempo, puedes guardarlo en la bolsita que se entrega al hacer el pedido. Tambien, puedes limpiar tu collar rosa con un poco de jabon y agua de vez en cuando y secarlo bien con una toalla.<\/span><\/p>\n","protected":false},"featured_media":7643,"comment_status":"open","ping_status":"closed","template":"","meta":{"_acf_changed":false},"product_cat":[137],"product_tag":[],"class_list":{"0":"post-11680","1":"product","2":"type-product","3":"status-publish","4":"has-post-thumbnail","6":"product_cat-celebrar-con-flores","7":"pa_modele-collares","8":"pa_modele-joyas-plata","9":"pa_theme-joyas-naturaleza","10":"pa_theme-joyas-amor","12":"first","13":"instock","14":"sale","15":"shipping-taxable","16":"purchasable","17":"product-type-simple"},"acf":[],"yoast_head":"<!-- This site is optimized with the Yoast SEO plugin v23.3 - https:\/\/yoast.com\/wordpress\/plugins\/seo\/ -->\n<title>Collar rosa eterna plata de ley - La Jungle Bijoux<\/title>\n<meta name=\"description\" content=\"Enam\u00f3rate de nuestro collar rosa chapado de oro, la joya floral perfecta para un regalo de cumplea\u00f1os, boda, San Valent\u00edn o Sant Jordi.\" \/>\n<meta name=\"robots\" content=\"index, follow, max-snippet:-1, max-image-preview:large, max-video-preview:-1\" \/>\n<link rel=\"canonical\" href=\"http:\/\/recover.lajunglebijoux.com\/es\/producto\/collar-rosa-copie\/\" \/>\n<meta property=\"og:locale\" content=\"es_ES\" \/>\n<meta property=\"og:type\" content=\"article\" \/>\n<meta property=\"og:title\" content=\"Collar rosa eterna plata de ley - La Jungle Bijoux\" \/>\n<meta property=\"og:description\" content=\"Enam\u00f3rate de nuestro collar rosa chapado de oro, la joya floral perfecta para un regalo de cumplea\u00f1os, boda, San Valent\u00edn o Sant Jordi.\" \/>\n<meta property=\"og:url\" content=\"http:\/\/recover.lajunglebijoux.com\/es\/producto\/collar-rosa-copie\/\" \/>\n<meta property=\"og:site_name\" content=\"La Jungle Bijoux\" \/>\n<meta property=\"article:modified_time\" content=\"2024-04-01T09:21:07+00:00\" \/>\n<meta property=\"og:image\" content=\"http:\/\/recover.lajunglebijoux.com\/wp-content\/uploads\/2023\/04\/collier-argent-rose.jpg\" \/>\n\t<meta property=\"og:image:width\" content=\"2436\" \/>\n\t<meta property=\"og:image:height\" content=\"2436\" \/>\n\t<meta property=\"og:image:type\" content=\"image\/jpeg\" \/>\n<meta name=\"twitter:card\" content=\"summary_large_image\" \/>\n<meta name=\"twitter:label1\" content=\"Tiempo de lectura\" \/>\n\t<meta name=\"twitter:data1\" content=\"1 minuto\" \/>\n<script type=\"application\/ld+json\" class=\"yoast-schema-graph\">{\"@context\":\"https:\/\/schema.org\",\"@graph\":[{\"@type\":\"WebPage\",\"@id\":\"http:\/\/recover.lajunglebijoux.com\/es\/producto\/collar-rosa-copie\/\",\"url\":\"http:\/\/recover.lajunglebijoux.com\/es\/producto\/collar-rosa-copie\/\",\"name\":\"Collar rosa eterna plata de ley - La Jungle Bijoux\",\"isPartOf\":{\"@id\":\"https:\/\/recover.lajunglebijoux.com\/es\/#website\"},\"primaryImageOfPage\":{\"@id\":\"http:\/\/recover.lajunglebijoux.com\/es\/producto\/collar-rosa-copie\/#primaryimage\"},\"image\":{\"@id\":\"http:\/\/recover.lajunglebijoux.com\/es\/producto\/collar-rosa-copie\/#primaryimage\"},\"thumbnailUrl\":\"http:\/\/recover.lajunglebijoux.com\/wp-content\/uploads\/2023\/04\/collier-argent-rose.jpg\",\"datePublished\":\"2024-02-27T16:11:00+00:00\",\"dateModified\":\"2024-04-01T09:21:07+00:00\",\"description\":\"Enam\u00f3rate de nuestro collar rosa chapado de oro, la joya floral perfecta para un regalo de cumplea\u00f1os, boda, San Valent\u00edn o Sant Jordi.\",\"breadcrumb\":{\"@id\":\"http:\/\/recover.lajunglebijoux.com\/es\/producto\/collar-rosa-copie\/#breadcrumb\"},\"inLanguage\":\"es\",\"potentialAction\":[{\"@type\":\"ReadAction\",\"target\":[\"http:\/\/recover.lajunglebijoux.com\/es\/producto\/collar-rosa-copie\/\"]}]},{\"@type\":\"ImageObject\",\"inLanguage\":\"es\",\"@id\":\"http:\/\/recover.lajunglebijoux.com\/es\/producto\/collar-rosa-copie\/#primaryimage\",\"url\":\"http:\/\/recover.lajunglebijoux.com\/wp-content\/uploads\/2023\/04\/collier-argent-rose.jpg\",\"contentUrl\":\"http:\/\/recover.lajunglebijoux.com\/wp-content\/uploads\/2023\/04\/collier-argent-rose.jpg\",\"width\":2436,\"height\":2436,\"caption\":\"pendentif rose \u00e9ternelle collier argent femme\"},{\"@type\":\"BreadcrumbList\",\"@id\":\"http:\/\/recover.lajunglebijoux.com\/es\/producto\/collar-rosa-copie\/#breadcrumb\",\"itemListElement\":[{\"@type\":\"ListItem\",\"position\":1,\"name\":\"Portada\",\"item\":\"https:\/\/recover.lajunglebijoux.com\/es\/\"},{\"@type\":\"ListItem\",\"position\":2,\"name\":\"Tienda\",\"item\":\"https:\/\/recover.lajunglebijoux.com\/es\/tienda\/\"},{\"@type\":\"ListItem\",\"position\":3,\"name\":\"Collar rosa eterna plata de ley\"}]},{\"@type\":\"WebSite\",\"@id\":\"https:\/\/recover.lajunglebijoux.com\/es\/#website\",\"url\":\"https:\/\/recover.lajunglebijoux.com\/es\/\",\"name\":\"La Jungle Bijoux\",\"description\":\"\",\"publisher\":{\"@id\":\"https:\/\/recover.lajunglebijoux.com\/es\/#organization\"},\"potentialAction\":[{\"@type\":\"SearchAction\",\"target\":{\"@type\":\"EntryPoint\",\"urlTemplate\":\"https:\/\/recover.lajunglebijoux.com\/es\/?s={search_term_string}\"},\"query-input\":\"required name=search_term_string\"}],\"inLanguage\":\"es\"},{\"@type\":\"Organization\",\"@id\":\"https:\/\/recover.lajunglebijoux.com\/es\/#organization\",\"name\":\"La Jungle Bijoux\",\"url\":\"https:\/\/recover.lajunglebijoux.com\/es\/\",\"logo\":{\"@type\":\"ImageObject\",\"inLanguage\":\"es\",\"@id\":\"https:\/\/recover.lajunglebijoux.com\/es\/#\/schema\/logo\/image\/\",\"url\":\"http:\/\/recover.lajunglebijoux.com\/wp-content\/uploads\/2023\/01\/LOGO-FINAL-Fonce.jpg\",\"contentUrl\":\"http:\/\/recover.lajunglebijoux.com\/wp-content\/uploads\/2023\/01\/LOGO-FINAL-Fonce.jpg\",\"width\":900,\"height\":900,\"caption\":\"La Jungle Bijoux\"},\"image\":{\"@id\":\"https:\/\/recover.lajunglebijoux.com\/es\/#\/schema\/logo\/image\/\"}}]}<\/script>\n<!-- \/ Yoast SEO plugin. -->","yoast_head_json":{"title":"Collar rosa eterna plata de ley - La Jungle Bijoux","description":"Enam\u00f3rate de nuestro collar rosa chapado de oro, la joya floral perfecta para un regalo de cumplea\u00f1os, boda, San Valent\u00edn o Sant Jordi.","robots":{"index":"index","follow":"follow","max-snippet":"max-snippet:-1","max-image-preview":"max-image-preview:large","max-video-preview":"max-video-preview:-1"},"canonical":"http:\/\/recover.lajunglebijoux.com\/es\/producto\/collar-rosa-copie\/","og_locale":"es_ES","og_type":"article","og_title":"Collar rosa eterna plata de ley - La Jungle Bijoux","og_description":"Enam\u00f3rate de nuestro collar rosa chapado de oro, la joya floral perfecta para un regalo de cumplea\u00f1os, boda, San Valent\u00edn o Sant Jordi.","og_url":"http:\/\/recover.lajunglebijoux.com\/es\/producto\/collar-rosa-copie\/","og_site_name":"La Jungle Bijoux","article_modified_time":"2024-04-01T09:21:07+00:00","og_image":[{"width":2436,"height":2436,"url":"http:\/\/recover.lajunglebijoux.com\/wp-content\/uploads\/2023\/04\/collier-argent-rose.jpg","type":"image\/jpeg"}],"twitter_card":"summary_large_image","twitter_misc":{"Tiempo de lectura":"1 minuto"},"schema":{"@context":"https:\/\/schema.org","@graph":[{"@type":"WebPage","@id":"http:\/\/recover.lajunglebijoux.com\/es\/producto\/collar-rosa-copie\/","url":"http:\/\/recover.lajunglebijoux.com\/es\/producto\/collar-rosa-copie\/","name":"Collar rosa eterna plata de ley - La Jungle Bijoux","isPartOf":{"@id":"https:\/\/recover.lajunglebijoux.com\/es\/#website"},"primaryImageOfPage":{"@id":"http:\/\/recover.lajunglebijoux.com\/es\/producto\/collar-rosa-copie\/#primaryimage"},"image":{"@id":"http:\/\/recover.lajunglebijoux.com\/es\/producto\/collar-rosa-copie\/#primaryimage"},"thumbnailUrl":"http:\/\/recover.lajunglebijoux.com\/wp-content\/uploads\/2023\/04\/collier-argent-rose.jpg","datePublished":"2024-02-27T16:11:00+00:00","dateModified":"2024-04-01T09:21:07+00:00","description":"Enam\u00f3rate de nuestro collar rosa chapado de oro, la joya floral perfecta para un regalo de cumplea\u00f1os, boda, San Valent\u00edn o Sant Jordi.","breadcrumb":{"@id":"http:\/\/recover.lajunglebijoux.com\/es\/producto\/collar-rosa-copie\/#breadcrumb"},"inLanguage":"es","potentialAction":[{"@type":"ReadAction","target":["http:\/\/recover.lajunglebijoux.com\/es\/producto\/collar-rosa-copie\/"]}]},{"@type":"ImageObject","inLanguage":"es","@id":"http:\/\/recover.lajunglebijoux.com\/es\/producto\/collar-rosa-copie\/#primaryimage","url":"http:\/\/recover.lajunglebijoux.com\/wp-content\/uploads\/2023\/04\/collier-argent-rose.jpg","contentUrl":"http:\/\/recover.lajunglebijoux.com\/wp-content\/uploads\/2023\/04\/collier-argent-rose.jpg","width":2436,"height":2436,"caption":"pendentif rose \u00e9ternelle collier argent femme"},{"@type":"BreadcrumbList","@id":"http:\/\/recover.lajunglebijoux.com\/es\/producto\/collar-rosa-copie\/#breadcrumb","itemListElement":[{"@type":"ListItem","position":1,"name":"Portada","item":"https:\/\/recover.lajunglebijoux.com\/es\/"},{"@type":"ListItem","position":2,"name":"Tienda","item":"https:\/\/recover.lajunglebijoux.com\/es\/tienda\/"},{"@type":"ListItem","position":3,"name":"Collar rosa eterna plata de ley"}]},{"@type":"WebSite","@id":"https:\/\/recover.lajunglebijoux.com\/es\/#website","url":"https:\/\/recover.lajunglebijoux.com\/es\/","name":"La Jungle Bijoux","description":"","publisher":{"@id":"https:\/\/recover.lajunglebijoux.com\/es\/#organization"},"potentialAction":[{"@type":"SearchAction","target":{"@type":"EntryPoint","urlTemplate":"https:\/\/recover.lajunglebijoux.com\/es\/?s={search_term_string}"},"query-input":"required name=search_term_string"}],"inLanguage":"es"},{"@type":"Organization","@id":"https:\/\/recover.lajunglebijoux.com\/es\/#organization","name":"La Jungle Bijoux","url":"https:\/\/recover.lajunglebijoux.com\/es\/","logo":{"@type":"ImageObject","inLanguage":"es","@id":"https:\/\/recover.lajunglebijoux.com\/es\/#\/schema\/logo\/image\/","url":"http:\/\/recover.lajunglebijoux.com\/wp-content\/uploads\/2023\/01\/LOGO-FINAL-Fonce.jpg","contentUrl":"http:\/\/recover.lajunglebijoux.com\/wp-content\/uploads\/2023\/01\/LOGO-FINAL-Fonce.jpg","width":900,"height":900,"caption":"La Jungle Bijoux"},"image":{"@id":"https:\/\/recover.lajunglebijoux.com\/es\/#\/schema\/logo\/image\/"}}]}},"_links":{"self":[{"href":"http:\/\/recover.lajunglebijoux.com\/es\/wp-json\/wp\/v2\/product\/11680","targetHints":{"allow":["GET"]}}],"collection":[{"href":"http:\/\/recover.lajunglebijoux.com\/es\/wp-json\/wp\/v2\/product"}],"about":[{"href":"http:\/\/recover.lajunglebijoux.com\/es\/wp-json\/wp\/v2\/types\/product"}],"replies":[{"embeddable":true,"href":"http:\/\/recover.lajunglebijoux.com\/es\/wp-json\/wp\/v2\/comments?post=11680"}],"wp:featuredmedia":[{"embeddable":true,"href":"http:\/\/recover.lajunglebijoux.com\/es\/wp-json\/wp\/v2\/media\/7643"}],"wp:attachment":[{"href":"http:\/\/recover.lajunglebijoux.com\/es\/wp-json\/wp\/v2\/media?parent=11680"}],"wp:term":[{"taxonomy":"product_cat","embeddable":true,"href":"http:\/\/recover.lajunglebijoux.com\/es\/wp-json\/wp\/v2\/product_cat?post=11680"},{"taxonomy":"product_tag","embeddable":true,"href":"http:\/\/recover.lajunglebijoux.com\/es\/wp-json\/wp\/v2\/product_tag?post=11680"}],"curies":[{"name":"wp","href":"https:\/\/api.w.org\/{rel}","templated":true}]}}