{"id":11230,"date":"2023-01-12T09:45:40","date_gmt":"2023-01-12T07:45:40","guid":{"rendered":"https:\/\/recover.lajunglebijoux.com\/product\/carte-cadeau\/"},"modified":"2023-12-17T22:57:07","modified_gmt":"2023-12-17T20:57:07","slug":"tarjeta-regalo","status":"publish","type":"product","link":"http:\/\/recover.lajunglebijoux.com\/es\/producto\/tarjeta-regalo\/","title":{"rendered":"Tarjeta regalo"},"content":{"rendered":"","protected":false},"excerpt":{"rendered":"<p>\u00bfQuiere regalar una creaci\u00f3n de La Jungle, pero no est\u00e1 seguro del estilo de la joya?<\/p>\n<p>\u00a1Ofr\u00e9zca una tarjeta regalo!<\/p>\n<p>Eliges el importe y la recibir\u00e1s por correo electr\u00f3nico en las 12 horas siguientes al pedido.<\/p>\n<p>Si no est\u00e1s con la persona a la que haces el regalo, puedes envi\u00e1rla por correo electronico junto con una nota tuya, o imprimirla desde casa y ponerla en un bonito sobre.<\/p>\n<p>La tarjeta regalo es v\u00e1lida durante un a\u00f1o en todo el sitio web lajunglebijoux.com.<\/p>\n","protected":false},"featured_media":11239,"comment_status":"open","ping_status":"closed","template":"","meta":{"_acf_changed":false},"product_cat":[16],"product_tag":[],"class_list":{"0":"post-11230","1":"product","2":"type-product","3":"status-publish","4":"has-post-thumbnail","6":"product_cat-uncategorized","8":"first","9":"instock","10":"featured","11":"shipping-taxable","12":"purchasable","13":"product-type-variable"},"acf":[],"yoast_head":"<!-- This site is optimized with the Yoast SEO plugin v23.3 - https:\/\/yoast.com\/wordpress\/plugins\/seo\/ -->\n<title>Tarjeta regalo - La Jungle Bijoux<\/title>\n<meta name=\"description\" content=\"\u00bfNo sabe qu\u00e9 regalar por Navidad, un cumplea\u00f1os o San Valent\u00edn? La Jungle te lo pone f\u00e1cil con su tarjeta regalo.\" \/>\n<meta name=\"robots\" content=\"index, follow, max-snippet:-1, max-image-preview:large, max-video-preview:-1\" \/>\n<link rel=\"canonical\" href=\"http:\/\/recover.lajunglebijoux.com\/es\/producto\/tarjeta-regalo\/\" \/>\n<meta property=\"og:locale\" content=\"es_ES\" \/>\n<meta property=\"og:type\" content=\"article\" \/>\n<meta property=\"og:title\" content=\"Tarjeta regalo - La Jungle Bijoux\" \/>\n<meta property=\"og:description\" content=\"\u00bfNo sabe qu\u00e9 regalar por Navidad, un cumplea\u00f1os o San Valent\u00edn? La Jungle te lo pone f\u00e1cil con su tarjeta regalo.\" \/>\n<meta property=\"og:url\" content=\"http:\/\/recover.lajunglebijoux.com\/es\/producto\/tarjeta-regalo\/\" \/>\n<meta property=\"og:site_name\" content=\"La Jungle Bijoux\" \/>\n<meta property=\"article:modified_time\" content=\"2023-12-17T20:57:07+00:00\" \/>\n<meta property=\"og:image\" content=\"http:\/\/recover.lajunglebijoux.com\/wp-content\/uploads\/2023\/01\/carte-cadeau-3.jpg\" \/>\n\t<meta property=\"og:image:width\" content=\"1414\" \/>\n\t<meta property=\"og:image:height\" content=\"1414\" \/>\n\t<meta property=\"og:image:type\" content=\"image\/jpeg\" \/>\n<meta name=\"twitter:card\" content=\"summary_large_image\" \/>\n<meta name=\"twitter:label1\" content=\"Tiempo de lectura\" \/>\n\t<meta name=\"twitter:data1\" content=\"1 minuto\" \/>\n<script type=\"application\/ld+json\" class=\"yoast-schema-graph\">{\"@context\":\"https:\/\/schema.org\",\"@graph\":[{\"@type\":\"WebPage\",\"@id\":\"http:\/\/recover.lajunglebijoux.com\/es\/producto\/tarjeta-regalo\/\",\"url\":\"http:\/\/recover.lajunglebijoux.com\/es\/producto\/tarjeta-regalo\/\",\"name\":\"Tarjeta regalo - La Jungle Bijoux\",\"isPartOf\":{\"@id\":\"http:\/\/recover.lajunglebijoux.com\/es\/#website\"},\"primaryImageOfPage\":{\"@id\":\"http:\/\/recover.lajunglebijoux.com\/es\/producto\/tarjeta-regalo\/#primaryimage\"},\"image\":{\"@id\":\"http:\/\/recover.lajunglebijoux.com\/es\/producto\/tarjeta-regalo\/#primaryimage\"},\"thumbnailUrl\":\"http:\/\/recover.lajunglebijoux.com\/wp-content\/uploads\/2023\/01\/carte-cadeau-3.jpg\",\"datePublished\":\"2023-01-12T07:45:40+00:00\",\"dateModified\":\"2023-12-17T20:57:07+00:00\",\"description\":\"\u00bfNo sabe qu\u00e9 regalar por Navidad, un cumplea\u00f1os o San Valent\u00edn? La Jungle te lo pone f\u00e1cil con su tarjeta regalo.\",\"breadcrumb\":{\"@id\":\"http:\/\/recover.lajunglebijoux.com\/es\/producto\/tarjeta-regalo\/#breadcrumb\"},\"inLanguage\":\"es\",\"potentialAction\":[{\"@type\":\"ReadAction\",\"target\":[\"http:\/\/recover.lajunglebijoux.com\/es\/producto\/tarjeta-regalo\/\"]}]},{\"@type\":\"ImageObject\",\"inLanguage\":\"es\",\"@id\":\"http:\/\/recover.lajunglebijoux.com\/es\/producto\/tarjeta-regalo\/#primaryimage\",\"url\":\"http:\/\/recover.lajunglebijoux.com\/wp-content\/uploads\/2023\/01\/carte-cadeau-3.jpg\",\"contentUrl\":\"http:\/\/recover.lajunglebijoux.com\/wp-content\/uploads\/2023\/01\/carte-cadeau-3.jpg\",\"width\":1414,\"height\":1414,\"caption\":\"carte cadeau bijoux cr\u00e9ateurs\"},{\"@type\":\"BreadcrumbList\",\"@id\":\"http:\/\/recover.lajunglebijoux.com\/es\/producto\/tarjeta-regalo\/#breadcrumb\",\"itemListElement\":[{\"@type\":\"ListItem\",\"position\":1,\"name\":\"Portada\",\"item\":\"http:\/\/recover.lajunglebijoux.com\/es\/\"},{\"@type\":\"ListItem\",\"position\":2,\"name\":\"Tienda\",\"item\":\"http:\/\/recover.lajunglebijoux.com\/es\/tienda\/\"},{\"@type\":\"ListItem\",\"position\":3,\"name\":\"Tarjeta regalo\"}]},{\"@type\":\"WebSite\",\"@id\":\"http:\/\/recover.lajunglebijoux.com\/es\/#website\",\"url\":\"http:\/\/recover.lajunglebijoux.com\/es\/\",\"name\":\"La Jungle Bijoux\",\"description\":\"\",\"publisher\":{\"@id\":\"http:\/\/recover.lajunglebijoux.com\/es\/#organization\"},\"potentialAction\":[{\"@type\":\"SearchAction\",\"target\":{\"@type\":\"EntryPoint\",\"urlTemplate\":\"http:\/\/recover.lajunglebijoux.com\/es\/?s={search_term_string}\"},\"query-input\":\"required name=search_term_string\"}],\"inLanguage\":\"es\"},{\"@type\":\"Organization\",\"@id\":\"http:\/\/recover.lajunglebijoux.com\/es\/#organization\",\"name\":\"La Jungle Bijoux\",\"url\":\"http:\/\/recover.lajunglebijoux.com\/es\/\",\"logo\":{\"@type\":\"ImageObject\",\"inLanguage\":\"es\",\"@id\":\"http:\/\/recover.lajunglebijoux.com\/es\/#\/schema\/logo\/image\/\",\"url\":\"http:\/\/recover.lajunglebijoux.com\/wp-content\/uploads\/2023\/01\/LOGO-FINAL-Fonce.jpg\",\"contentUrl\":\"http:\/\/recover.lajunglebijoux.com\/wp-content\/uploads\/2023\/01\/LOGO-FINAL-Fonce.jpg\",\"width\":900,\"height\":900,\"caption\":\"La Jungle Bijoux\"},\"image\":{\"@id\":\"http:\/\/recover.lajunglebijoux.com\/es\/#\/schema\/logo\/image\/\"}}]}<\/script>\n<!-- \/ Yoast SEO plugin. -->","yoast_head_json":{"title":"Tarjeta regalo - La Jungle Bijoux","description":"\u00bfNo sabe qu\u00e9 regalar por Navidad, un cumplea\u00f1os o San Valent\u00edn? La Jungle te lo pone f\u00e1cil con su tarjeta regalo.","robots":{"index":"index","follow":"follow","max-snippet":"max-snippet:-1","max-image-preview":"max-image-preview:large","max-video-preview":"max-video-preview:-1"},"canonical":"http:\/\/recover.lajunglebijoux.com\/es\/producto\/tarjeta-regalo\/","og_locale":"es_ES","og_type":"article","og_title":"Tarjeta regalo - La Jungle Bijoux","og_description":"\u00bfNo sabe qu\u00e9 regalar por Navidad, un cumplea\u00f1os o San Valent\u00edn? La Jungle te lo pone f\u00e1cil con su tarjeta regalo.","og_url":"http:\/\/recover.lajunglebijoux.com\/es\/producto\/tarjeta-regalo\/","og_site_name":"La Jungle Bijoux","article_modified_time":"2023-12-17T20:57:07+00:00","og_image":[{"width":1414,"height":1414,"url":"http:\/\/recover.lajunglebijoux.com\/wp-content\/uploads\/2023\/01\/carte-cadeau-3.jpg","type":"image\/jpeg"}],"twitter_card":"summary_large_image","twitter_misc":{"Tiempo de lectura":"1 minuto"},"schema":{"@context":"https:\/\/schema.org","@graph":[{"@type":"WebPage","@id":"http:\/\/recover.lajunglebijoux.com\/es\/producto\/tarjeta-regalo\/","url":"http:\/\/recover.lajunglebijoux.com\/es\/producto\/tarjeta-regalo\/","name":"Tarjeta regalo - La Jungle Bijoux","isPartOf":{"@id":"http:\/\/recover.lajunglebijoux.com\/es\/#website"},"primaryImageOfPage":{"@id":"http:\/\/recover.lajunglebijoux.com\/es\/producto\/tarjeta-regalo\/#primaryimage"},"image":{"@id":"http:\/\/recover.lajunglebijoux.com\/es\/producto\/tarjeta-regalo\/#primaryimage"},"thumbnailUrl":"http:\/\/recover.lajunglebijoux.com\/wp-content\/uploads\/2023\/01\/carte-cadeau-3.jpg","datePublished":"2023-01-12T07:45:40+00:00","dateModified":"2023-12-17T20:57:07+00:00","description":"\u00bfNo sabe qu\u00e9 regalar por Navidad, un cumplea\u00f1os o San Valent\u00edn? La Jungle te lo pone f\u00e1cil con su tarjeta regalo.","breadcrumb":{"@id":"http:\/\/recover.lajunglebijoux.com\/es\/producto\/tarjeta-regalo\/#breadcrumb"},"inLanguage":"es","potentialAction":[{"@type":"ReadAction","target":["http:\/\/recover.lajunglebijoux.com\/es\/producto\/tarjeta-regalo\/"]}]},{"@type":"ImageObject","inLanguage":"es","@id":"http:\/\/recover.lajunglebijoux.com\/es\/producto\/tarjeta-regalo\/#primaryimage","url":"http:\/\/recover.lajunglebijoux.com\/wp-content\/uploads\/2023\/01\/carte-cadeau-3.jpg","contentUrl":"http:\/\/recover.lajunglebijoux.com\/wp-content\/uploads\/2023\/01\/carte-cadeau-3.jpg","width":1414,"height":1414,"caption":"carte cadeau bijoux cr\u00e9ateurs"},{"@type":"BreadcrumbList","@id":"http:\/\/recover.lajunglebijoux.com\/es\/producto\/tarjeta-regalo\/#breadcrumb","itemListElement":[{"@type":"ListItem","position":1,"name":"Portada","item":"http:\/\/recover.lajunglebijoux.com\/es\/"},{"@type":"ListItem","position":2,"name":"Tienda","item":"http:\/\/recover.lajunglebijoux.com\/es\/tienda\/"},{"@type":"ListItem","position":3,"name":"Tarjeta regalo"}]},{"@type":"WebSite","@id":"http:\/\/recover.lajunglebijoux.com\/es\/#website","url":"http:\/\/recover.lajunglebijoux.com\/es\/","name":"La Jungle Bijoux","description":"","publisher":{"@id":"http:\/\/recover.lajunglebijoux.com\/es\/#organization"},"potentialAction":[{"@type":"SearchAction","target":{"@type":"EntryPoint","urlTemplate":"http:\/\/recover.lajunglebijoux.com\/es\/?s={search_term_string}"},"query-input":"required name=search_term_string"}],"inLanguage":"es"},{"@type":"Organization","@id":"http:\/\/recover.lajunglebijoux.com\/es\/#organization","name":"La Jungle Bijoux","url":"http:\/\/recover.lajunglebijoux.com\/es\/","logo":{"@type":"ImageObject","inLanguage":"es","@id":"http:\/\/recover.lajunglebijoux.com\/es\/#\/schema\/logo\/image\/","url":"http:\/\/recover.lajunglebijoux.com\/wp-content\/uploads\/2023\/01\/LOGO-FINAL-Fonce.jpg","contentUrl":"http:\/\/recover.lajunglebijoux.com\/wp-content\/uploads\/2023\/01\/LOGO-FINAL-Fonce.jpg","width":900,"height":900,"caption":"La Jungle Bijoux"},"image":{"@id":"http:\/\/recover.lajunglebijoux.com\/es\/#\/schema\/logo\/image\/"}}]}},"_links":{"self":[{"href":"http:\/\/recover.lajunglebijoux.com\/es\/wp-json\/wp\/v2\/product\/11230","targetHints":{"allow":["GET"]}}],"collection":[{"href":"http:\/\/recover.lajunglebijoux.com\/es\/wp-json\/wp\/v2\/product"}],"about":[{"href":"http:\/\/recover.lajunglebijoux.com\/es\/wp-json\/wp\/v2\/types\/product"}],"replies":[{"embeddable":true,"href":"http:\/\/recover.lajunglebijoux.com\/es\/wp-json\/wp\/v2\/comments?post=11230"}],"wp:featuredmedia":[{"embeddable":true,"href":"http:\/\/recover.lajunglebijoux.com\/es\/wp-json\/wp\/v2\/media\/11239"}],"wp:attachment":[{"href":"http:\/\/recover.lajunglebijoux.com\/es\/wp-json\/wp\/v2\/media?parent=11230"}],"wp:term":[{"taxonomy":"product_cat","embeddable":true,"href":"http:\/\/recover.lajunglebijoux.com\/es\/wp-json\/wp\/v2\/product_cat?post=11230"},{"taxonomy":"product_tag","embeddable":true,"href":"http:\/\/recover.lajunglebijoux.com\/es\/wp-json\/wp\/v2\/product_tag?post=11230"}],"curies":[{"name":"wp","href":"https:\/\/api.w.org\/{rel}","templated":true}]}}