{"id":439,"date":"2022-04-26T18:34:57","date_gmt":"2022-04-26T18:34:57","guid":{"rendered":"http:\/\/jkjpwtk.cluster026.hosting.ovh.net\/?page_id=439"},"modified":"2023-04-03T19:29:21","modified_gmt":"2023-04-03T19:29:21","slug":"test","status":"publish","type":"page","link":"http:\/\/recover.lajunglebijoux.com\/es\/test\/","title":{"rendered":"Test"},"content":{"rendered":"\r\n<div id=\"\" class=\"text-with-background block\">\r\n\r\n    <div class=\"site_width one_cols\" style=\"background-color: #50bf8f; color: #f9f9f9;\">\r\n\r\n        <h2><span style=\"color: #ffffff\">Some title H2<\/span><\/h2>\n<p>Lorem ipsum dolor sit amet, consectetur adipiscing elit. Donec pretium nibh augue, sit amet blandit metus feugiat id. Ut eu felis id leo tincidunt tincidunt. Morbi tincidunt odio in dui dapibus auctor. Nullam nunc orci, congue at velit et, ornare tristique enim. Sed ornare sapien ac erat auctor maximus sit amet nec leo. Ut hendrerit arcu et hendrerit semper. Sed varius lorem ut gravida blandit. Morbi varius non justo vitae tincidunt. Maecenas sit amet ipsum sit amet elit hendrerit aliquet id semper urna. Curabitur imperdiet ac urna viverra lobortis. Duis a gravida libero.<\/p>\n<p>Curabitur id urna sodales, tempus velit nec, ultrices urna. Aliquam lacinia tincidunt lorem sed pulvinar. Vestibulum ante ipsum primis in faucibus orci luctus et ultrices posuere cubilia curae; Praesent purus neque, sagittis vitae aliquet nec, ornare at nisi. Praesent ultrices posuere enim, quis dignissim leo rhoncus nec. Vestibulum ac imperdiet diam. Aliquam at augue et augue tincidunt volutpat sit amet eget metus. Vestibulum eu mauris sit amet est pellentesque mattis vitae a tortor. Ut fringilla, ipsum eu euismod iaculis, velit ligula pellentesque enim, eu vulputate felis justo efficitur magna. Maecenas commodo facilisis risus, non suscipit lorem finibus vel.<\/p>\n\r\n                \r\n    <\/div>\r\n\r\n<\/div>\n\n\r\n<div id=\"\" class=\"text-with-background block\">\r\n\r\n    <div class=\"site_width two_cols\" style=\"background-color: #e8d9c2; color: #e89820;\">\r\n\r\n        <h2><span style=\"color: #e89820\">Some title H2<\/span><\/h2>\n<p>Lorem ipsum dolor sit amet, consectetur adipiscing elit. Donec pretium nibh augue, sit amet blandit metus feugiat id. Ut eu felis id leo tincidunt tincidunt. Morbi tincidunt odio in dui dapibus auctor. Nullam nunc orci, congue at velit et, ornare tristique enim. Sed ornare sapien ac erat auctor maximus sit amet nec leo. Ut hendrerit arcu et hendrerit semper. Sed varius lorem ut gravida blandit. Morbi varius non justo vitae tincidunt. Maecenas sit amet ipsum sit amet elit hendrerit aliquet id semper urna. Curabitur imperdiet ac urna viverra lobortis. Duis a gravida libero.<\/p>\n<p>Curabitur id urna sodales, tempus velit nec, ultrices urna. Aliquam lacinia tincidunt lorem sed pulvinar. Vestibulum ante ipsum primis in faucibus orci luctus et ultrices posuere cubilia curae; Praesent purus neque, sagittis vitae aliquet nec, ornare at nisi. Praesent ultrices posuere enim, quis dignissim leo rhoncus nec.<\/p>\n<p>&nbsp;<\/p>\n<p><img fetchpriority=\"high\" decoding=\"async\" fetchpriority=\"high\" class=\"alignnone wp-image-1148 size-full\" src=\"http:\/\/jkjpwtk.cluster026.hosting.ovh.net\/wp-content\/uploads\/2022\/06\/IMG_20211114_180000.jpg\" alt=\"\" width=\"809\" height=\"810\" srcset=\"http:\/\/recover.lajunglebijoux.com\/wp-content\/uploads\/2022\/06\/IMG_20211114_180000.jpg 809w, http:\/\/recover.lajunglebijoux.com\/wp-content\/uploads\/2022\/06\/IMG_20211114_180000-600x601.jpg 600w, http:\/\/recover.lajunglebijoux.com\/wp-content\/uploads\/2022\/06\/IMG_20211114_180000-350x350.jpg 350w\" sizes=\"(max-width: 809px) 100vw, 809px\" \/><\/p>\n\r\n                \r\n    <\/div>\r\n\r\n<\/div>\n\n\r\n\r\n<div id=\"\" class=\"products-in-category block 1_products\">\r\n\r\n            <div class=\"pre_products_list\">\r\n            <h2 style=\"text-align: center\">One single featured product<\/h2>\n        <\/div>\r\n    \r\n    <div class=\"woocommerce columns-1 \"><\/div>\r\n<\/div>\n\n\r\n\r\n<div id=\"\" class=\"products-in-category block 2_products\">\r\n\r\n            <div class=\"pre_products_list\">\r\n            <h2 style=\"text-align: center\">Two featured products<\/h2>\n        <\/div>\r\n    \r\n    <div class=\"woocommerce columns-2 \"><\/div>\r\n<\/div>\n\n\r\n\r\n<div id=\"\" class=\"products-in-category block 3_products\">\r\n\r\n            <div class=\"pre_products_list\">\r\n            <h2 style=\"text-align: center\">Three or more featured products<\/h2>\n        <\/div>\r\n    \r\n    <div class=\"woocommerce columns-3 \"><ul class=\"products columns-3\">\n<li class=\"product type-product post-8878 status-publish first instock product_cat-joyas-personalizables has-post-thumbnail purchasable product-type-variable\">\n\t<a href=\"http:\/\/recover.lajunglebijoux.com\/es\/producto\/bague-martelee-gravure\/\" class=\"woocommerce-LoopProduct-link woocommerce-loop-product__link\">\r\n    <div class=\"image\">\r\n                    <img decoding=\"async\" class=\"product_hover\" src=\"http:\/\/recover.lajunglebijoux.com\/wp-content\/uploads\/2022\/04\/IMG_20220420_170634-350x350.jpg\">\r\n                <img decoding=\"async\" src=\"http:\/\/recover.lajunglebijoux.com\/wp-content\/uploads\/2022\/04\/IMG_20220420_170412-scaled.jpg\">\r\n    <\/div>\r\n\r\n<h2 class=\"woocommerce-loop-product__title\">Anillo grabado martillado personalizado<\/h2>\n\t<span class=\"price\"><span class=\"woocommerce-Price-amount amount\"><bdi>39,00<span class=\"woocommerce-Price-currencySymbol\">&euro;<\/span><\/bdi><\/span><\/span>\n<\/a><\/li>\n<\/ul>\n<\/div>\r\n<\/div>\n\n\r\n<div id=\"\" class=\"newsletter-signup block\">\r\n\r\n    <div class=\"site_width cols\">\r\n\r\n        <div class=\"heading\">\r\n            <div class=\"title\">Inscrivez-vous \u00e0 la newsletter La Jungle<\/div>\r\n            <div class=\"intro_text\">Je souhaite recevoir des bons plans et suivre l&#8217;aventure La Jungle par la newsletter<\/div>\r\n        <\/div>\r\n\r\n        <div class=\"signup_form\">\r\n\r\n            <!-- Begin Sendinblue Form -->\r\n            <!-- START - We recommend to place the below code in head tag of your website html  -->\r\n            <link rel=\"stylesheet\" href=\"https:\/\/sibforms.com\/forms\/end-form\/build\/sib-styles.css\">\r\n            <!--  END - We recommend to place the above code in head tag of your website html -->\r\n\r\n            <!-- START - We recommend to place the below code where you want the form in your website html  -->\r\n            <div class=\"sib-form\" style=\"text-align: center;\r\n                    background-color: #EFF2F7;                                 \">\r\n            <div id=\"sib-form-container\" class=\"sib-form-container\">\r\n                <div id=\"error-message\" class=\"sib-form-message-panel\" style=\"font-size:16px; text-align:left; font-family:&quot;Helvetica&quot;, sans-serif; color:#661d1d; background-color:#ffeded; border-radius:3px; border-color:#ff4949;max-width:540px;\">\r\n                <div class=\"sib-form-message-panel__text sib-form-message-panel__text--center\">\r\n                    <svg viewBox=\"0 0 512 512\" class=\"sib-icon sib-notification__icon\">\r\n                    <path d=\"M256 40c118.621 0 216 96.075 216 216 0 119.291-96.61 216-216 216-119.244 0-216-96.562-216-216 0-119.203 96.602-216 216-216m0-32C119.043 8 8 119.083 8 256c0 136.997 111.043 248 248 248s248-111.003 248-248C504 119.083 392.957 8 256 8zm-11.49 120h22.979c6.823 0 12.274 5.682 11.99 12.5l-7 168c-.268 6.428-5.556 11.5-11.99 11.5h-8.979c-6.433 0-11.722-5.073-11.99-11.5l-7-168c-.283-6.818 5.167-12.5 11.99-12.5zM256 340c-15.464 0-28 12.536-28 28s12.536 28 28 28 28-12.536 28-28-12.536-28-28-28z\" \/>\r\n                    <\/svg>\r\n                    <span class=\"sib-form-message-panel__inner-text\">\r\n                                    Votre abonnement n&#039;a pas pu \u00eatre enregistr\u00e9. Veuillez r\u00e9essayer.\r\n                                <\/span>\r\n                <\/div>\r\n                <\/div>\r\n                <div><\/div>\r\n                <div id=\"success-message\" class=\"sib-form-message-panel\" style=\"font-size:16px; text-align:left; font-family:&quot;Helvetica&quot;, sans-serif; color:#085229; background-color:#e7faf0; border-radius:3px; border-color:#13ce66;max-width:540px;\">\r\n                <div class=\"sib-form-message-panel__text sib-form-message-panel__text--center\">\r\n                    <svg viewBox=\"0 0 512 512\" class=\"sib-icon sib-notification__icon\">\r\n                    <path d=\"M256 8C119.033 8 8 119.033 8 256s111.033 248 248 248 248-111.033 248-248S392.967 8 256 8zm0 464c-118.664 0-216-96.055-216-216 0-118.663 96.055-216 216-216 118.664 0 216 96.055 216 216 0 118.663-96.055 216-216 216zm141.63-274.961L217.15 376.071c-4.705 4.667-12.303 4.637-16.97-.068l-85.878-86.572c-4.667-4.705-4.637-12.303.068-16.97l8.52-8.451c4.705-4.667 12.303-4.637 16.97.068l68.976 69.533 163.441-162.13c4.705-4.667 12.303-4.637 16.97.068l8.451 8.52c4.668 4.705 4.637 12.303-.068 16.97z\" \/>\r\n                    <\/svg>\r\n                    <span class=\"sib-form-message-panel__inner-text\">\r\n                                    Votre abonnement a r\u00e9ussi.\r\n                                <\/span>\r\n                <\/div>\r\n                <\/div>\r\n                <div><\/div>\r\n                <div id=\"sib-container\" class=\"sib-container--large sib-container--vertical\" style=\"text-align:center; background-color:rgba(255,255,255,1); max-width:540px; border-radius:3px; border-width:1px; border-color:#C0CCD9; border-style:solid; direction:ltr\">\r\n                <form id=\"sib-form\" method=\"POST\" action=\"https:\/\/49a047de.sibforms.com\/serve\/MUIEACPSh7HXaTR8wBf6XJ45z5NqaZGcyV2UZjjloXUoeVOX76zhU1z4hcjd2-jh6fxihqZdi1wqDOt6gNGTRuxmttqcow5rTn9Pz1rnfAlVuzQ2HhE73a6bMzukOrutqh4khd4oyBiw5U23HE3fFgF2LqhkaYt-YUIW2cE8HOobezp88SRzqwgR0LUAMvwlZK1vvNCmRoXI0vlF\" data-type=\"subscription\">\r\n                    <div style=\"padding: 8px 0;\">\r\n                    <div class=\"sib-input sib-form-block\">\r\n                        <div class=\"form__entry entry_block\">\r\n                        <div class=\"form__label-row \">\r\n\r\n                            <div class=\"entry__field\">\r\n                            <input class=\"input \" type=\"text\" id=\"EMAIL\" name=\"EMAIL\" autocomplete=\"off\" placeholder=\"EMAIL\" data-required=\"true\" required \/>\r\n                            <\/div>\r\n                        <\/div>\r\n\r\n                        <label class=\"entry__error entry__error--primary\" style=\"font-size:16px; text-align:left; font-family:&quot;Helvetica&quot;, sans-serif; color:#661d1d; background-color:#ffeded; border-radius:3px; border-color:#ff4949;\">\r\n                        <\/label>\r\n                        <\/div>\r\n                    <\/div>\r\n                    <\/div>\r\n                    <div style=\"padding: 8px 0;\">\r\n                    <div class=\"sib-form-block\" style=\"text-align: left\">\r\n                        <button class=\"sib-form-block__button sib-form-block__button-with-loader cta_button\" style=\"font-size:16px; text-align:left; font-weight:700; font-family:&quot;Helvetica&quot;, sans-serif; color:#FFFFFF; background-color:#3E4857; border-radius:3px; border-width:0px;\" form=\"sib-form\" type=\"submit\">\r\n                        <svg class=\"icon clickable__icon progress-indicator__icon sib-hide-loader-icon\" viewBox=\"0 0 512 512\">\r\n                            <path d=\"M460.116 373.846l-20.823-12.022c-5.541-3.199-7.54-10.159-4.663-15.874 30.137-59.886 28.343-131.652-5.386-189.946-33.641-58.394-94.896-95.833-161.827-99.676C261.028 55.961 256 50.751 256 44.352V20.309c0-6.904 5.808-12.337 12.703-11.982 83.556 4.306 160.163 50.864 202.11 123.677 42.063 72.696 44.079 162.316 6.031 236.832-3.14 6.148-10.75 8.461-16.728 5.01z\" \/>\r\n                        <\/svg>\r\n                        INSCR\u00cdBEME                        <\/button>\r\n                    <\/div>\r\n                    <\/div>\r\n\r\n                    <input type=\"text\" name=\"email_address_check\" value=\"\" class=\"input--hidden\">\r\n                    <input type=\"hidden\" name=\"locale\" value=\"en\">\r\n                <\/form>\r\n                <\/div>\r\n            <\/div>\r\n            <\/div>\r\n            <!-- END - We recommend to place the below code where you want the form in your website html  -->\r\n\r\n            <!-- START - We recommend to place the below code in footer or bottom of your website html  -->\r\n            <script>\r\n            window.REQUIRED_CODE_ERROR_MESSAGE = 'Please choose a country code';\r\n            window.LOCALE = 'en';\r\n            window.EMAIL_INVALID_MESSAGE = window.SMS_INVALID_MESSAGE = \"Les informations fournies sont invalides. Veuillez v\u00e9rifier le format du champ et r\u00e9essayer.\";\r\n\r\n            window.REQUIRED_ERROR_MESSAGE = \" Cette case ne peut pas \u00eatre laiss\u00e9e vide. \";\r\n\r\n            window.GENERIC_INVALID_MESSAGE = \"Les informations fournies sont invalides. Veuillez v\u00e9rifier le format du champ et r\u00e9essayer.\";\r\n\r\n\r\n\r\n\r\n            window.translation = {\r\n                common: {\r\n                selectedList: '{quantity} list selected',\r\n                selectedLists: '{quantity} lists selected'\r\n                }\r\n            };\r\n\r\n            var AUTOHIDE = Boolean(0);\r\n            <\/script>\r\n            <script defer src=\"https:\/\/sibforms.com\/forms\/end-form\/build\/main.js\"><\/script>\r\n\r\n\r\n            <!-- END - We recommend to place the above code in footer or bottom of your website html  -->\r\n            <!-- End Sendinblue Form -->\r\n\r\n        <\/div>\r\n        \r\n    <\/div>\r\n\r\n<\/div>","protected":false},"excerpt":{"rendered":"","protected":false},"author":2,"featured_media":0,"parent":0,"menu_order":26,"comment_status":"closed","ping_status":"closed","template":"","meta":{"_acf_changed":false,"footnotes":""},"class_list":["post-439","page","type-page","status-publish","hentry"],"acf":[],"yoast_head":"<!-- This site is optimized with the Yoast SEO plugin v23.3 - https:\/\/yoast.com\/wordpress\/plugins\/seo\/ -->\n<title>Test - La Jungle Bijoux<\/title>\n<meta name=\"robots\" content=\"index, follow, max-snippet:-1, max-image-preview:large, max-video-preview:-1\" \/>\n<link rel=\"canonical\" href=\"http:\/\/recover.lajunglebijoux.com\/es\/test\/\" \/>\n<meta property=\"og:locale\" content=\"es_ES\" \/>\n<meta property=\"og:type\" content=\"article\" \/>\n<meta property=\"og:title\" content=\"Test - La Jungle Bijoux\" \/>\n<meta property=\"og:url\" content=\"http:\/\/recover.lajunglebijoux.com\/es\/test\/\" \/>\n<meta property=\"og:site_name\" content=\"La Jungle Bijoux\" \/>\n<meta property=\"article:modified_time\" content=\"2023-04-03T19:29:21+00:00\" \/>\n<meta name=\"twitter:card\" content=\"summary_large_image\" \/>\n<script type=\"application\/ld+json\" class=\"yoast-schema-graph\">{\"@context\":\"https:\/\/schema.org\",\"@graph\":[{\"@type\":\"WebPage\",\"@id\":\"http:\/\/recover.lajunglebijoux.com\/es\/test\/\",\"url\":\"http:\/\/recover.lajunglebijoux.com\/es\/test\/\",\"name\":\"Test - La Jungle Bijoux\",\"isPartOf\":{\"@id\":\"https:\/\/recover.lajunglebijoux.com\/es\/#website\"},\"datePublished\":\"2022-04-26T18:34:57+00:00\",\"dateModified\":\"2023-04-03T19:29:21+00:00\",\"breadcrumb\":{\"@id\":\"http:\/\/recover.lajunglebijoux.com\/es\/test\/#breadcrumb\"},\"inLanguage\":\"es\",\"potentialAction\":[{\"@type\":\"ReadAction\",\"target\":[\"http:\/\/recover.lajunglebijoux.com\/es\/test\/\"]}]},{\"@type\":\"BreadcrumbList\",\"@id\":\"http:\/\/recover.lajunglebijoux.com\/es\/test\/#breadcrumb\",\"itemListElement\":[{\"@type\":\"ListItem\",\"position\":1,\"name\":\"Portada\",\"item\":\"http:\/\/recover.lajunglebijoux.com\/es\/\"},{\"@type\":\"ListItem\",\"position\":2,\"name\":\"Test\"}]},{\"@type\":\"WebSite\",\"@id\":\"https:\/\/recover.lajunglebijoux.com\/es\/#website\",\"url\":\"https:\/\/recover.lajunglebijoux.com\/es\/\",\"name\":\"La Jungle Bijoux\",\"description\":\"\",\"publisher\":{\"@id\":\"https:\/\/recover.lajunglebijoux.com\/es\/#organization\"},\"potentialAction\":[{\"@type\":\"SearchAction\",\"target\":{\"@type\":\"EntryPoint\",\"urlTemplate\":\"https:\/\/recover.lajunglebijoux.com\/es\/?s={search_term_string}\"},\"query-input\":\"required name=search_term_string\"}],\"inLanguage\":\"es\"},{\"@type\":\"Organization\",\"@id\":\"https:\/\/recover.lajunglebijoux.com\/es\/#organization\",\"name\":\"La Jungle Bijoux\",\"url\":\"https:\/\/recover.lajunglebijoux.com\/es\/\",\"logo\":{\"@type\":\"ImageObject\",\"inLanguage\":\"es\",\"@id\":\"https:\/\/recover.lajunglebijoux.com\/es\/#\/schema\/logo\/image\/\",\"url\":\"http:\/\/recover.lajunglebijoux.com\/wp-content\/uploads\/2023\/01\/LOGO-FINAL-Fonce.jpg\",\"contentUrl\":\"http:\/\/recover.lajunglebijoux.com\/wp-content\/uploads\/2023\/01\/LOGO-FINAL-Fonce.jpg\",\"width\":900,\"height\":900,\"caption\":\"La Jungle Bijoux\"},\"image\":{\"@id\":\"https:\/\/recover.lajunglebijoux.com\/es\/#\/schema\/logo\/image\/\"}}]}<\/script>\n<!-- \/ Yoast SEO plugin. -->","yoast_head_json":{"title":"Test - La Jungle Bijoux","robots":{"index":"index","follow":"follow","max-snippet":"max-snippet:-1","max-image-preview":"max-image-preview:large","max-video-preview":"max-video-preview:-1"},"canonical":"http:\/\/recover.lajunglebijoux.com\/es\/test\/","og_locale":"es_ES","og_type":"article","og_title":"Test - La Jungle Bijoux","og_url":"http:\/\/recover.lajunglebijoux.com\/es\/test\/","og_site_name":"La Jungle Bijoux","article_modified_time":"2023-04-03T19:29:21+00:00","twitter_card":"summary_large_image","schema":{"@context":"https:\/\/schema.org","@graph":[{"@type":"WebPage","@id":"http:\/\/recover.lajunglebijoux.com\/es\/test\/","url":"http:\/\/recover.lajunglebijoux.com\/es\/test\/","name":"Test - La Jungle Bijoux","isPartOf":{"@id":"https:\/\/recover.lajunglebijoux.com\/es\/#website"},"datePublished":"2022-04-26T18:34:57+00:00","dateModified":"2023-04-03T19:29:21+00:00","breadcrumb":{"@id":"http:\/\/recover.lajunglebijoux.com\/es\/test\/#breadcrumb"},"inLanguage":"es","potentialAction":[{"@type":"ReadAction","target":["http:\/\/recover.lajunglebijoux.com\/es\/test\/"]}]},{"@type":"BreadcrumbList","@id":"http:\/\/recover.lajunglebijoux.com\/es\/test\/#breadcrumb","itemListElement":[{"@type":"ListItem","position":1,"name":"Portada","item":"http:\/\/recover.lajunglebijoux.com\/es\/"},{"@type":"ListItem","position":2,"name":"Test"}]},{"@type":"WebSite","@id":"https:\/\/recover.lajunglebijoux.com\/es\/#website","url":"https:\/\/recover.lajunglebijoux.com\/es\/","name":"La Jungle Bijoux","description":"","publisher":{"@id":"https:\/\/recover.lajunglebijoux.com\/es\/#organization"},"potentialAction":[{"@type":"SearchAction","target":{"@type":"EntryPoint","urlTemplate":"https:\/\/recover.lajunglebijoux.com\/es\/?s={search_term_string}"},"query-input":"required name=search_term_string"}],"inLanguage":"es"},{"@type":"Organization","@id":"https:\/\/recover.lajunglebijoux.com\/es\/#organization","name":"La Jungle Bijoux","url":"https:\/\/recover.lajunglebijoux.com\/es\/","logo":{"@type":"ImageObject","inLanguage":"es","@id":"https:\/\/recover.lajunglebijoux.com\/es\/#\/schema\/logo\/image\/","url":"http:\/\/recover.lajunglebijoux.com\/wp-content\/uploads\/2023\/01\/LOGO-FINAL-Fonce.jpg","contentUrl":"http:\/\/recover.lajunglebijoux.com\/wp-content\/uploads\/2023\/01\/LOGO-FINAL-Fonce.jpg","width":900,"height":900,"caption":"La Jungle Bijoux"},"image":{"@id":"https:\/\/recover.lajunglebijoux.com\/es\/#\/schema\/logo\/image\/"}}]}},"_links":{"self":[{"href":"http:\/\/recover.lajunglebijoux.com\/es\/wp-json\/wp\/v2\/pages\/439","targetHints":{"allow":["GET"]}}],"collection":[{"href":"http:\/\/recover.lajunglebijoux.com\/es\/wp-json\/wp\/v2\/pages"}],"about":[{"href":"http:\/\/recover.lajunglebijoux.com\/es\/wp-json\/wp\/v2\/types\/page"}],"author":[{"embeddable":true,"href":"http:\/\/recover.lajunglebijoux.com\/es\/wp-json\/wp\/v2\/users\/2"}],"replies":[{"embeddable":true,"href":"http:\/\/recover.lajunglebijoux.com\/es\/wp-json\/wp\/v2\/comments?post=439"}],"version-history":[{"count":0,"href":"http:\/\/recover.lajunglebijoux.com\/es\/wp-json\/wp\/v2\/pages\/439\/revisions"}],"wp:attachment":[{"href":"http:\/\/recover.lajunglebijoux.com\/es\/wp-json\/wp\/v2\/media?parent=439"}],"curies":[{"name":"wp","href":"https:\/\/api.w.org\/{rel}","templated":true}]}}