{"id":259,"date":"2022-04-13T14:22:11","date_gmt":"2022-04-13T14:22:11","guid":{"rendered":"http:\/\/jkjpwtk.cluster026.hosting.ovh.net\/?page_id=259"},"modified":"2023-03-08T09:02:44","modified_gmt":"2023-03-08T09:02:44","slug":"blog","status":"publish","type":"page","link":"http:\/\/recover.lajunglebijoux.com\/es\/blog\/","title":{"rendered":"Blog"},"content":{"rendered":"\n<div id=\"\" class=\"page-header text_color_gold block\">\n\n    \n    <div class=\"images \">\n                        <img class=\"show\" src='http:\/\/recover.lajunglebijoux.com\/wp-content\/uploads\/2022\/04\/La-Jungle-Bijoux-Brand-2.jpg'>\n                    <\/div>\n\n    <div class=\"image_overlay\"><\/div>\n\n    <div class=\"text\">\n        \n        <h1 style=\"text-align: center\">Blog La Jungle Bijoux<\/h1>\n\n        \n    <\/div>\n\n<\/div>\n\n\r\n<div id=\"\" class=\"all-articles block\">\r\n\r\n    <div class=\"site_width\">\r\n\r\n        <div class=\"filters\">\r\n            \r\n            <div class=\"mobile_trigger\">Filters<\/div>\r\n\r\n            <div class=\"filter_options\">\r\n\r\n                <a class=\"filter_option active\" href=\"http:\/\/recover.lajunglebijoux.com\/blog\/\">Todas<\/a>\t\r\n                \r\n            <\/div>\r\n\r\n        <\/div>\r\n\r\n        \r\n        <div class=\"articles\">\r\n\r\n            \r\n                <a class=\"article\" href=\"http:\/\/recover.lajunglebijoux.com\/es\/bijoux-yoga\/\">\r\n                    <div class=\"image\" style=\"background: url(http:\/\/recover.lajunglebijoux.com\/wp-content\/uploads\/2024\/05\/ensemble-de-colliers-bijoux-yoga--1024x1365.jpg) no-repeat center; background-size: cover;\"><\/div>\r\n                    <div class=\"text\">\r\n                        <div class=\"artile_title\">Pourquoi porter des bijoux yoga ?<\/div>\r\n                        <div class=\"article_excerpt\"><p>Le monde du yoga ne se limite pas aux asanas et \u00e0 la m\u00e9ditation. Il englobe un mode de vie&#8230;<\/p>\n<\/div>\r\n                    <\/div>\r\n                <\/a>\r\n\r\n                \r\n                <a class=\"article\" href=\"http:\/\/recover.lajunglebijoux.com\/es\/bague-fine\/\">\r\n                    <div class=\"image\" style=\"background: url(http:\/\/recover.lajunglebijoux.com\/wp-content\/uploads\/2023\/09\/collection-de-bagues-fines-or-femme-pierres-fines-semi-precieuses-1024x1365.jpg) no-repeat center; background-size: cover;\"><\/div>\r\n                    <div class=\"text\">\r\n                        <div class=\"artile_title\">Bague fine : le must-have<\/div>\r\n                        <div class=\"article_excerpt\"><p>Il existe des bijoux intemporels qui transcendent les tendances \u00e9ph\u00e9m\u00e8res pour devenir de v\u00e9ritables classiques. Parmi ces pi\u00e8ces, la bague&#8230;<\/p>\n<\/div>\r\n                    <\/div>\r\n                <\/a>\r\n\r\n                \r\n                <a class=\"article\" href=\"http:\/\/recover.lajunglebijoux.com\/es\/tendance-bijoux-serpent\/\">\r\n                    <div class=\"image\" style=\"background: url(http:\/\/recover.lajunglebijoux.com\/wp-content\/uploads\/2023\/02\/IMG_20220418_111337-1024x768.jpg) no-repeat center; background-size: cover;\"><\/div>\r\n                    <div class=\"text\">\r\n                        <div class=\"artile_title\">Tendance bijoux serpent : comment l\u2019adopter ?<\/div>\r\n                        <div class=\"article_excerpt\"><p>As-tu remarqu\u00e9 que le serpent s\u2019invite de plus en plus dans les collections de bijoux ? Symbole puissant de transformation&#8230;<\/p>\n<\/div>\r\n                    <\/div>\r\n                <\/a>\r\n\r\n                \r\n                <a class=\"article\" href=\"http:\/\/recover.lajunglebijoux.com\/es\/bijoux-fete-des-meres\/\">\r\n                    <div class=\"image\" style=\"background: url(http:\/\/recover.lajunglebijoux.com\/wp-content\/uploads\/2023\/09\/bracelet-papillon-femme-or-nacre-14-1024x1367.jpg) no-repeat center; background-size: cover;\"><\/div>\r\n                    <div class=\"text\">\r\n                        <div class=\"artile_title\">Bijoux f\u00eate des M\u00e8res : notre s\u00e9lection<\/div>\r\n                        <div class=\"article_excerpt\"><p>La f\u00eate des M\u00e8res approche \u00e0 grands pas, et avec elle vient l&#8217;occasion de c\u00e9l\u00e9brer et d&#8217;honorer la femme la&#8230;<\/p>\n<\/div>\r\n                    <\/div>\r\n                <\/a>\r\n\r\n                \r\n                <a class=\"article\" href=\"http:\/\/recover.lajunglebijoux.com\/es\/qu-est-ce-que-le-plaque-or\/\">\r\n                    <div class=\"image\" style=\"background: url(http:\/\/recover.lajunglebijoux.com\/wp-content\/uploads\/2023\/09\/bijoux-plaques-or-tendance-hiver-2023.jpg) no-repeat center; background-size: cover;\"><\/div>\r\n                    <div class=\"text\">\r\n                        <div class=\"artile_title\">Qu\u2019est-ce-que le plaqu\u00e9 or ?<\/div>\r\n                        <div class=\"article_excerpt\"><p>Or, plaqu\u00e9 or ou dor\u00e9 \u00e0 l\u2019or fin\u2026 les appellations de m\u00e9taux sont nombreuses dans l\u2019univers du bijou et il&#8230;<\/p>\n<\/div>\r\n                    <\/div>\r\n                <\/a>\r\n\r\n                \r\n                <a class=\"article\" href=\"http:\/\/recover.lajunglebijoux.com\/es\/pourquoi-porter-bijoux-pierre-naturelle\/\">\r\n                    <div class=\"image\" style=\"background: url(http:\/\/recover.lajunglebijoux.com\/wp-content\/uploads\/2023\/11\/porter-des-bijoux-en-pierre-naturelle-couverture-article-de-blog-1024x454.jpg) no-repeat center; background-size: cover;\"><\/div>\r\n                    <div class=\"text\">\r\n                        <div class=\"artile_title\">Pourquoi porter des bijoux en pierre naturelle ?<\/div>\r\n                        <div class=\"article_excerpt\"><p>Tu te sens attir\u00e9e par les pierres naturelles et tu r\u00eaves d\u2019en porter en bijou ? Ce n\u2019est pas \u00e9tonnant&#8230;<\/p>\n<\/div>\r\n                    <\/div>\r\n                <\/a>\r\n\r\n                \r\n                <a class=\"article\" href=\"http:\/\/recover.lajunglebijoux.com\/es\/comment-offrir-cadeau-qui-a-du-sens\/\">\r\n                    <div class=\"image\" style=\"background: url(http:\/\/recover.lajunglebijoux.com\/wp-content\/uploads\/2023\/11\/jeshoots-com-7VOyZ0-iO0o-unsplash-1-1024x434.jpg) no-repeat center; background-size: cover;\"><\/div>\r\n                    <div class=\"text\">\r\n                        <div class=\"artile_title\">Comment offrir un cadeau qui a du sens ?<\/div>\r\n                        <div class=\"article_excerpt\"><p>\u00c0 l\u2019approche de No\u00ebl, tu cherches comment offrir un cadeau qui a du sens ? Voici des id\u00e9es pour faire plaisir  \u00e0 coup s\u00fbr.<\/p>\n<\/div>\r\n                    <\/div>\r\n                <\/a>\r\n\r\n                \r\n                <a class=\"article\" href=\"http:\/\/recover.lajunglebijoux.com\/es\/faire-une-ceremonie-du-cacao-sacre\/\">\r\n                    <div class=\"image\" style=\"background: url(http:\/\/recover.lajunglebijoux.com\/wp-content\/uploads\/2022\/12\/coffret-cadeau-spirituel-faire-une-ceremonie-du-cacao-sacre-bijoux-talisman-rituel-bien-etre-energetique-pouvoir-de-lintention-3.jpg) no-repeat center; background-size: cover;\"><\/div>\r\n                    <div class=\"text\">\r\n                        <div class=\"artile_title\">Comment faire une c\u00e9r\u00e9monie du cacao sacr\u00e9 \u00e0 la maison ?<\/div>\r\n                        <div class=\"article_excerpt\"><p>Qu&#8217;est-ce que le cacao sacr\u00e9 ? Comment organiser sa propre c\u00e9r\u00e9monie ? Bienfaits, recette, rituel d&#8217;amour propre, on te dit tout !<\/p>\n<\/div>\r\n                    <\/div>\r\n                <\/a>\r\n\r\n                \r\n                <a class=\"article\" href=\"http:\/\/recover.lajunglebijoux.com\/es\/mantras-positifs-guide\/\">\r\n                    <div class=\"image\" style=\"background: url(http:\/\/recover.lajunglebijoux.com\/wp-content\/uploads\/2023\/10\/mantras-positif-femme-heureuse-vie-epanouie-1024x588.jpg) no-repeat center; background-size: cover;\"><\/div>\r\n                    <div class=\"text\">\r\n                        <div class=\"artile_title\">Mantras positifs : ton super pouvoir au quotidien<\/div>\r\n                        <div class=\"article_excerpt\"><p>Utilis\u00e9s au quotidien, les mantras et affirmations positives permettent d\u2019apporter bien-\u00eatre, optimisme et l\u00e2cher-prise. Pr\u00eate \u00e0 essayer ?<\/p>\n<\/div>\r\n                    <\/div>\r\n                <\/a>\r\n\r\n                \r\n                <a class=\"article\" href=\"http:\/\/recover.lajunglebijoux.com\/es\/symboles-magiques\/\">\r\n                    <div class=\"image\" style=\"background: url(http:\/\/recover.lajunglebijoux.com\/wp-content\/uploads\/2023\/08\/symboles-magiques-1024x626.jpg) no-repeat center; background-size: cover;\"><\/div>\r\n                    <div class=\"text\">\r\n                        <div class=\"artile_title\">Symboles magiques : 5 gestes simples qui ont chang\u00e9 ma vie !<\/div>\r\n                        <div class=\"article_excerpt\"><p>Transformer sa vie gr\u00e2ce aux secrets des symboles magiques : 5 gestes faciles et rapides pour \u00eatre plus \u00e9panouie au quotidien.<\/p>\n<\/div>\r\n                    <\/div>\r\n                <\/a>\r\n\r\n                \r\n                <a class=\"article\" href=\"http:\/\/recover.lajunglebijoux.com\/es\/bijoux-symboliques\/\">\r\n                    <div class=\"image\" style=\"background: url(http:\/\/recover.lajunglebijoux.com\/wp-content\/uploads\/2023\/08\/bijoux-symboliques-signification-comment-choisir-Copie-1024x494.jpg) no-repeat center; background-size: cover;\"><\/div>\r\n                    <div class=\"text\">\r\n                        <div class=\"artile_title\">Bijoux symboliques, comment bien les choisir ?<\/div>\r\n                        <div class=\"article_excerpt\"><p>Mes conseils en 3 \u00e9tapes pour choisir les meilleurs bijoux symboliques pour te soutenir au quotidien.<\/p>\n<\/div>\r\n                    <\/div>\r\n                <\/a>\r\n\r\n                \r\n                <a class=\"article\" href=\"http:\/\/recover.lajunglebijoux.com\/es\/symbolique-signification-bagues-par-doigt\/\">\r\n                    <div class=\"image\" style=\"background: url(http:\/\/recover.lajunglebijoux.com\/wp-content\/uploads\/2022\/11\/parallele-bague-2-1024x684.jpg) no-repeat center; background-size: cover;\"><\/div>\r\n                    <div class=\"text\">\r\n                        <div class=\"artile_title\">La symbolique et la signification des bagues par doigt<\/div>\r\n                        <div class=\"article_excerpt\"><p>Saviez-vous que l&#8217;emplacement o\u00f9 vous portiez vos bagues symboliques influencerait la signification de la bague par doigt ? Chaque emplacement&#8230;<\/p>\n<\/div>\r\n                    <\/div>\r\n                <\/a>\r\n\r\n                \r\n                            <div class=\"pagination\">\r\n                    <span aria-current=\"page\" class=\"page-numbers current\">1<\/span>\n<a class=\"page-numbers\" href=\"http:\/\/recover.lajunglebijoux.com\/es\/wp-json\/wp\/v2\/pages\/259\/page\/2\/\">2<\/a>\n<a class=\"page-numbers\" href=\"http:\/\/recover.lajunglebijoux.com\/es\/wp-json\/wp\/v2\/pages\/259\/page\/3\/\">3<\/a>\n<a class=\"next page-numbers\" href=\"http:\/\/recover.lajunglebijoux.com\/es\/wp-json\/wp\/v2\/pages\/259\/page\/2\/\">>><\/a>                <\/div>\r\n                \r\n        <\/div>\r\n\r\n    <\/div>\r\n\r\n<\/div>","protected":false},"excerpt":{"rendered":"","protected":false},"author":2,"featured_media":0,"parent":0,"menu_order":27,"comment_status":"closed","ping_status":"closed","template":"","meta":{"_acf_changed":false,"footnotes":""},"class_list":["post-259","page","type-page","status-publish","hentry"],"acf":[],"yoast_head":"<!-- This site is optimized with the Yoast SEO plugin v23.3 - https:\/\/yoast.com\/wordpress\/plugins\/seo\/ -->\n<title>Blog - La Jungle Bijoux<\/title>\n<meta name=\"robots\" content=\"index, follow, max-snippet:-1, max-image-preview:large, max-video-preview:-1\" \/>\n<link rel=\"canonical\" href=\"http:\/\/recover.lajunglebijoux.com\/es\/blog\/\" \/>\n<meta property=\"og:locale\" content=\"es_ES\" \/>\n<meta property=\"og:type\" content=\"article\" \/>\n<meta property=\"og:title\" content=\"Blog - La Jungle Bijoux\" \/>\n<meta property=\"og:url\" content=\"http:\/\/recover.lajunglebijoux.com\/es\/blog\/\" \/>\n<meta property=\"og:site_name\" content=\"La Jungle Bijoux\" \/>\n<meta property=\"article:modified_time\" content=\"2023-03-08T09:02:44+00:00\" \/>\n<meta name=\"twitter:card\" content=\"summary_large_image\" \/>\n<script type=\"application\/ld+json\" class=\"yoast-schema-graph\">{\"@context\":\"https:\/\/schema.org\",\"@graph\":[{\"@type\":\"WebPage\",\"@id\":\"http:\/\/recover.lajunglebijoux.com\/es\/blog\/\",\"url\":\"http:\/\/recover.lajunglebijoux.com\/es\/blog\/\",\"name\":\"Blog - La Jungle Bijoux\",\"isPartOf\":{\"@id\":\"https:\/\/recover.lajunglebijoux.com\/es\/#website\"},\"datePublished\":\"2022-04-13T14:22:11+00:00\",\"dateModified\":\"2023-03-08T09:02:44+00:00\",\"breadcrumb\":{\"@id\":\"http:\/\/recover.lajunglebijoux.com\/es\/blog\/#breadcrumb\"},\"inLanguage\":\"es\",\"potentialAction\":[{\"@type\":\"ReadAction\",\"target\":[\"http:\/\/recover.lajunglebijoux.com\/es\/blog\/\"]}]},{\"@type\":\"BreadcrumbList\",\"@id\":\"http:\/\/recover.lajunglebijoux.com\/es\/blog\/#breadcrumb\",\"itemListElement\":[{\"@type\":\"ListItem\",\"position\":1,\"name\":\"Portada\",\"item\":\"https:\/\/recover.lajunglebijoux.com\/es\/\"},{\"@type\":\"ListItem\",\"position\":2,\"name\":\"Blog\"}]},{\"@type\":\"WebSite\",\"@id\":\"https:\/\/recover.lajunglebijoux.com\/es\/#website\",\"url\":\"https:\/\/recover.lajunglebijoux.com\/es\/\",\"name\":\"La Jungle Bijoux\",\"description\":\"\",\"publisher\":{\"@id\":\"https:\/\/recover.lajunglebijoux.com\/es\/#organization\"},\"potentialAction\":[{\"@type\":\"SearchAction\",\"target\":{\"@type\":\"EntryPoint\",\"urlTemplate\":\"https:\/\/recover.lajunglebijoux.com\/es\/?s={search_term_string}\"},\"query-input\":\"required name=search_term_string\"}],\"inLanguage\":\"es\"},{\"@type\":\"Organization\",\"@id\":\"https:\/\/recover.lajunglebijoux.com\/es\/#organization\",\"name\":\"La Jungle Bijoux\",\"url\":\"https:\/\/recover.lajunglebijoux.com\/es\/\",\"logo\":{\"@type\":\"ImageObject\",\"inLanguage\":\"es\",\"@id\":\"https:\/\/recover.lajunglebijoux.com\/es\/#\/schema\/logo\/image\/\",\"url\":\"http:\/\/recover.lajunglebijoux.com\/wp-content\/uploads\/2023\/01\/LOGO-FINAL-Fonce.jpg\",\"contentUrl\":\"http:\/\/recover.lajunglebijoux.com\/wp-content\/uploads\/2023\/01\/LOGO-FINAL-Fonce.jpg\",\"width\":900,\"height\":900,\"caption\":\"La Jungle Bijoux\"},\"image\":{\"@id\":\"https:\/\/recover.lajunglebijoux.com\/es\/#\/schema\/logo\/image\/\"}}]}<\/script>\n<!-- \/ Yoast SEO plugin. -->","yoast_head_json":{"title":"Blog - La Jungle Bijoux","robots":{"index":"index","follow":"follow","max-snippet":"max-snippet:-1","max-image-preview":"max-image-preview:large","max-video-preview":"max-video-preview:-1"},"canonical":"http:\/\/recover.lajunglebijoux.com\/es\/blog\/","og_locale":"es_ES","og_type":"article","og_title":"Blog - La Jungle Bijoux","og_url":"http:\/\/recover.lajunglebijoux.com\/es\/blog\/","og_site_name":"La Jungle Bijoux","article_modified_time":"2023-03-08T09:02:44+00:00","twitter_card":"summary_large_image","schema":{"@context":"https:\/\/schema.org","@graph":[{"@type":"WebPage","@id":"http:\/\/recover.lajunglebijoux.com\/es\/blog\/","url":"http:\/\/recover.lajunglebijoux.com\/es\/blog\/","name":"Blog - La Jungle Bijoux","isPartOf":{"@id":"https:\/\/recover.lajunglebijoux.com\/es\/#website"},"datePublished":"2022-04-13T14:22:11+00:00","dateModified":"2023-03-08T09:02:44+00:00","breadcrumb":{"@id":"http:\/\/recover.lajunglebijoux.com\/es\/blog\/#breadcrumb"},"inLanguage":"es","potentialAction":[{"@type":"ReadAction","target":["http:\/\/recover.lajunglebijoux.com\/es\/blog\/"]}]},{"@type":"BreadcrumbList","@id":"http:\/\/recover.lajunglebijoux.com\/es\/blog\/#breadcrumb","itemListElement":[{"@type":"ListItem","position":1,"name":"Portada","item":"https:\/\/recover.lajunglebijoux.com\/es\/"},{"@type":"ListItem","position":2,"name":"Blog"}]},{"@type":"WebSite","@id":"https:\/\/recover.lajunglebijoux.com\/es\/#website","url":"https:\/\/recover.lajunglebijoux.com\/es\/","name":"La Jungle Bijoux","description":"","publisher":{"@id":"https:\/\/recover.lajunglebijoux.com\/es\/#organization"},"potentialAction":[{"@type":"SearchAction","target":{"@type":"EntryPoint","urlTemplate":"https:\/\/recover.lajunglebijoux.com\/es\/?s={search_term_string}"},"query-input":"required name=search_term_string"}],"inLanguage":"es"},{"@type":"Organization","@id":"https:\/\/recover.lajunglebijoux.com\/es\/#organization","name":"La Jungle Bijoux","url":"https:\/\/recover.lajunglebijoux.com\/es\/","logo":{"@type":"ImageObject","inLanguage":"es","@id":"https:\/\/recover.lajunglebijoux.com\/es\/#\/schema\/logo\/image\/","url":"http:\/\/recover.lajunglebijoux.com\/wp-content\/uploads\/2023\/01\/LOGO-FINAL-Fonce.jpg","contentUrl":"http:\/\/recover.lajunglebijoux.com\/wp-content\/uploads\/2023\/01\/LOGO-FINAL-Fonce.jpg","width":900,"height":900,"caption":"La Jungle Bijoux"},"image":{"@id":"https:\/\/recover.lajunglebijoux.com\/es\/#\/schema\/logo\/image\/"}}]}},"_links":{"self":[{"href":"http:\/\/recover.lajunglebijoux.com\/es\/wp-json\/wp\/v2\/pages\/259","targetHints":{"allow":["GET"]}}],"collection":[{"href":"http:\/\/recover.lajunglebijoux.com\/es\/wp-json\/wp\/v2\/pages"}],"about":[{"href":"http:\/\/recover.lajunglebijoux.com\/es\/wp-json\/wp\/v2\/types\/page"}],"author":[{"embeddable":true,"href":"http:\/\/recover.lajunglebijoux.com\/es\/wp-json\/wp\/v2\/users\/2"}],"replies":[{"embeddable":true,"href":"http:\/\/recover.lajunglebijoux.com\/es\/wp-json\/wp\/v2\/comments?post=259"}],"version-history":[{"count":0,"href":"http:\/\/recover.lajunglebijoux.com\/es\/wp-json\/wp\/v2\/pages\/259\/revisions"}],"wp:attachment":[{"href":"http:\/\/recover.lajunglebijoux.com\/es\/wp-json\/wp\/v2\/media?parent=259"}],"curies":[{"name":"wp","href":"https:\/\/api.w.org\/{rel}","templated":true}]}}