{"id":21,"date":"2022-04-02T16:16:20","date_gmt":"2022-04-02T16:16:20","guid":{"rendered":"http:\/\/jkjpwtk.cluster026.hosting.ovh.net\/?page_id=21"},"modified":"2022-04-11T13:18:01","modified_gmt":"2022-04-11T13:18:01","slug":"la-marca","status":"publish","type":"page","link":"http:\/\/recover.lajunglebijoux.com\/es\/la-marca\/","title":{"rendered":"La Marca"},"content":{"rendered":"\n<h1 class=\"has-text-align-center wp-block-heading\">JOYAS ART\u00cdSTICAS Y ARTESANALES <br>made in Barcelona<\/h1>\n\n\n\n<div class=\"wp-block-image\"><figure class=\"aligncenter\"><img fetchpriority=\"high\" decoding=\"async\" width=\"1024\" height=\"513\" src=\"http:\/\/jkjpwtk.cluster026.hosting.ovh.net\/wp-content\/uploads\/2022\/04\/La-Jungle-Bijoux-Brand-1-1024x513.jpeg\" alt=\"\" class=\"wp-image-78\" srcset=\"http:\/\/recover.lajunglebijoux.com\/wp-content\/uploads\/2022\/04\/La-Jungle-Bijoux-Brand-1-1024x513.jpeg 1024w, http:\/\/recover.lajunglebijoux.com\/wp-content\/uploads\/2022\/04\/La-Jungle-Bijoux-Brand-1-600x301.jpeg 600w, http:\/\/recover.lajunglebijoux.com\/wp-content\/uploads\/2022\/04\/La-Jungle-Bijoux-Brand-1.jpeg 1098w\" sizes=\"(max-width: 1024px) 100vw, 1024px\" \/><\/figure><\/div>\n\n\n\n<p class=\"has-text-align-center\">El mundo del arte est\u00e1 lleno de diversidad, t\u00e9cnicas, culturas, influencias y est\u00e9tica.<br>\u200bEl deseo de explotar todo su potencial era evidente para m\u00ed.<br>Estos recursos convergen, se unen y se fusionan \u00aben La Jungla\u00bb para enriquecerse mutuamente.<\/p>\n\n\n\n<div class=\"wp-block-image\"><figure class=\"aligncenter\"><img decoding=\"async\" width=\"1024\" height=\"488\" src=\"http:\/\/jkjpwtk.cluster026.hosting.ovh.net\/wp-content\/uploads\/2022\/04\/La-Jungle-Bijoux-Brand-2-1024x488.jpg\" alt=\"\" class=\"wp-image-79\" srcset=\"http:\/\/recover.lajunglebijoux.com\/wp-content\/uploads\/2022\/04\/La-Jungle-Bijoux-Brand-2-1024x488.jpg 1024w, http:\/\/recover.lajunglebijoux.com\/wp-content\/uploads\/2022\/04\/La-Jungle-Bijoux-Brand-2-600x286.jpg 600w, http:\/\/recover.lajunglebijoux.com\/wp-content\/uploads\/2022\/04\/La-Jungle-Bijoux-Brand-2.jpg 1098w\" sizes=\"(max-width: 1024px) 100vw, 1024px\" \/><\/figure><\/div>\n\n\n\n<h2 class=\"has-text-align-center wp-block-heading\">El concepto de marca y las colaboraciones.<\/h2>\n\n\n\n<p class=\"has-text-align-center\">Ilustraci\u00f3n, dise\u00f1o gr\u00e1fico, arquitectura, dise\u00f1o textil, tatuaje&#8230; Las colecciones de La Jungle nacen de la mezcla entre estas pr\u00e1cticas y las m\u00edas. Me tomo el tiempo necesario para comprender el proceso creativo de los artistas y ayudarles a descubrir el m\u00edo. Juntos creamos asociaciones ins\u00f3litas.<\/p>\n\n\n\n<p class=\"has-text-align-center\">Durante una colaboraci\u00f3n, la marca se impregna de los valores de cada artista que participa en la aventura.<br>El resultado es una joya singular y polifac\u00e9tica que es a la vez un accesorio de moda y una verdadera obra de arte.<\/p>\n\n\n\n<div class=\"wp-block-image\"><figure class=\"aligncenter\"><img decoding=\"async\" width=\"1024\" height=\"540\" src=\"http:\/\/jkjpwtk.cluster026.hosting.ovh.net\/wp-content\/uploads\/2022\/04\/La-Jungle-Bijoux-Brand-5-1024x540.jpg\" alt=\"\" class=\"wp-image-82\" srcset=\"http:\/\/recover.lajunglebijoux.com\/wp-content\/uploads\/2022\/04\/La-Jungle-Bijoux-Brand-5-1024x540.jpg 1024w, http:\/\/recover.lajunglebijoux.com\/wp-content\/uploads\/2022\/04\/La-Jungle-Bijoux-Brand-5-600x316.jpg 600w, http:\/\/recover.lajunglebijoux.com\/wp-content\/uploads\/2022\/04\/La-Jungle-Bijoux-Brand-5.jpg 1098w\" sizes=\"(max-width: 1024px) 100vw, 1024px\" \/><\/figure><\/div>\n\n\n\n<h2 class=\"has-text-align-center wp-block-heading\">\u200bGood things take time.<\/h2>\n\n\n\n<p class=\"has-text-align-center\">La Jungle est\u00e1 en un proceso de producci\u00f3n consciente y responsable, de fabricaci\u00f3n lenta:<br>\u200b\u00bbgood things take time\u00bb.<br>Las colecciones s\u00f3lo salen cuando cada una de nuestras ideas ha tenido tiempo de ser explorada por completo y de darle forma para que se ajuste a sus deseos de est\u00e9tica, comodidad y durabilidad.<br>Trabajamos en lotes peque\u00f1os, y tus dise\u00f1os favoritos s\u00f3lo se hacen por encargo.<\/p>\n\n\n\n<div class=\"wp-block-image\"><figure class=\"aligncenter\"><img loading=\"lazy\" decoding=\"async\" width=\"1024\" height=\"493\" src=\"http:\/\/jkjpwtk.cluster026.hosting.ovh.net\/wp-content\/uploads\/2022\/04\/La-Jungle-Bijoux-Brand-3-1024x493.jpeg\" alt=\"\" class=\"wp-image-80\" srcset=\"http:\/\/recover.lajunglebijoux.com\/wp-content\/uploads\/2022\/04\/La-Jungle-Bijoux-Brand-3-1024x493.jpeg 1024w, http:\/\/recover.lajunglebijoux.com\/wp-content\/uploads\/2022\/04\/La-Jungle-Bijoux-Brand-3-600x289.jpeg 600w, http:\/\/recover.lajunglebijoux.com\/wp-content\/uploads\/2022\/04\/La-Jungle-Bijoux-Brand-3.jpeg 1098w\" sizes=\"(max-width: 1024px) 100vw, 1024px\" \/><\/figure><\/div>\n\n\n\n<h2 class=\"has-text-align-center wp-block-heading\">\u200bEl taller.<\/h2>\n\n\n\n<p class=\"has-text-align-center\">Cada pieza de joyer\u00eda est\u00e1 hecha a mano por m\u00ed en mi taller de Barcelona.<br>Deseo mantener vivo este saber hacer artesanal.<br>\u200bUtilizo t\u00e9cnicas tradicionales de joyer\u00eda (chasing, martillado, cera perdida) combinadas con m\u00e9todos m\u00e1s modernos desarrollados por m\u00ed (textura cepillada, textura arenosa&#8230;).<\/p>\n\n\n\n<div class=\"wp-block-image\"><figure class=\"aligncenter\"><img loading=\"lazy\" decoding=\"async\" width=\"1024\" height=\"487\" src=\"http:\/\/jkjpwtk.cluster026.hosting.ovh.net\/wp-content\/uploads\/2022\/04\/La-Jungle-Bijoux-Brand-4-1024x487.jpg\" alt=\"\" class=\"wp-image-81\" srcset=\"http:\/\/recover.lajunglebijoux.com\/wp-content\/uploads\/2022\/04\/La-Jungle-Bijoux-Brand-4-1024x487.jpg 1024w, http:\/\/recover.lajunglebijoux.com\/wp-content\/uploads\/2022\/04\/La-Jungle-Bijoux-Brand-4-600x285.jpg 600w, http:\/\/recover.lajunglebijoux.com\/wp-content\/uploads\/2022\/04\/La-Jungle-Bijoux-Brand-4.jpg 1098w\" sizes=\"(max-width: 1024px) 100vw, 1024px\" \/><\/figure><\/div>\n\n\n\n<h2 class=\"has-text-align-center wp-block-heading\">Joyas que viajan entre Francia y Espa\u00f1a:<br>materiales y su procedencia.<\/h2>\n\n\n\n<p class=\"has-text-align-center\">El lat\u00f3n dorado con oro de 24 quilates es el material favorito de la marca, utilizado por su textura y brillo.<br>\u200bCada uno de estos materiales se elige con cuidado.<\/p>\n\n\n\n<p class=\"has-text-align-center\">Para reducir el impacto medioambiental, he elegido proveedores europeos, concretamente de Par\u00eds y Barcelona.<\/p>\n\n\n\n<p class=\"has-text-align-center\">El lat\u00f3n bruto en placas y alambres y las cadenas vienen de Par\u00eds.<br>Mi dorador, que da brillo y durabilidad a sus joyas con oro de 24 quilates, y mi fundidor, que se encarga de fundir joyas intemporales y piezas de volumen, est\u00e1n en Barcelona.<br>Los nuevos sobres de papel reciclado en los que env\u00edo sus pedidos, las bolsas de tela reciclada impresas a mano y las cajas de cart\u00f3n reciclado tambi\u00e9n vienen de Espa\u00f1a.<\/p>\n\n\n\n<div class=\"wp-block-image\"><figure class=\"aligncenter size-large\"><img loading=\"lazy\" decoding=\"async\" width=\"1024\" height=\"527\" src=\"http:\/\/jkjpwtk.cluster026.hosting.ovh.net\/wp-content\/uploads\/2022\/04\/La-Jungle-Bijoux-Brand-6-1024x527.jpg\" alt=\"\" class=\"wp-image-88\" srcset=\"http:\/\/recover.lajunglebijoux.com\/wp-content\/uploads\/2022\/04\/La-Jungle-Bijoux-Brand-6-1024x527.jpg 1024w, http:\/\/recover.lajunglebijoux.com\/wp-content\/uploads\/2022\/04\/La-Jungle-Bijoux-Brand-6-600x309.jpg 600w, http:\/\/recover.lajunglebijoux.com\/wp-content\/uploads\/2022\/04\/La-Jungle-Bijoux-Brand-6.jpg 1098w\" sizes=\"(max-width: 1024px) 100vw, 1024px\" \/><\/figure><\/div>\n\n\n\n<h2 class=\"has-text-align-center wp-block-heading\">Una dise\u00f1adora francesa que lleg\u00f3 en Espa\u00f1a<br>con sus conocimientos artesanales.<\/h2>\n\n\n\n<p class=\"has-text-align-center\">Jen Jallier :&nbsp;\u00abApasionada por el arte y la artesan\u00eda, primero me form\u00e9 en joyer\u00eda en la famosa Escuela Boulle de Par\u00eds, luego me orient\u00e9 hacia el bordado de alta costura, que practiqu\u00e9 durante tres a\u00f1os y medio<br>paralelamente a La Jungle para el dise\u00f1ador de moda Jean Paul Gaultier.<br>Mi taller, situado ahora en Espa\u00f1a, es una fuente adicional de diversas inspiraciones.&nbsp;Mi taller, situado ahora en Barcelona, Catalu\u00f1a, es una gran fuente de inspiraci\u00f3n nueva y diversa.\u00bb<\/p>\n\n\n\n<p class=\"has-text-align-center\">Como esta doble carrera no satisfac\u00eda mi curiosidad, tuve que crear oportunidades para descompartimentar las profesiones art\u00edsticas y vincular los distintos campos, y por eso cre\u00e9 La Jungle\u00bb.<\/p>\n\n\n\n<figure class=\"wp-block-image size-full\"><img loading=\"lazy\" decoding=\"async\" width=\"1016\" height=\"518\" src=\"http:\/\/jkjpwtk.cluster026.hosting.ovh.net\/wp-content\/uploads\/2022\/04\/La-Jungle-Bijoux-Brand-7.jpg\" alt=\"\" class=\"wp-image-83\" srcset=\"http:\/\/recover.lajunglebijoux.com\/wp-content\/uploads\/2022\/04\/La-Jungle-Bijoux-Brand-7.jpg 1016w, http:\/\/recover.lajunglebijoux.com\/wp-content\/uploads\/2022\/04\/La-Jungle-Bijoux-Brand-7-600x306.jpg 600w\" sizes=\"(max-width: 1016px) 100vw, 1016px\" \/><\/figure>\n\n\n\n<h2 class=\"has-text-align-center wp-block-heading\">Joyas solidarias y con significado.<\/h2>\n\n\n\n<p class=\"has-text-align-center\">Desde 2019, La Jungle apuesta por la solidaridad donando parte del precio de las joyas a asociaciones<br>que trabajan por causas importantes para m\u00ed.<\/p>\n\n\n\n<p class=\"has-text-align-center\"><strong>Las diferentes asociaciones:<\/strong><\/p>\n\n\n\n<p class=\"has-text-align-center\"><strong>SEA SHEPHERD<\/strong><br>Protecci\u00f3n activa de los oc\u00e9anos, los ecosistemas marinos y la biodiversidad.<\/p>\n\n\n\n<p class=\"has-text-align-center\"><strong>CARE FRANCE<\/strong><br>Lucha contra el calentamiento global y ayuda a las mujeres que sufren la pobreza a recuperar sus derechos con dignidad. Care France est\u00e1 presente en m\u00e1s de 100 pa\u00edses del mundo.<\/p>\n\n\n\n<p class=\"has-text-align-center\"><strong>HANDSAWAY PARIS<\/strong><br>Lucha contra la violencia sexual y de g\u00e9nero.<\/p>\n\n\n\n<p class=\"has-text-align-center\"><strong>FEMMES SDF<\/strong><br>Acciones junto a mujeres sin hogar y en situaci\u00f3n de precariedad para darles un lugar en la sociedad y acompa\u00f1arlas.<\/p>\n\n\n\n<p class=\"has-text-align-center\"><strong>FONDATION DES FEMMES<\/strong><br>Fundaci\u00f3n de referencia en Francia sobre los derechos de la mujer y la lucha contra la violencia de g\u00e9nero.<\/p>\n\n\n\n<div class=\"wp-block-image\"><figure class=\"aligncenter\"><img loading=\"lazy\" decoding=\"async\" width=\"1024\" height=\"483\" src=\"http:\/\/jkjpwtk.cluster026.hosting.ovh.net\/wp-content\/uploads\/2022\/04\/La-Jungle-Bijoux-Brand-8-1024x483.jpg\" alt=\"\" class=\"wp-image-84\" srcset=\"http:\/\/recover.lajunglebijoux.com\/wp-content\/uploads\/2022\/04\/La-Jungle-Bijoux-Brand-8-1024x483.jpg 1024w, http:\/\/recover.lajunglebijoux.com\/wp-content\/uploads\/2022\/04\/La-Jungle-Bijoux-Brand-8-600x283.jpg 600w, http:\/\/recover.lajunglebijoux.com\/wp-content\/uploads\/2022\/04\/La-Jungle-Bijoux-Brand-8.jpg 1098w\" sizes=\"(max-width: 1024px) 100vw, 1024px\" \/><\/figure><\/div>\n","protected":false},"excerpt":{"rendered":"<p>JOYAS ART\u00cdSTICAS Y ARTESANALES made in Barcelona El mundo del arte est\u00e1 lleno de diversidad, t\u00e9cnicas, culturas, influencias y est\u00e9tica.\u200bEl&#8230;<\/p>\n","protected":false},"author":2,"featured_media":0,"parent":0,"menu_order":47,"comment_status":"closed","ping_status":"closed","template":"","meta":{"_acf_changed":false,"footnotes":""},"class_list":["post-21","page","type-page","status-publish","hentry"],"acf":[],"yoast_head":"<!-- This site is optimized with the Yoast SEO plugin v23.3 - https:\/\/yoast.com\/wordpress\/plugins\/seo\/ -->\n<title>La Marca - La Jungle Bijoux<\/title>\n<meta name=\"robots\" content=\"index, follow, max-snippet:-1, max-image-preview:large, max-video-preview:-1\" \/>\n<link rel=\"canonical\" href=\"http:\/\/recover.lajunglebijoux.com\/es\/la-marca\/\" \/>\n<meta property=\"og:locale\" content=\"es_ES\" \/>\n<meta property=\"og:type\" content=\"article\" \/>\n<meta property=\"og:title\" content=\"La Marca - La Jungle Bijoux\" \/>\n<meta property=\"og:description\" content=\"JOYAS ART\u00cdSTICAS Y ARTESANALES made in Barcelona El mundo del arte est\u00e1 lleno de diversidad, t\u00e9cnicas, culturas, influencias y est\u00e9tica.\u200bEl...\" \/>\n<meta property=\"og:url\" content=\"http:\/\/recover.lajunglebijoux.com\/es\/la-marca\/\" \/>\n<meta property=\"og:site_name\" content=\"La Jungle Bijoux\" \/>\n<meta property=\"article:modified_time\" content=\"2022-04-11T13:18:01+00:00\" \/>\n<meta property=\"og:image\" content=\"http:\/\/jkjpwtk.cluster026.hosting.ovh.net\/wp-content\/uploads\/2022\/04\/La-Jungle-Bijoux-Brand-1-1024x513.jpeg\" \/>\n<meta name=\"twitter:card\" content=\"summary_large_image\" \/>\n<meta name=\"twitter:label1\" content=\"Tiempo de lectura\" \/>\n\t<meta name=\"twitter:data1\" content=\"3 minutos\" \/>\n<script type=\"application\/ld+json\" class=\"yoast-schema-graph\">{\"@context\":\"https:\/\/schema.org\",\"@graph\":[{\"@type\":\"WebPage\",\"@id\":\"http:\/\/recover.lajunglebijoux.com\/es\/la-marca\/\",\"url\":\"http:\/\/recover.lajunglebijoux.com\/es\/la-marca\/\",\"name\":\"La Marca - La Jungle Bijoux\",\"isPartOf\":{\"@id\":\"http:\/\/recover.lajunglebijoux.com\/es\/#website\"},\"primaryImageOfPage\":{\"@id\":\"http:\/\/recover.lajunglebijoux.com\/es\/la-marca\/#primaryimage\"},\"image\":{\"@id\":\"http:\/\/recover.lajunglebijoux.com\/es\/la-marca\/#primaryimage\"},\"thumbnailUrl\":\"http:\/\/jkjpwtk.cluster026.hosting.ovh.net\/wp-content\/uploads\/2022\/04\/La-Jungle-Bijoux-Brand-1-1024x513.jpeg\",\"datePublished\":\"2022-04-02T16:16:20+00:00\",\"dateModified\":\"2022-04-11T13:18:01+00:00\",\"breadcrumb\":{\"@id\":\"http:\/\/recover.lajunglebijoux.com\/es\/la-marca\/#breadcrumb\"},\"inLanguage\":\"es\",\"potentialAction\":[{\"@type\":\"ReadAction\",\"target\":[\"http:\/\/recover.lajunglebijoux.com\/es\/la-marca\/\"]}]},{\"@type\":\"ImageObject\",\"inLanguage\":\"es\",\"@id\":\"http:\/\/recover.lajunglebijoux.com\/es\/la-marca\/#primaryimage\",\"url\":\"http:\/\/jkjpwtk.cluster026.hosting.ovh.net\/wp-content\/uploads\/2022\/04\/La-Jungle-Bijoux-Brand-1-1024x513.jpeg\",\"contentUrl\":\"http:\/\/jkjpwtk.cluster026.hosting.ovh.net\/wp-content\/uploads\/2022\/04\/La-Jungle-Bijoux-Brand-1-1024x513.jpeg\"},{\"@type\":\"BreadcrumbList\",\"@id\":\"http:\/\/recover.lajunglebijoux.com\/es\/la-marca\/#breadcrumb\",\"itemListElement\":[{\"@type\":\"ListItem\",\"position\":1,\"name\":\"Portada\",\"item\":\"http:\/\/recover.lajunglebijoux.com\/es\/\"},{\"@type\":\"ListItem\",\"position\":2,\"name\":\"La Marca\"}]},{\"@type\":\"WebSite\",\"@id\":\"http:\/\/recover.lajunglebijoux.com\/es\/#website\",\"url\":\"http:\/\/recover.lajunglebijoux.com\/es\/\",\"name\":\"La Jungle Bijoux\",\"description\":\"\",\"publisher\":{\"@id\":\"http:\/\/recover.lajunglebijoux.com\/es\/#organization\"},\"potentialAction\":[{\"@type\":\"SearchAction\",\"target\":{\"@type\":\"EntryPoint\",\"urlTemplate\":\"http:\/\/recover.lajunglebijoux.com\/es\/?s={search_term_string}\"},\"query-input\":\"required name=search_term_string\"}],\"inLanguage\":\"es\"},{\"@type\":\"Organization\",\"@id\":\"http:\/\/recover.lajunglebijoux.com\/es\/#organization\",\"name\":\"La Jungle Bijoux\",\"url\":\"http:\/\/recover.lajunglebijoux.com\/es\/\",\"logo\":{\"@type\":\"ImageObject\",\"inLanguage\":\"es\",\"@id\":\"http:\/\/recover.lajunglebijoux.com\/es\/#\/schema\/logo\/image\/\",\"url\":\"http:\/\/recover.lajunglebijoux.com\/wp-content\/uploads\/2023\/01\/LOGO-FINAL-Fonce.jpg\",\"contentUrl\":\"http:\/\/recover.lajunglebijoux.com\/wp-content\/uploads\/2023\/01\/LOGO-FINAL-Fonce.jpg\",\"width\":900,\"height\":900,\"caption\":\"La Jungle Bijoux\"},\"image\":{\"@id\":\"http:\/\/recover.lajunglebijoux.com\/es\/#\/schema\/logo\/image\/\"}}]}<\/script>\n<!-- \/ Yoast SEO plugin. -->","yoast_head_json":{"title":"La Marca - La Jungle Bijoux","robots":{"index":"index","follow":"follow","max-snippet":"max-snippet:-1","max-image-preview":"max-image-preview:large","max-video-preview":"max-video-preview:-1"},"canonical":"http:\/\/recover.lajunglebijoux.com\/es\/la-marca\/","og_locale":"es_ES","og_type":"article","og_title":"La Marca - La Jungle Bijoux","og_description":"JOYAS ART\u00cdSTICAS Y ARTESANALES made in Barcelona El mundo del arte est\u00e1 lleno de diversidad, t\u00e9cnicas, culturas, influencias y est\u00e9tica.\u200bEl...","og_url":"http:\/\/recover.lajunglebijoux.com\/es\/la-marca\/","og_site_name":"La Jungle Bijoux","article_modified_time":"2022-04-11T13:18:01+00:00","og_image":[{"url":"http:\/\/jkjpwtk.cluster026.hosting.ovh.net\/wp-content\/uploads\/2022\/04\/La-Jungle-Bijoux-Brand-1-1024x513.jpeg"}],"twitter_card":"summary_large_image","twitter_misc":{"Tiempo de lectura":"3 minutos"},"schema":{"@context":"https:\/\/schema.org","@graph":[{"@type":"WebPage","@id":"http:\/\/recover.lajunglebijoux.com\/es\/la-marca\/","url":"http:\/\/recover.lajunglebijoux.com\/es\/la-marca\/","name":"La Marca - La Jungle Bijoux","isPartOf":{"@id":"http:\/\/recover.lajunglebijoux.com\/es\/#website"},"primaryImageOfPage":{"@id":"http:\/\/recover.lajunglebijoux.com\/es\/la-marca\/#primaryimage"},"image":{"@id":"http:\/\/recover.lajunglebijoux.com\/es\/la-marca\/#primaryimage"},"thumbnailUrl":"http:\/\/jkjpwtk.cluster026.hosting.ovh.net\/wp-content\/uploads\/2022\/04\/La-Jungle-Bijoux-Brand-1-1024x513.jpeg","datePublished":"2022-04-02T16:16:20+00:00","dateModified":"2022-04-11T13:18:01+00:00","breadcrumb":{"@id":"http:\/\/recover.lajunglebijoux.com\/es\/la-marca\/#breadcrumb"},"inLanguage":"es","potentialAction":[{"@type":"ReadAction","target":["http:\/\/recover.lajunglebijoux.com\/es\/la-marca\/"]}]},{"@type":"ImageObject","inLanguage":"es","@id":"http:\/\/recover.lajunglebijoux.com\/es\/la-marca\/#primaryimage","url":"http:\/\/jkjpwtk.cluster026.hosting.ovh.net\/wp-content\/uploads\/2022\/04\/La-Jungle-Bijoux-Brand-1-1024x513.jpeg","contentUrl":"http:\/\/jkjpwtk.cluster026.hosting.ovh.net\/wp-content\/uploads\/2022\/04\/La-Jungle-Bijoux-Brand-1-1024x513.jpeg"},{"@type":"BreadcrumbList","@id":"http:\/\/recover.lajunglebijoux.com\/es\/la-marca\/#breadcrumb","itemListElement":[{"@type":"ListItem","position":1,"name":"Portada","item":"http:\/\/recover.lajunglebijoux.com\/es\/"},{"@type":"ListItem","position":2,"name":"La Marca"}]},{"@type":"WebSite","@id":"http:\/\/recover.lajunglebijoux.com\/es\/#website","url":"http:\/\/recover.lajunglebijoux.com\/es\/","name":"La Jungle Bijoux","description":"","publisher":{"@id":"http:\/\/recover.lajunglebijoux.com\/es\/#organization"},"potentialAction":[{"@type":"SearchAction","target":{"@type":"EntryPoint","urlTemplate":"http:\/\/recover.lajunglebijoux.com\/es\/?s={search_term_string}"},"query-input":"required name=search_term_string"}],"inLanguage":"es"},{"@type":"Organization","@id":"http:\/\/recover.lajunglebijoux.com\/es\/#organization","name":"La Jungle Bijoux","url":"http:\/\/recover.lajunglebijoux.com\/es\/","logo":{"@type":"ImageObject","inLanguage":"es","@id":"http:\/\/recover.lajunglebijoux.com\/es\/#\/schema\/logo\/image\/","url":"http:\/\/recover.lajunglebijoux.com\/wp-content\/uploads\/2023\/01\/LOGO-FINAL-Fonce.jpg","contentUrl":"http:\/\/recover.lajunglebijoux.com\/wp-content\/uploads\/2023\/01\/LOGO-FINAL-Fonce.jpg","width":900,"height":900,"caption":"La Jungle Bijoux"},"image":{"@id":"http:\/\/recover.lajunglebijoux.com\/es\/#\/schema\/logo\/image\/"}}]}},"_links":{"self":[{"href":"http:\/\/recover.lajunglebijoux.com\/es\/wp-json\/wp\/v2\/pages\/21","targetHints":{"allow":["GET"]}}],"collection":[{"href":"http:\/\/recover.lajunglebijoux.com\/es\/wp-json\/wp\/v2\/pages"}],"about":[{"href":"http:\/\/recover.lajunglebijoux.com\/es\/wp-json\/wp\/v2\/types\/page"}],"author":[{"embeddable":true,"href":"http:\/\/recover.lajunglebijoux.com\/es\/wp-json\/wp\/v2\/users\/2"}],"replies":[{"embeddable":true,"href":"http:\/\/recover.lajunglebijoux.com\/es\/wp-json\/wp\/v2\/comments?post=21"}],"version-history":[{"count":0,"href":"http:\/\/recover.lajunglebijoux.com\/es\/wp-json\/wp\/v2\/pages\/21\/revisions"}],"wp:attachment":[{"href":"http:\/\/recover.lajunglebijoux.com\/es\/wp-json\/wp\/v2\/media?parent=21"}],"curies":[{"name":"wp","href":"https:\/\/api.w.org\/{rel}","templated":true}]}}