{"id":12660,"date":"2022-10-31T16:22:05","date_gmt":"2022-10-31T14:22:05","guid":{"rendered":"https:\/\/recover.lajunglebijoux.com\/conseils-dentretien\/"},"modified":"2024-04-29T15:44:12","modified_gmt":"2024-04-29T13:44:12","slug":"consejos-mantenimiento","status":"publish","type":"page","link":"http:\/\/recover.lajunglebijoux.com\/es\/consejos-mantenimiento\/","title":{"rendered":"Consejos de mantenimiento"},"content":{"rendered":"\n<div id=\"\" class=\"page-header text_color_white block\">\n\n    \n    <div class=\"images \">\n                        <img class=\"show\" src='http:\/\/recover.lajunglebijoux.com\/wp-content\/uploads\/2022\/10\/COUVMAIL-1920x905.jpg'>\n                    <\/div>\n\n    <div class=\"image_overlay\"><\/div>\n\n    <div class=\"text\">\n        \n        <h1 style=\"text-align: center\"><span class=\"notion-enable-hover\" data-token-index=\"0\">\u00bfC\u00f3mo limpiar tus joyas?<\/span><!-- notionvc: 08afd901-ce2a-40ca-8deb-5a3bc852b624 --><\/h1>\n\n        \n    <\/div>\n\n<\/div>\n\n\n<h2 class=\"wp-block-heading\">\u00bfC\u00f3mo limpiar tus joyas?<\/h2>\n\n\n\n<p>Porque si las elegiste, seguramente las amas mucho, aqu\u00ed te doy algunos <strong>consejos para el cuidado de tus joyas<\/strong> para que te acompa\u00f1en durante el mayor tiempo posible. Cuanto mejor las cuides, mejor envejecer\u00e1n.<\/p>\n\n\n\n<p>Siendo completamente transparente, s\u00ed, es completamente normal que una joya usada a diario muestre signos de desgaste, independientemente de su composici\u00f3n. Tus compa\u00f1eras de moda viven al ritmo de tu ajetreada vida.<\/p>\n\n\n\n<p>Para ser honesta, la \u00fanica forma real de mantener una joya en perfecto estado ser\u00eda&#8230; no usarla, \u00a1pero admitamos que ser\u00eda bastante triste! Y siendo sincera, esas peque\u00f1as se\u00f1ales de desgaste propias de las <strong>joyas artesanales<\/strong> le dan un encanto, un toque aut\u00e9ntico y \u00fanico que las hace muy personales y que al final, \u00bfno es algo que apreciamos?<\/p>\n\n\n\r\n<div id=\"\" class=\"two-columns-free block\">\r\n\r\n    <div class=\"site_width cols reverse_on_mobile\">\r\n\r\n        <div class=\"col left\">\r\n            <h2>REGLA DE ORO N.\u00ba 1:<\/h2>\n<p>Cuando no las est\u00e9s usando, y esta regla se aplica a todas las joyas, <strong>gu\u00e1rdalas una por una en sus bolsas<\/strong> para evitar que se golpeen entre s\u00ed, se rayen e incluso que se transmitan la oxidaci\u00f3n mutua. \u00a1S\u00ed, casi podr\u00edamos creer que est\u00e1n vivas!<\/p>\n<h2>REGLA DE ORO N.\u00ba 2:<\/h2>\n<h3><strong>Chapado en oro y ba\u00f1ado en oro fino con garant\u00eda:<\/strong><\/h3>\n<p>Con esta calidad de acabado, tus joyas resisten en t\u00e9rminos de color el sue\u00f1o, la ducha, la piscina, el mar, as\u00ed como el perfume y el sudor; sin embargo, te recomendamos que a\u00fan as\u00ed te las quites para evitar cualquier riesgo de rotura si se entrelazan entre s\u00ed, si hay alg\u00fan impacto o tensi\u00f3n&#8230; Para limpiarlas si se empa\u00f1an ligeramente, un pa\u00f1o suave y seco tipo microfibra ser\u00e1 suficiente al frotar ligeramente.<\/p>\n<p><!-- notionvc: d34d808b-4f0f-41d4-83a9-272f18d28c3a --><\/p>\n                    <\/div>\r\n\r\n        <div class=\"col right\">\r\n            <p><img fetchpriority=\"high\" decoding=\"async\" fetchpriority=\"high\" class=\"alignnone size-large wp-image-1927\" src=\"http:\/\/jkjpwtk.cluster026.hosting.ovh.net\/wp-content\/uploads\/2022\/10\/6-1024x1024.jpg\" alt=\"Conseils d'entretien La Jungle Bijoux\" width=\"1024\" height=\"1024\" srcset=\"http:\/\/recover.lajunglebijoux.com\/wp-content\/uploads\/2022\/10\/6-1024x1024.jpg 1024w, http:\/\/recover.lajunglebijoux.com\/wp-content\/uploads\/2022\/10\/6-600x600.jpg 600w, http:\/\/recover.lajunglebijoux.com\/wp-content\/uploads\/2022\/10\/6-350x350.jpg 350w, http:\/\/recover.lajunglebijoux.com\/wp-content\/uploads\/2022\/10\/6-1920x1919.jpg 1920w\" sizes=\"(max-width: 1024px) 100vw, 1024px\" \/><\/p>\n                    <\/div>\r\n        \r\n    <\/div>\r\n\r\n<\/div>\n\n\r\n<div id=\"\" class=\"two-columns-free block\">\r\n\r\n    <div class=\"site_width cols \">\r\n\r\n        <div class=\"col left\">\r\n            <p><img loading=\"lazy\" decoding=\"async\" class=\"alignnone size-medium wp-image-5014\" src=\"https:\/\/recover.lajunglebijoux.com\/wp-content\/uploads\/2023\/01\/IMG_20220427_125046-600x600.jpg\" alt=\"collier talisman or\" width=\"600\" height=\"600\" srcset=\"http:\/\/recover.lajunglebijoux.com\/wp-content\/uploads\/2023\/01\/IMG_20220427_125046-600x600.jpg 600w, http:\/\/recover.lajunglebijoux.com\/wp-content\/uploads\/2023\/01\/IMG_20220427_125046-1024x1024.jpg 1024w, http:\/\/recover.lajunglebijoux.com\/wp-content\/uploads\/2023\/01\/IMG_20220427_125046-350x350.jpg 350w, http:\/\/recover.lajunglebijoux.com\/wp-content\/uploads\/2023\/01\/IMG_20220427_125046-1920x1920.jpg 1920w\" sizes=\"(max-width: 600px) 100vw, 600px\" \/><\/p>\n                    <\/div>\r\n\r\n        <div class=\"col right\">\r\n            <h3><strong>Chapado en oro sin garant\u00eda:<\/strong><\/h3>\n<p>Para esta calidad, puedes dejar tus joyas puestas para lavarte las manos, por ejemplo, pero te recomiendo que te las quites para cualquier otro contacto con el agua, as\u00ed como para dormir. Esto tambi\u00e9n se aplica a las <strong>joyas ba\u00f1adas en oro fino sin garant\u00eda, las joyas chapadas en plata rodio o las de lat\u00f3n galvanizado<\/strong> para las cuales, lamentablemente, incluso lavarse las manos r\u00e1pidamente es un riesgo de da\u00f1arlas. Para estas calidades, es mejor ponerte las joyas en la piel despu\u00e9s de arreglarte. Para limpiarlas si se empa\u00f1an ligeramente, un pa\u00f1o suave y seco tipo microfibra ser\u00e1 suficiente al frotar ligeramente.<\/p>\n<p><!-- notionvc: fb779877-9660-4a29-8c3d-7cc9225d83a3 --><\/p>\n                    <\/div>\r\n        \r\n    <\/div>\r\n\r\n<\/div>\n\n\r\n<div id=\"\" class=\"two-columns-free block\">\r\n\r\n    <div class=\"site_width cols \">\r\n\r\n        <div class=\"col left\">\r\n            <h3><strong>Lat\u00f3n o plata sin tratar:<\/strong><\/h3>\n<p>Para esta calidad, te recomendamos evitar el contacto con perfumes; es mejor ponerte las joyas en la piel despu\u00e9s de arreglarte. Del mismo modo, la transpiraci\u00f3n es un enemigo de las joyas de lat\u00f3n o plata sin tratar (no las uses para hacer ejercicio o en d\u00edas de mucho calor).<\/p>\n<p>Para limpiarlas, la mejor t\u00e9cnica sigue siendo la del cepillo de dientes y la pasta dental: frota con un poco de agua, enjuaga con agua clara y seca bien con un pa\u00f1o de microfibra hasta que la joya est\u00e9 completamente seca.<\/p>\n<h3><strong><!-- notionvc: 1cfd8254-be35-4e18-8043-472d4acbab04 --><\/strong><\/h3>\n                    <\/div>\r\n\r\n        <div class=\"col right\">\r\n            <p><img loading=\"lazy\" decoding=\"async\" class=\"alignnone wp-image-1925 size-medium\" src=\"https:\/\/recover.lajunglebijoux.com\/wp-content\/uploads\/2022\/10\/2-600x600.jpg\" alt=\"conseils d'entretien la Jungle Bijoux\" width=\"600\" height=\"600\" srcset=\"http:\/\/recover.lajunglebijoux.com\/wp-content\/uploads\/2022\/10\/2-600x600.jpg 600w, http:\/\/recover.lajunglebijoux.com\/wp-content\/uploads\/2022\/10\/2-1024x1025.jpg 1024w, http:\/\/recover.lajunglebijoux.com\/wp-content\/uploads\/2022\/10\/2-350x350.jpg 350w, http:\/\/recover.lajunglebijoux.com\/wp-content\/uploads\/2022\/10\/2.jpg 1293w\" sizes=\"(max-width: 600px) 100vw, 600px\" \/><\/p>\n                    <\/div>\r\n        \r\n    <\/div>\r\n\r\n<\/div>\n\n\r\n<div id=\"\" class=\"two-columns-free block\">\r\n\r\n    <div class=\"site_width cols reverse_on_mobile\">\r\n\r\n        <div class=\"col left\">\r\n            <h2><img loading=\"lazy\" decoding=\"async\" loading=\"lazy\" class=\"alignnone size-large wp-image-1911\" src=\"http:\/\/jkjpwtk.cluster026.hosting.ovh.net\/wp-content\/uploads\/2022\/10\/point-de-vente-la-jungle-1024x1024.jpg\" alt=\"\" width=\"1024\" height=\"1024\" srcset=\"http:\/\/recover.lajunglebijoux.com\/wp-content\/uploads\/2022\/10\/point-de-vente-la-jungle-1024x1024.jpg 1024w, http:\/\/recover.lajunglebijoux.com\/wp-content\/uploads\/2022\/10\/point-de-vente-la-jungle-600x600.jpg 600w, http:\/\/recover.lajunglebijoux.com\/wp-content\/uploads\/2022\/10\/point-de-vente-la-jungle-350x350.jpg 350w, http:\/\/recover.lajunglebijoux.com\/wp-content\/uploads\/2022\/10\/point-de-vente-la-jungle-1920x1920.jpg 1920w, http:\/\/recover.lajunglebijoux.com\/wp-content\/uploads\/2022\/10\/point-de-vente-la-jungle.jpg 2048w\" sizes=\"auto, (max-width: 1024px) 100vw, 1024px\" \/><\/h2>\n                    <\/div>\r\n\r\n        <div class=\"col right\">\r\n            <h2>EL TRUCO DE ORO:<\/h2>\n<p>Para evitar que un collar o gargantilla se enrede, siempre deja el cierre fuera de la bolsa al cerrarla. De hecho, las joyas siempre se enredan por los extremos.<\/p>\n<h3>\u00a1No te dejamos sol@!<\/h3>\n<p>De hecho, La Jungle te ofrece un servicio de rechapado y reparaci\u00f3n total.<\/p>\n<p>Las joyas de las colecciones La Jungle siempre se beneficiar\u00e1n de un precio favorable en estos servicios.<\/p>\n<p>Entonces, \u00bfhacemos que todo brille?<\/p>\n<p>Cont\u00e1ctame: <strong><a href=\"mailto:lajunglebijoux@gmail.com\">lajunglebijoux@gmail.com<\/a><\/strong><\/p>\n<p><!-- notionvc: ae2aa52c-19e4-400d-9f56-5d9587a78b22 --><\/p>\n                    <\/div>\r\n        \r\n    <\/div>\r\n\r\n<\/div>","protected":false},"excerpt":{"rendered":"<p>\u00bfC\u00f3mo limpiar tus joyas? Porque si las elegiste, seguramente las amas mucho, aqu\u00ed te doy algunos consejos para el cuidado&#8230;<\/p>\n","protected":false},"author":2,"featured_media":0,"parent":0,"menu_order":17,"comment_status":"closed","ping_status":"closed","template":"","meta":{"_acf_changed":false,"footnotes":""},"class_list":["post-12660","page","type-page","status-publish","hentry"],"acf":[],"yoast_head":"<!-- This site is optimized with the Yoast SEO plugin v23.3 - https:\/\/yoast.com\/wordpress\/plugins\/seo\/ -->\n<title>Consejos de mantenimiento - La Jungle Bijoux<\/title>\n<meta name=\"description\" content=\"He aqu\u00ed algunos consejos y trucos de mantenimiento. Para que sus joyas tengan una larga vida, \u00a1o incluso una segunda!\" \/>\n<meta name=\"robots\" content=\"index, follow, max-snippet:-1, max-image-preview:large, max-video-preview:-1\" \/>\n<link rel=\"canonical\" href=\"http:\/\/recover.lajunglebijoux.com\/es\/consejos-mantenimiento\/\" \/>\n<meta property=\"og:locale\" content=\"es_ES\" \/>\n<meta property=\"og:type\" content=\"article\" \/>\n<meta property=\"og:title\" content=\"Consejos de mantenimiento - La Jungle Bijoux\" \/>\n<meta property=\"og:description\" content=\"He aqu\u00ed algunos consejos y trucos de mantenimiento. Para que sus joyas tengan una larga vida, \u00a1o incluso una segunda!\" \/>\n<meta property=\"og:url\" content=\"http:\/\/recover.lajunglebijoux.com\/es\/consejos-mantenimiento\/\" \/>\n<meta property=\"og:site_name\" content=\"La Jungle Bijoux\" \/>\n<meta property=\"article:modified_time\" content=\"2024-04-29T13:44:12+00:00\" \/>\n<meta name=\"twitter:card\" content=\"summary_large_image\" \/>\n<meta name=\"twitter:label1\" content=\"Tiempo de lectura\" \/>\n\t<meta name=\"twitter:data1\" content=\"1 minuto\" \/>\n<script type=\"application\/ld+json\" class=\"yoast-schema-graph\">{\"@context\":\"https:\/\/schema.org\",\"@graph\":[{\"@type\":\"WebPage\",\"@id\":\"http:\/\/recover.lajunglebijoux.com\/es\/consejos-mantenimiento\/\",\"url\":\"http:\/\/recover.lajunglebijoux.com\/es\/consejos-mantenimiento\/\",\"name\":\"Consejos de mantenimiento - La Jungle Bijoux\",\"isPartOf\":{\"@id\":\"https:\/\/recover.lajunglebijoux.com\/es\/#website\"},\"datePublished\":\"2022-10-31T14:22:05+00:00\",\"dateModified\":\"2024-04-29T13:44:12+00:00\",\"description\":\"He aqu\u00ed algunos consejos y trucos de mantenimiento. Para que sus joyas tengan una larga vida, \u00a1o incluso una segunda!\",\"breadcrumb\":{\"@id\":\"http:\/\/recover.lajunglebijoux.com\/es\/consejos-mantenimiento\/#breadcrumb\"},\"inLanguage\":\"es\",\"potentialAction\":[{\"@type\":\"ReadAction\",\"target\":[\"http:\/\/recover.lajunglebijoux.com\/es\/consejos-mantenimiento\/\"]}]},{\"@type\":\"BreadcrumbList\",\"@id\":\"http:\/\/recover.lajunglebijoux.com\/es\/consejos-mantenimiento\/#breadcrumb\",\"itemListElement\":[{\"@type\":\"ListItem\",\"position\":1,\"name\":\"Portada\",\"item\":\"http:\/\/recover.lajunglebijoux.com\/es\/\"},{\"@type\":\"ListItem\",\"position\":2,\"name\":\"Consejos de mantenimiento\"}]},{\"@type\":\"WebSite\",\"@id\":\"https:\/\/recover.lajunglebijoux.com\/es\/#website\",\"url\":\"https:\/\/recover.lajunglebijoux.com\/es\/\",\"name\":\"La Jungle Bijoux\",\"description\":\"\",\"publisher\":{\"@id\":\"https:\/\/recover.lajunglebijoux.com\/es\/#organization\"},\"potentialAction\":[{\"@type\":\"SearchAction\",\"target\":{\"@type\":\"EntryPoint\",\"urlTemplate\":\"https:\/\/recover.lajunglebijoux.com\/es\/?s={search_term_string}\"},\"query-input\":\"required name=search_term_string\"}],\"inLanguage\":\"es\"},{\"@type\":\"Organization\",\"@id\":\"https:\/\/recover.lajunglebijoux.com\/es\/#organization\",\"name\":\"La Jungle Bijoux\",\"url\":\"https:\/\/recover.lajunglebijoux.com\/es\/\",\"logo\":{\"@type\":\"ImageObject\",\"inLanguage\":\"es\",\"@id\":\"https:\/\/recover.lajunglebijoux.com\/es\/#\/schema\/logo\/image\/\",\"url\":\"http:\/\/recover.lajunglebijoux.com\/wp-content\/uploads\/2023\/01\/LOGO-FINAL-Fonce.jpg\",\"contentUrl\":\"http:\/\/recover.lajunglebijoux.com\/wp-content\/uploads\/2023\/01\/LOGO-FINAL-Fonce.jpg\",\"width\":900,\"height\":900,\"caption\":\"La Jungle Bijoux\"},\"image\":{\"@id\":\"https:\/\/recover.lajunglebijoux.com\/es\/#\/schema\/logo\/image\/\"}}]}<\/script>\n<!-- \/ Yoast SEO plugin. -->","yoast_head_json":{"title":"Consejos de mantenimiento - La Jungle Bijoux","description":"He aqu\u00ed algunos consejos y trucos de mantenimiento. Para que sus joyas tengan una larga vida, \u00a1o incluso una segunda!","robots":{"index":"index","follow":"follow","max-snippet":"max-snippet:-1","max-image-preview":"max-image-preview:large","max-video-preview":"max-video-preview:-1"},"canonical":"http:\/\/recover.lajunglebijoux.com\/es\/consejos-mantenimiento\/","og_locale":"es_ES","og_type":"article","og_title":"Consejos de mantenimiento - La Jungle Bijoux","og_description":"He aqu\u00ed algunos consejos y trucos de mantenimiento. Para que sus joyas tengan una larga vida, \u00a1o incluso una segunda!","og_url":"http:\/\/recover.lajunglebijoux.com\/es\/consejos-mantenimiento\/","og_site_name":"La Jungle Bijoux","article_modified_time":"2024-04-29T13:44:12+00:00","twitter_card":"summary_large_image","twitter_misc":{"Tiempo de lectura":"1 minuto"},"schema":{"@context":"https:\/\/schema.org","@graph":[{"@type":"WebPage","@id":"http:\/\/recover.lajunglebijoux.com\/es\/consejos-mantenimiento\/","url":"http:\/\/recover.lajunglebijoux.com\/es\/consejos-mantenimiento\/","name":"Consejos de mantenimiento - La Jungle Bijoux","isPartOf":{"@id":"https:\/\/recover.lajunglebijoux.com\/es\/#website"},"datePublished":"2022-10-31T14:22:05+00:00","dateModified":"2024-04-29T13:44:12+00:00","description":"He aqu\u00ed algunos consejos y trucos de mantenimiento. Para que sus joyas tengan una larga vida, \u00a1o incluso una segunda!","breadcrumb":{"@id":"http:\/\/recover.lajunglebijoux.com\/es\/consejos-mantenimiento\/#breadcrumb"},"inLanguage":"es","potentialAction":[{"@type":"ReadAction","target":["http:\/\/recover.lajunglebijoux.com\/es\/consejos-mantenimiento\/"]}]},{"@type":"BreadcrumbList","@id":"http:\/\/recover.lajunglebijoux.com\/es\/consejos-mantenimiento\/#breadcrumb","itemListElement":[{"@type":"ListItem","position":1,"name":"Portada","item":"http:\/\/recover.lajunglebijoux.com\/es\/"},{"@type":"ListItem","position":2,"name":"Consejos de mantenimiento"}]},{"@type":"WebSite","@id":"https:\/\/recover.lajunglebijoux.com\/es\/#website","url":"https:\/\/recover.lajunglebijoux.com\/es\/","name":"La Jungle Bijoux","description":"","publisher":{"@id":"https:\/\/recover.lajunglebijoux.com\/es\/#organization"},"potentialAction":[{"@type":"SearchAction","target":{"@type":"EntryPoint","urlTemplate":"https:\/\/recover.lajunglebijoux.com\/es\/?s={search_term_string}"},"query-input":"required name=search_term_string"}],"inLanguage":"es"},{"@type":"Organization","@id":"https:\/\/recover.lajunglebijoux.com\/es\/#organization","name":"La Jungle Bijoux","url":"https:\/\/recover.lajunglebijoux.com\/es\/","logo":{"@type":"ImageObject","inLanguage":"es","@id":"https:\/\/recover.lajunglebijoux.com\/es\/#\/schema\/logo\/image\/","url":"http:\/\/recover.lajunglebijoux.com\/wp-content\/uploads\/2023\/01\/LOGO-FINAL-Fonce.jpg","contentUrl":"http:\/\/recover.lajunglebijoux.com\/wp-content\/uploads\/2023\/01\/LOGO-FINAL-Fonce.jpg","width":900,"height":900,"caption":"La Jungle Bijoux"},"image":{"@id":"https:\/\/recover.lajunglebijoux.com\/es\/#\/schema\/logo\/image\/"}}]}},"_links":{"self":[{"href":"http:\/\/recover.lajunglebijoux.com\/es\/wp-json\/wp\/v2\/pages\/12660","targetHints":{"allow":["GET"]}}],"collection":[{"href":"http:\/\/recover.lajunglebijoux.com\/es\/wp-json\/wp\/v2\/pages"}],"about":[{"href":"http:\/\/recover.lajunglebijoux.com\/es\/wp-json\/wp\/v2\/types\/page"}],"author":[{"embeddable":true,"href":"http:\/\/recover.lajunglebijoux.com\/es\/wp-json\/wp\/v2\/users\/2"}],"replies":[{"embeddable":true,"href":"http:\/\/recover.lajunglebijoux.com\/es\/wp-json\/wp\/v2\/comments?post=12660"}],"version-history":[{"count":1,"href":"http:\/\/recover.lajunglebijoux.com\/es\/wp-json\/wp\/v2\/pages\/12660\/revisions"}],"predecessor-version":[{"id":12662,"href":"http:\/\/recover.lajunglebijoux.com\/es\/wp-json\/wp\/v2\/pages\/12660\/revisions\/12662"}],"wp:attachment":[{"href":"http:\/\/recover.lajunglebijoux.com\/es\/wp-json\/wp\/v2\/media?parent=12660"}],"curies":[{"name":"wp","href":"https:\/\/api.w.org\/{rel}","templated":true}]}}