{"id":12655,"date":"2022-10-31T15:36:32","date_gmt":"2022-10-31T13:36:32","guid":{"rendered":"https:\/\/recover.lajunglebijoux.com\/garantie-bijoux\/"},"modified":"2024-04-29T13:35:34","modified_gmt":"2024-04-29T11:35:34","slug":"garantia-joyas","status":"publish","type":"page","link":"http:\/\/recover.lajunglebijoux.com\/es\/garantia-joyas\/","title":{"rendered":"Nuestras joyas con garant\u00eda"},"content":{"rendered":"\n<div id=\"\" class=\"page-header text_color_white block\">\n\n    \n    <div class=\"images \">\n                        <img class=\"show\" src='http:\/\/recover.lajunglebijoux.com\/wp-content\/uploads\/2022\/10\/banniere-bijoux-sous-garantie-1920x910.jpg'>\n                    <\/div>\n\n    <div class=\"image_overlay\"><\/div>\n\n    <div class=\"text\">\n        \n        <h1 style=\"text-align: center\"><span class=\"notion-enable-hover\" data-token-index=\"0\">Nuestras joyas con garant\u00eda<\/span><!-- notionvc: bd12b427-d5cc-4670-a0c0-88308cb58d89 --><\/h1>\n\n        \n    <\/div>\n\n<\/div>\n\n\r\n<div id=\"\" class=\"two-columns-free block\">\r\n\r\n    <div class=\"site_width cols \">\r\n\r\n        <div class=\"col left\">\r\n            <h2>Joyas resistentes, garantizadas por 6 meses.<\/h2>\n<p>\u00a1Nuestras joyas de lat\u00f3n ba\u00f1adas en oro fino o chapadas en oro que llevan <strong>la menci\u00f3n \u00abcon garant\u00eda\u00bb<\/strong> en la ficha de producto est\u00e1n <strong>garantizadas por 6 meses<\/strong>!<\/p>\n<h3>\u00bfPero qu\u00e9 garant\u00eda?<\/h3>\n<p>La garant\u00eda no cubre el desgaste normal, las joyas que han sufrido da\u00f1os debido a un error de manipulaci\u00f3n, un uso anormal o modificaciones intencionales.<\/p>\n<p>Nuestro taller ofrece reparaciones gratuitas solo para las joyas cubiertas por nuestra garant\u00eda de 6 meses.<\/p>\n<p>Hay que tener en cuenta que un ba\u00f1o de oro nunca permanece tan brillante y colorido como en el momento de la compra, sin embargo, si se vuelve notablemente opaco, si se descascara&#8230; en ese caso le ofreceremos un nuevo ba\u00f1o de oro gratuito.<\/p>\n<p>Algunos ejemplos de situaciones cubiertas por la garant\u00eda incluyen la rotura de un pasador de pendiente, la rotura de una soldadura, el desgaste del ba\u00f1o de oro, un anillo abierto&#8230;<\/p>\n<p>Para beneficiarse de este servicio, es obligatoria la presentaci\u00f3n de su justificante de compra.<\/p>\n<p><!-- notionvc: b81f8fbd-8ba9-4240-bf1e-037d99bb6881 --><\/p>\n                    <\/div>\r\n\r\n        <div class=\"col right\">\r\n            <p><img fetchpriority=\"high\" decoding=\"async\" fetchpriority=\"high\" class=\"alignnone wp-image-1881 size-full\" src=\"http:\/\/jkjpwtk.cluster026.hosting.ovh.net\/wp-content\/uploads\/2022\/10\/bijoux-sous-garantie.jpg\" alt=\"bijoux sous garantie La Jungle\" width=\"445\" height=\"663\" \/><\/p>\n                    <\/div>\r\n        \r\n    <\/div>\r\n\r\n<\/div>\n\n\r\n<div id=\"\" class=\"two-columns-free block\">\r\n\r\n    <div class=\"site_width cols \">\r\n\r\n        <div class=\"col left\">\r\n            <p><img decoding=\"async\" class=\"alignnone size-large wp-image-1759\" src=\"http:\/\/jkjpwtk.cluster026.hosting.ovh.net\/wp-content\/uploads\/2022\/09\/IMG_20220826_094855-1024x1024.jpg\" alt=\"\" width=\"1024\" height=\"1024\" srcset=\"http:\/\/recover.lajunglebijoux.com\/wp-content\/uploads\/2022\/09\/IMG_20220826_094855-1024x1024.jpg 1024w, http:\/\/recover.lajunglebijoux.com\/wp-content\/uploads\/2022\/09\/IMG_20220826_094855-600x600.jpg 600w, http:\/\/recover.lajunglebijoux.com\/wp-content\/uploads\/2022\/09\/IMG_20220826_094855-350x350.jpg 350w, http:\/\/recover.lajunglebijoux.com\/wp-content\/uploads\/2022\/09\/IMG_20220826_094855-1920x1920.jpg 1920w\" sizes=\"(max-width: 1024px) 100vw, 1024px\" \/><\/p>\n                    <\/div>\r\n\r\n        <div class=\"col right\">\r\n            <h2>\u200b\u00a1No te abandonamos una vez pasado este plazo!<\/h2>\n<p>De hecho, La Jungle te ofrece un servicio de reba\u00f1o de oro, as\u00ed como reparaciones completas para todas nuestras joyas (con garant\u00eda o sin ella).<\/p>\n<p>Las joyas de las colecciones de La Jungle siempre disfrutar\u00e1n de un precio ventajoso en estos servicios.<\/p>\n<p>El ba\u00f1o de oro o plata oscila entre 5\u20ac y 15\u20ac para las joyas de La Jungle y alrededor de 20\u20ac para cualquier otra joya.<\/p>\n<p>Entonces, \u00bfte ayudamos a que todo brille?<\/p>\n<p>Cont\u00e1ctame: <strong><a href=\"mailto:lajunglebijoux@gmail.com\">lajunglebijoux@gmail.com<\/a><\/strong><!-- notionvc: 0d3fcc63-35ba-4740-a395-a4b379efd399 --><\/p>\n                    <\/div>\r\n        \r\n    <\/div>\r\n\r\n<\/div>","protected":false},"excerpt":{"rendered":"","protected":false},"author":2,"featured_media":0,"parent":0,"menu_order":24,"comment_status":"closed","ping_status":"closed","template":"","meta":{"_acf_changed":false,"footnotes":""},"class_list":["post-12655","page","type-page","status-publish","hentry"],"acf":[],"yoast_head":"<!-- This site is optimized with the Yoast SEO plugin v23.3 - https:\/\/yoast.com\/wordpress\/plugins\/seo\/ -->\n<title>Nuestras joyas con garant\u00eda - La Jungle Bijoux<\/title>\n<meta name=\"description\" content=\"Los defectos de fabricaci\u00f3n existen, por lo que se beneficiar\u00e1 de una garant\u00eda de 6 meses. Puede encargar y lucir tus joyas con total confianza.\" \/>\n<meta name=\"robots\" content=\"index, follow, max-snippet:-1, max-image-preview:large, max-video-preview:-1\" \/>\n<link rel=\"canonical\" href=\"http:\/\/recover.lajunglebijoux.com\/es\/garantia-joyas\/\" \/>\n<meta property=\"og:locale\" content=\"es_ES\" \/>\n<meta property=\"og:type\" content=\"article\" \/>\n<meta property=\"og:title\" content=\"Nuestras joyas con garant\u00eda - La Jungle Bijoux\" \/>\n<meta property=\"og:description\" content=\"Los defectos de fabricaci\u00f3n existen, por lo que se beneficiar\u00e1 de una garant\u00eda de 6 meses. Puede encargar y lucir tus joyas con total confianza.\" \/>\n<meta property=\"og:url\" content=\"http:\/\/recover.lajunglebijoux.com\/es\/garantia-joyas\/\" \/>\n<meta property=\"og:site_name\" content=\"La Jungle Bijoux\" \/>\n<meta property=\"article:modified_time\" content=\"2024-04-29T11:35:34+00:00\" \/>\n<meta name=\"twitter:card\" content=\"summary_large_image\" \/>\n<script type=\"application\/ld+json\" class=\"yoast-schema-graph\">{\"@context\":\"https:\/\/schema.org\",\"@graph\":[{\"@type\":\"WebPage\",\"@id\":\"http:\/\/recover.lajunglebijoux.com\/es\/garantia-joyas\/\",\"url\":\"http:\/\/recover.lajunglebijoux.com\/es\/garantia-joyas\/\",\"name\":\"Nuestras joyas con garant\u00eda - La Jungle Bijoux\",\"isPartOf\":{\"@id\":\"https:\/\/recover.lajunglebijoux.com\/es\/#website\"},\"datePublished\":\"2022-10-31T13:36:32+00:00\",\"dateModified\":\"2024-04-29T11:35:34+00:00\",\"description\":\"Los defectos de fabricaci\u00f3n existen, por lo que se beneficiar\u00e1 de una garant\u00eda de 6 meses. Puede encargar y lucir tus joyas con total confianza.\",\"breadcrumb\":{\"@id\":\"http:\/\/recover.lajunglebijoux.com\/es\/garantia-joyas\/#breadcrumb\"},\"inLanguage\":\"es\",\"potentialAction\":[{\"@type\":\"ReadAction\",\"target\":[\"http:\/\/recover.lajunglebijoux.com\/es\/garantia-joyas\/\"]}]},{\"@type\":\"BreadcrumbList\",\"@id\":\"http:\/\/recover.lajunglebijoux.com\/es\/garantia-joyas\/#breadcrumb\",\"itemListElement\":[{\"@type\":\"ListItem\",\"position\":1,\"name\":\"Portada\",\"item\":\"http:\/\/recover.lajunglebijoux.com\/es\/\"},{\"@type\":\"ListItem\",\"position\":2,\"name\":\"Nuestras joyas con garant\u00eda\"}]},{\"@type\":\"WebSite\",\"@id\":\"https:\/\/recover.lajunglebijoux.com\/es\/#website\",\"url\":\"https:\/\/recover.lajunglebijoux.com\/es\/\",\"name\":\"La Jungle Bijoux\",\"description\":\"\",\"publisher\":{\"@id\":\"https:\/\/recover.lajunglebijoux.com\/es\/#organization\"},\"potentialAction\":[{\"@type\":\"SearchAction\",\"target\":{\"@type\":\"EntryPoint\",\"urlTemplate\":\"https:\/\/recover.lajunglebijoux.com\/es\/?s={search_term_string}\"},\"query-input\":\"required name=search_term_string\"}],\"inLanguage\":\"es\"},{\"@type\":\"Organization\",\"@id\":\"https:\/\/recover.lajunglebijoux.com\/es\/#organization\",\"name\":\"La Jungle Bijoux\",\"url\":\"https:\/\/recover.lajunglebijoux.com\/es\/\",\"logo\":{\"@type\":\"ImageObject\",\"inLanguage\":\"es\",\"@id\":\"https:\/\/recover.lajunglebijoux.com\/es\/#\/schema\/logo\/image\/\",\"url\":\"http:\/\/recover.lajunglebijoux.com\/wp-content\/uploads\/2023\/01\/LOGO-FINAL-Fonce.jpg\",\"contentUrl\":\"http:\/\/recover.lajunglebijoux.com\/wp-content\/uploads\/2023\/01\/LOGO-FINAL-Fonce.jpg\",\"width\":900,\"height\":900,\"caption\":\"La Jungle Bijoux\"},\"image\":{\"@id\":\"https:\/\/recover.lajunglebijoux.com\/es\/#\/schema\/logo\/image\/\"}}]}<\/script>\n<!-- \/ Yoast SEO plugin. -->","yoast_head_json":{"title":"Nuestras joyas con garant\u00eda - La Jungle Bijoux","description":"Los defectos de fabricaci\u00f3n existen, por lo que se beneficiar\u00e1 de una garant\u00eda de 6 meses. Puede encargar y lucir tus joyas con total confianza.","robots":{"index":"index","follow":"follow","max-snippet":"max-snippet:-1","max-image-preview":"max-image-preview:large","max-video-preview":"max-video-preview:-1"},"canonical":"http:\/\/recover.lajunglebijoux.com\/es\/garantia-joyas\/","og_locale":"es_ES","og_type":"article","og_title":"Nuestras joyas con garant\u00eda - La Jungle Bijoux","og_description":"Los defectos de fabricaci\u00f3n existen, por lo que se beneficiar\u00e1 de una garant\u00eda de 6 meses. Puede encargar y lucir tus joyas con total confianza.","og_url":"http:\/\/recover.lajunglebijoux.com\/es\/garantia-joyas\/","og_site_name":"La Jungle Bijoux","article_modified_time":"2024-04-29T11:35:34+00:00","twitter_card":"summary_large_image","schema":{"@context":"https:\/\/schema.org","@graph":[{"@type":"WebPage","@id":"http:\/\/recover.lajunglebijoux.com\/es\/garantia-joyas\/","url":"http:\/\/recover.lajunglebijoux.com\/es\/garantia-joyas\/","name":"Nuestras joyas con garant\u00eda - La Jungle Bijoux","isPartOf":{"@id":"https:\/\/recover.lajunglebijoux.com\/es\/#website"},"datePublished":"2022-10-31T13:36:32+00:00","dateModified":"2024-04-29T11:35:34+00:00","description":"Los defectos de fabricaci\u00f3n existen, por lo que se beneficiar\u00e1 de una garant\u00eda de 6 meses. Puede encargar y lucir tus joyas con total confianza.","breadcrumb":{"@id":"http:\/\/recover.lajunglebijoux.com\/es\/garantia-joyas\/#breadcrumb"},"inLanguage":"es","potentialAction":[{"@type":"ReadAction","target":["http:\/\/recover.lajunglebijoux.com\/es\/garantia-joyas\/"]}]},{"@type":"BreadcrumbList","@id":"http:\/\/recover.lajunglebijoux.com\/es\/garantia-joyas\/#breadcrumb","itemListElement":[{"@type":"ListItem","position":1,"name":"Portada","item":"http:\/\/recover.lajunglebijoux.com\/es\/"},{"@type":"ListItem","position":2,"name":"Nuestras joyas con garant\u00eda"}]},{"@type":"WebSite","@id":"https:\/\/recover.lajunglebijoux.com\/es\/#website","url":"https:\/\/recover.lajunglebijoux.com\/es\/","name":"La Jungle Bijoux","description":"","publisher":{"@id":"https:\/\/recover.lajunglebijoux.com\/es\/#organization"},"potentialAction":[{"@type":"SearchAction","target":{"@type":"EntryPoint","urlTemplate":"https:\/\/recover.lajunglebijoux.com\/es\/?s={search_term_string}"},"query-input":"required name=search_term_string"}],"inLanguage":"es"},{"@type":"Organization","@id":"https:\/\/recover.lajunglebijoux.com\/es\/#organization","name":"La Jungle Bijoux","url":"https:\/\/recover.lajunglebijoux.com\/es\/","logo":{"@type":"ImageObject","inLanguage":"es","@id":"https:\/\/recover.lajunglebijoux.com\/es\/#\/schema\/logo\/image\/","url":"http:\/\/recover.lajunglebijoux.com\/wp-content\/uploads\/2023\/01\/LOGO-FINAL-Fonce.jpg","contentUrl":"http:\/\/recover.lajunglebijoux.com\/wp-content\/uploads\/2023\/01\/LOGO-FINAL-Fonce.jpg","width":900,"height":900,"caption":"La Jungle Bijoux"},"image":{"@id":"https:\/\/recover.lajunglebijoux.com\/es\/#\/schema\/logo\/image\/"}}]}},"_links":{"self":[{"href":"http:\/\/recover.lajunglebijoux.com\/es\/wp-json\/wp\/v2\/pages\/12655","targetHints":{"allow":["GET"]}}],"collection":[{"href":"http:\/\/recover.lajunglebijoux.com\/es\/wp-json\/wp\/v2\/pages"}],"about":[{"href":"http:\/\/recover.lajunglebijoux.com\/es\/wp-json\/wp\/v2\/types\/page"}],"author":[{"embeddable":true,"href":"http:\/\/recover.lajunglebijoux.com\/es\/wp-json\/wp\/v2\/users\/2"}],"replies":[{"embeddable":true,"href":"http:\/\/recover.lajunglebijoux.com\/es\/wp-json\/wp\/v2\/comments?post=12655"}],"version-history":[{"count":1,"href":"http:\/\/recover.lajunglebijoux.com\/es\/wp-json\/wp\/v2\/pages\/12655\/revisions"}],"predecessor-version":[{"id":12657,"href":"http:\/\/recover.lajunglebijoux.com\/es\/wp-json\/wp\/v2\/pages\/12655\/revisions\/12657"}],"wp:attachment":[{"href":"http:\/\/recover.lajunglebijoux.com\/es\/wp-json\/wp\/v2\/media?parent=12655"}],"curies":[{"name":"wp","href":"https:\/\/api.w.org\/{rel}","templated":true}]}}